{"id":2311,"date":"2024-09-02T07:16:18","date_gmt":"2024-09-02T07:16:18","guid":{"rendered":"https:\/\/woitech.dk\/?page_id=2311"},"modified":"2025-10-10T15:07:35","modified_gmt":"2025-10-10T15:07:35","slug":"service-support","status":"publish","type":"page","link":"https:\/\/woitech.dk\/en\/service-support\/","title":{"rendered":"Service and Support"},"content":{"rendered":"<div class=\"wpb-content-wrapper\"><div class=\"vc_row wpb_row vc_row-fluid vc_column-gap-20 vc_row-o-content-middle vc_row-flex\"><div class=\"wpb_column vc_column_container vc_col-sm-6\"><div class=\"vc_column-inner\"><div class=\"wpb_wrapper\">\n\t<div class=\"wpb_text_column wpb_content_element\" >\n\t\t<div class=\"wpb_wrapper\">\n\t\t\t<h3>Operational Handover<\/h3>\n\n\t\t<\/div>\n\t<\/div>\n<div class=\"ult-spacer spacer-69e5fbf64e077\" data-id=\"69e5fbf64e077\" data-height=\"20\" data-height-mobile=\"20\" data-height-tab=\"20\" data-height-tab-portrait=\"\" data-height-mobile-landscape=\"\" style=\"clear:both;display:block;\"><\/div>\n\t<div class=\"wpb_text_column wpb_content_element\" >\n\t\t<div class=\"wpb_wrapper\">\n\t\t\t<p>At Woitech, we define clear, measurable, and function-based requirements from the very start of each project. These requirements are systematically followed through every phase \u2014 from design to execution and operation. This ensures consistent high quality and delivers solutions that create real value for the end user.<\/p>\n\n\t\t<\/div>\n\t<\/div>\n<\/div><\/div><\/div><div class=\"wpb_column vc_column_container vc_col-sm-6\"><div class=\"vc_column-inner\"><div class=\"wpb_wrapper\">\n\t<div  class=\"wpb_single_image wpb_content_element vc_align_center\">\n\t\t\n\t\t<figure class=\"wpb_wrapper vc_figure\">\n\t\t\t<div class=\"vc_single_image-wrapper   vc_box_border_grey\"><img loading=\"lazy\" decoding=\"async\" width=\"1920\" height=\"1080\" src=\"https:\/\/woitech.dk\/wp-content\/uploads\/2025\/04\/Timeline-1_01_00_28_00.jpg\" class=\"vc_single_image-img attachment-full\" alt=\"\" title=\"Timeline 1_01_00_28_00\" srcset=\"https:\/\/woitech.dk\/wp-content\/uploads\/2025\/04\/Timeline-1_01_00_28_00.jpg 1920w, https:\/\/woitech.dk\/wp-content\/uploads\/2025\/04\/Timeline-1_01_00_28_00-300x169.jpg 300w, https:\/\/woitech.dk\/wp-content\/uploads\/2025\/04\/Timeline-1_01_00_28_00-1024x576.jpg 1024w, https:\/\/woitech.dk\/wp-content\/uploads\/2025\/04\/Timeline-1_01_00_28_00-768x432.jpg 768w, https:\/\/woitech.dk\/wp-content\/uploads\/2025\/04\/Timeline-1_01_00_28_00-1536x864.jpg 1536w\" sizes=\"auto, (max-width: 1920px) 100vw, 1920px\"  data-dt-location=\"https:\/\/woitech.dk\/en\/timeline-1_01_00_28_00\/\" \/><\/div>\n\t\t<\/figure>\n\t<\/div>\n<\/div><\/div><\/div><\/div><div class=\"vc_row wpb_row vc_row-fluid\"><div class=\"wpb_column vc_column_container vc_col-sm-12\"><div class=\"vc_column-inner\"><div class=\"wpb_wrapper\"><div class=\"ult-spacer spacer-69e5fbf64e80e\" data-id=\"69e5fbf64e80e\" data-height=\"80\" data-height-mobile=\"80\" data-height-tab=\"80\" data-height-tab-portrait=\"\" data-height-mobile-landscape=\"\" style=\"clear:both;display:block;\"><\/div><\/div><\/div><\/div><\/div><div class=\"vc_row wpb_row vc_row-fluid vc_custom_1753951971682 vc_column-gap-20 vc_row-o-content-middle vc_row-flex\"><div class=\"wpb_column vc_column_container vc_col-sm-6\"><div class=\"vc_column-inner\"><div class=\"wpb_wrapper\">\n\t<div  class=\"wpb_single_image wpb_content_element vc_align_center\">\n\t\t\n\t\t<figure class=\"wpb_wrapper vc_figure\">\n\t\t\t<div class=\"vc_single_image-wrapper   vc_box_border_grey\"><img loading=\"lazy\" decoding=\"async\" width=\"870\" height=\"673\" src=\"https:\/\/woitech.dk\/wp-content\/uploads\/2024\/12\/ServiceLeft.png\" class=\"vc_single_image-img attachment-full\" alt=\"\" title=\"ServiceLeft\" srcset=\"https:\/\/woitech.dk\/wp-content\/uploads\/2024\/12\/ServiceLeft.png 870w, https:\/\/woitech.dk\/wp-content\/uploads\/2024\/12\/ServiceLeft-300x232.png 300w, https:\/\/woitech.dk\/wp-content\/uploads\/2024\/12\/ServiceLeft-768x594.png 768w\" sizes=\"auto, (max-width: 870px) 100vw, 870px\"  data-dt-location=\"https:\/\/woitech.dk\/en\/serviceleft\/\" \/><\/div>\n\t\t<\/figure>\n\t<\/div>\n<\/div><\/div><\/div><div class=\"wpb_column vc_column_container vc_col-sm-6\"><div class=\"vc_column-inner\"><div class=\"wpb_wrapper\">\n\t<div class=\"wpb_text_column wpb_content_element\" >\n\t\t<div class=\"wpb_wrapper\">\n\t\t\t<h3><strong><span style=\"color: #ffffff;\">Support<\/span><\/strong><\/h3>\n\n\t\t<\/div>\n\t<\/div>\n<div class=\"ult-spacer spacer-69e5fbf64ed03\" data-id=\"69e5fbf64ed03\" data-height=\"20\" data-height-mobile=\"20\" data-height-tab=\"20\" data-height-tab-portrait=\"\" data-height-mobile-landscape=\"\" style=\"clear:both;display:block;\"><\/div>\n\t<div class=\"wpb_text_column wpb_content_element\" >\n\t\t<div class=\"wpb_wrapper\">\n\t\t\t<p data-start=\"72\" data-end=\"368\"><strong><span style=\"color: #ffffff;\">Hos Woitech har vi en klar interesse i, at vores maskiner leverer h\u00f8j driftssikkerhed og maksimal oppetid. For at minimere nedetid ved eventuelle driftsstop tilbyder vi effektiv fjernsupport \u2013 lige fra telefonisk vejledning p\u00e5 enkelte\u00a0enheder til online fjernadgang p\u00e5 mere komplekse l\u00f8sninger.<\/span><\/strong><\/p>\n\n\t\t<\/div>\n\t<\/div>\n<div class=\"ult-spacer spacer-69e5fbf64ed8f\" data-id=\"69e5fbf64ed8f\" data-height=\"20\" data-height-mobile=\"20\" data-height-tab=\"20\" data-height-tab-portrait=\"\" data-height-mobile-landscape=\"\" style=\"clear:both;display:block;\"><\/div>\n\t<div class=\"wpb_text_column wpb_content_element\" >\n\t\t<div class=\"wpb_wrapper\">\n\t\t\t<p><strong><span style=\"color: #ffffff;\">If the issue cannot be resolved remotely, we make sure one of our skilled technicians is quickly on-site.<\/span><\/strong><\/p>\n\n\t\t<\/div>\n\t<\/div>\n<\/div><\/div><\/div><\/div><!-- Row Backgrounds --><div class=\"upb_bg_img\" data-ultimate-bg=\"url(https:\/\/woitech.dk\/wp-content\/uploads\/2025\/07\/fullscreen-copy.png)\" data-image-id=\"id^4384|url^https:\/\/woitech.dk\/wp-content\/uploads\/2025\/07\/fullscreen-copy.png|caption^null|alt^null|title^fullscreen copy|description^null\" data-ultimate-bg-style=\"vcpb-default\" data-bg-img-repeat=\"no-repeat\" data-bg-img-size=\"cover\" data-bg-img-position=\"\" data-parallx_sense=\"30\" data-bg-override=\"ex-full\" data-bg_img_attach=\"scroll\" data-upb-overlay-color=\"\" data-upb-bg-animation=\"\" data-fadeout=\"\" data-bg-animation=\"left-animation\" data-bg-animation-type=\"h\" data-animation-repeat=\"repeat\" data-fadeout-percentage=\"30\" data-parallax-content=\"\" data-parallax-content-sense=\"30\" data-row-effect-mobile-disable=\"true\" data-img-parallax-mobile-disable=\"true\" data-rtl=\"false\"  data-custom-vc-row=\"\"  data-vc=\"8.7.2\"  data-is_old_vc=\"\"  data-theme-support=\"\"   data-overlay=\"false\" data-overlay-color=\"\" data-overlay-pattern=\"\" data-overlay-pattern-opacity=\"\" data-overlay-pattern-size=\"\"    ><\/div><div class=\"vc_row wpb_row vc_row-fluid vc_custom_1754308208006 vc_column-gap-20 vc_row-o-content-middle vc_row-flex\"><div class=\"wpb_column vc_column_container vc_col-sm-6\"><div class=\"vc_column-inner\"><div class=\"wpb_wrapper\">\n\t<div class=\"wpb_text_column wpb_content_element\" >\n\t\t<div class=\"wpb_wrapper\">\n\t\t\t<h3>Service<\/h3>\n\n\t\t<\/div>\n\t<\/div>\n<div class=\"ult-spacer spacer-69e5fbf64f1c8\" data-id=\"69e5fbf64f1c8\" data-height=\"20\" data-height-mobile=\"20\" data-height-tab=\"20\" data-height-tab-portrait=\"\" data-height-mobile-landscape=\"\" style=\"clear:both;display:block;\"><\/div>\n\t<div class=\"wpb_text_column wpb_content_element\" >\n\t\t<div class=\"wpb_wrapper\">\n\t\t\t<p data-start=\"81\" data-end=\"536\">Regular maintenance is essential to ensure stable performance and maximum uptime. That\u2019s why we offer both fixed service agreements and on-demand maintenance. All maintenance is carried out in accordance with the manufacturer\u2019s guidelines \u2014 and we recommend leaving the responsibility to us. We plan, perform, and document all service at the correct intervals, ensuring compliance with all requirements and regulations. Every service is recorded and reported back to the customer.<\/p>\n\n\t\t<\/div>\n\t<\/div>\n<div class=\"ult-spacer spacer-69e5fbf64f24d\" data-id=\"69e5fbf64f24d\" data-height=\"20\" data-height-mobile=\"20\" data-height-tab=\"20\" data-height-tab-portrait=\"\" data-height-mobile-landscape=\"\" style=\"clear:both;display:block;\"><\/div>\n\t<div class=\"wpb_text_column wpb_content_element\" >\n\t\t<div class=\"wpb_wrapper\">\n\t\t\t<p>When serviced by Woitech, you can be confident that your machines are maintained by certified professionals, in full compliance with applicable standards and regulations.<\/p>\n\n\t\t<\/div>\n\t<\/div>\n<\/div><\/div><\/div><div class=\"wpb_column vc_column_container vc_col-sm-6\"><div class=\"vc_column-inner\"><div class=\"wpb_wrapper\">\n\t<div  class=\"wpb_single_image wpb_content_element vc_align_center\">\n\t\t\n\t\t<figure class=\"wpb_wrapper vc_figure\">\n\t\t\t<div class=\"vc_single_image-wrapper   vc_box_border_grey\"><img loading=\"lazy\" decoding=\"async\" width=\"873\" height=\"582\" src=\"https:\/\/woitech.dk\/wp-content\/uploads\/2024\/12\/ProjektStyringRight.png\" class=\"vc_single_image-img attachment-full\" alt=\"\" title=\"ProjektStyringRight\" srcset=\"https:\/\/woitech.dk\/wp-content\/uploads\/2024\/12\/ProjektStyringRight.png 873w, https:\/\/woitech.dk\/wp-content\/uploads\/2024\/12\/ProjektStyringRight-300x200.png 300w, https:\/\/woitech.dk\/wp-content\/uploads\/2024\/12\/ProjektStyringRight-768x512.png 768w\" sizes=\"auto, (max-width: 873px) 100vw, 873px\"  data-dt-location=\"https:\/\/woitech.dk\/en\/projektstyringright\/\" \/><\/div>\n\t\t<\/figure>\n\t<\/div>\n<\/div><\/div><\/div><\/div><div class=\"vc_row wpb_row vc_row-fluid\"><div class=\"wpb_column vc_column_container vc_col-sm-12\"><div class=\"vc_column-inner\"><div class=\"wpb_wrapper\"><div class=\"ult-spacer spacer-69e5fbf64f703\" data-id=\"69e5fbf64f703\" data-height=\"80\" data-height-mobile=\"80\" data-height-tab=\"80\" data-height-tab-portrait=\"\" data-height-mobile-landscape=\"\" style=\"clear:both;display:block;\"><\/div><\/div><\/div><\/div><\/div><div class=\"vc_row wpb_row vc_row-fluid vc_custom_1754308224738 vc_column-gap-20 vc_row-o-content-middle vc_row-flex\"><div class=\"wpb_column vc_column_container vc_col-sm-6\"><div class=\"vc_column-inner\"><div class=\"wpb_wrapper\">\n\t<div  class=\"wpb_single_image wpb_content_element vc_align_center\">\n\t\t\n\t\t<figure class=\"wpb_wrapper vc_figure\">\n\t\t\t<div class=\"vc_single_image-wrapper   vc_box_border_grey\"><img loading=\"lazy\" decoding=\"async\" width=\"2560\" height=\"1707\" src=\"https:\/\/woitech.dk\/wp-content\/uploads\/2025\/08\/DSC00006-scaled.jpg\" class=\"vc_single_image-img attachment-full\" alt=\"\" title=\"DSC00006\" srcset=\"https:\/\/woitech.dk\/wp-content\/uploads\/2025\/08\/DSC00006-scaled.jpg 2560w, https:\/\/woitech.dk\/wp-content\/uploads\/2025\/08\/DSC00006-300x200.jpg 300w, https:\/\/woitech.dk\/wp-content\/uploads\/2025\/08\/DSC00006-1024x683.jpg 1024w, https:\/\/woitech.dk\/wp-content\/uploads\/2025\/08\/DSC00006-768x512.jpg 768w, https:\/\/woitech.dk\/wp-content\/uploads\/2025\/08\/DSC00006-1536x1024.jpg 1536w, https:\/\/woitech.dk\/wp-content\/uploads\/2025\/08\/DSC00006-2048x1365.jpg 2048w\" sizes=\"auto, (max-width: 2560px) 100vw, 2560px\"  data-dt-location=\"https:\/\/woitech.dk\/en\/service-support\/dsc00006\/\" \/><\/div>\n\t\t<\/figure>\n\t<\/div>\n<\/div><\/div><\/div><div class=\"wpb_column vc_column_container vc_col-sm-6\"><div class=\"vc_column-inner\"><div class=\"wpb_wrapper\">\n\t<div class=\"wpb_text_column wpb_content_element\" >\n\t\t<div class=\"wpb_wrapper\">\n\t\t\t<h3><span style=\"color: #ffffff;\">Email<\/span><\/h3>\n\n\t\t<\/div>\n\t<\/div>\n\n\t<div class=\"wpb_text_column wpb_content_element\" >\n\t\t<div class=\"wpb_wrapper\">\n\t\t\t<p><span style=\"color: #ffffff;\">akw@woitech.dk<\/span><\/p>\n\n\t\t<\/div>\n\t<\/div>\n<div class=\"ult-spacer spacer-69e5fbf64fc6f\" data-id=\"69e5fbf64fc6f\" data-height=\"50\" data-height-mobile=\"50\" data-height-tab=\"50\" data-height-tab-portrait=\"\" data-height-mobile-landscape=\"\" style=\"clear:both;display:block;\"><\/div>\n\t<div class=\"wpb_text_column wpb_content_element\" >\n\t\t<div class=\"wpb_wrapper\">\n\t\t\t<h3><span style=\"color: #ffffff;\">Phone<\/span><\/h3>\n\n\t\t<\/div>\n\t<\/div>\n\n\t<div class=\"wpb_text_column wpb_content_element\" >\n\t\t<div class=\"wpb_wrapper\">\n\t\t\t<p><span style=\"color: #ffffff;\">+45 40 43 33 40<\/span><\/p>\n\n\t\t<\/div>\n\t<\/div>\n<\/div><\/div><\/div><\/div><!-- Row Backgrounds --><div class=\"upb_bg_img\" data-ultimate-bg=\"url(https:\/\/woitech.dk\/wp-content\/uploads\/2025\/07\/fullscreen-copy.png)\" data-image-id=\"id^4384|url^https:\/\/woitech.dk\/wp-content\/uploads\/2025\/07\/fullscreen-copy.png|caption^null|alt^null|title^fullscreen copy|description^null\" data-ultimate-bg-style=\"vcpb-default\" data-bg-img-repeat=\"no-repeat\" data-bg-img-size=\"cover\" data-bg-img-position=\"\" data-parallx_sense=\"30\" data-bg-override=\"ex-full\" data-bg_img_attach=\"scroll\" data-upb-overlay-color=\"\" data-upb-bg-animation=\"\" data-fadeout=\"\" data-bg-animation=\"left-animation\" data-bg-animation-type=\"h\" data-animation-repeat=\"repeat\" data-fadeout-percentage=\"30\" data-parallax-content=\"\" data-parallax-content-sense=\"30\" data-row-effect-mobile-disable=\"true\" data-img-parallax-mobile-disable=\"true\" data-rtl=\"false\"  data-custom-vc-row=\"\"  data-vc=\"8.7.2\"  data-is_old_vc=\"\"  data-theme-support=\"\"   data-overlay=\"false\" data-overlay-color=\"\" data-overlay-pattern=\"\" data-overlay-pattern-opacity=\"\" data-overlay-pattern-size=\"\"    ><\/div><div class=\"vc_row wpb_row vc_row-fluid vc_custom_1754995182799 vc_row-has-fill\"><div class=\"wpb_column vc_column_container vc_col-sm-12\"><div class=\"vc_column-inner\"><div class=\"wpb_wrapper\">\n\t<div class=\"wpb_text_column wpb_content_element  vc_custom_1760108810829\" >\n\t\t<div class=\"wpb_wrapper\">\n\t\t\t<h3 style=\"text-align: center;\">We are proud to work with<\/h3>\n\n\t\t<\/div>\n\t<\/div>\n\n\t\t\t<!-- START Samarbejdspartnere REVOLUTION SLIDER 6.7.18 --><p class=\"rs-p-wp-fix\"><\/p>\n\t\t\t<rs-module-wrap id=\"rev_slider_74_1_wrapper\" data-source=\"gallery\" style=\"visibility:hidden;background:transparent;padding:0;margin:0px auto;margin-top:0;margin-bottom:0;\">\n\t\t\t\t<rs-module id=\"rev_slider_74_1\" style=\"\" data-version=\"6.7.18\">\n\t\t\t\t\t<rs-slides style=\"overflow: hidden; position: absolute;\">\n\t\t\t\t\t\t<rs-slide style=\"position: absolute;\" data-key=\"rs-94\" data-title=\"Slide\" data-in=\"o:0;\" data-out=\"a:false;\">\n\t\t\t\t\t\t\t<img decoding=\"async\" src=\"\/\/woitech.dk\/wp-content\/plugins\/revslider\/sr6\/assets\/assets\/dummy.png\" alt=\"Slide\" title=\"Service and Support\" class=\"rev-slidebg tp-rs-img rs-lazyload\" data-lazyload=\"\/\/woitech.dk\/wp-content\/plugins\/revslider\/sr6\/assets\/assets\/transparent.png\" data-no-retina>\n<!--\n\t\t\t\t\t\t\t--><rs-layer\n\t\t\t\t\t\t\t\tid=\"slider-74-slide-94-layer-1\" \n\t\t\t\t\t\t\t\tdata-type=\"image\"\n\t\t\t\t\t\t\t\tdata-rsp_ch=\"on\"\n\t\t\t\t\t\t\t\tdata-xy=\"x:358px;y:c;yo:9px;\"\n\t\t\t\t\t\t\t\tdata-text=\"w:normal;\"\n\t\t\t\t\t\t\t\tdata-dim=\"w:257px;h:100px;\"\n\t\t\t\t\t\t\t\tdata-frame_999=\"o:0;st:w;\"\n\t\t\t\t\t\t\t\tstyle=\"z-index:13;\"\n\t\t\t\t\t\t\t><img decoding=\"async\" src=\"\/\/woitech.dk\/wp-content\/plugins\/revslider\/sr6\/assets\/assets\/dummy.png\" alt=\"\" class=\"tp-rs-img rs-lazyload\" width=\"298\" height=\"116\" data-lazyload=\"\/\/woitech.dk\/wp-content\/uploads\/2025\/04\/snaptun-fish-e1745484793221.png\" data-no-retina> \n\t\t\t\t\t\t\t<\/rs-layer><!--\n\n\t\t\t\t\t\t\t--><rs-layer\n\t\t\t\t\t\t\t\tid=\"slider-74-slide-94-layer-2\" \n\t\t\t\t\t\t\t\tdata-type=\"image\"\n\t\t\t\t\t\t\t\tdata-rsp_ch=\"on\"\n\t\t\t\t\t\t\t\tdata-xy=\"x:1639px;y:181px;\"\n\t\t\t\t\t\t\t\tdata-text=\"w:normal;\"\n\t\t\t\t\t\t\t\tdata-dim=\"w:115px;h:115px;\"\n\t\t\t\t\t\t\t\tdata-frame_999=\"o:0;st:w;\"\n\t\t\t\t\t\t\t\tstyle=\"z-index:14;\"\n\t\t\t\t\t\t\t><img decoding=\"async\" src=\"\/\/woitech.dk\/wp-content\/plugins\/revslider\/sr6\/assets\/assets\/dummy.png\" alt=\"\" class=\"tp-rs-img rs-lazyload\" width=\"512\" height=\"512\" data-lazyload=\"\/\/woitech.dk\/wp-content\/uploads\/2025\/04\/danepork.png\" data-no-retina> \n\t\t\t\t\t\t\t<\/rs-layer><!--\n\n\t\t\t\t\t\t\t--><rs-layer\n\t\t\t\t\t\t\t\tid=\"slider-74-slide-94-layer-6\" \n\t\t\t\t\t\t\t\tdata-type=\"shape\"\n\t\t\t\t\t\t\t\tdata-rsp_ch=\"on\"\n\t\t\t\t\t\t\t\tdata-xy=\"x:-261px;\"\n\t\t\t\t\t\t\t\tdata-text=\"w:normal;\"\n\t\t\t\t\t\t\t\tdata-dim=\"w:2292px;h:589px;\"\n\t\t\t\t\t\t\t\tdata-frame_999=\"o:0;st:w;\"\n\t\t\t\t\t\t\t\tstyle=\"z-index:6;background-color:#ffffff;\"\n\t\t\t\t\t\t\t> \n\t\t\t\t\t\t\t<\/rs-layer><!--\n\n\t\t\t\t\t\t\t--><rs-layer\n\t\t\t\t\t\t\t\tid=\"slider-74-slide-94-layer-7\" \n\t\t\t\t\t\t\t\tdata-type=\"image\"\n\t\t\t\t\t\t\t\tdata-rsp_ch=\"on\"\n\t\t\t\t\t\t\t\tdata-xy=\"x:-4px;y:11px;\"\n\t\t\t\t\t\t\t\tdata-text=\"w:normal;\"\n\t\t\t\t\t\t\t\tdata-dim=\"w:268px;h:100px;\"\n\t\t\t\t\t\t\t\tdata-frame_999=\"o:0;st:w;\"\n\t\t\t\t\t\t\t\tstyle=\"z-index:7;\"\n\t\t\t\t\t\t\t><img decoding=\"async\" src=\"\/\/woitech.dk\/wp-content\/plugins\/revslider\/sr6\/assets\/assets\/dummy.png\" alt=\"\" class=\"tp-rs-img rs-lazyload\" width=\"297\" height=\"111\" data-lazyload=\"\/\/woitech.dk\/wp-content\/uploads\/2024\/09\/Jarvis1.jpg\" data-no-retina> \n\t\t\t\t\t\t\t<\/rs-layer><!--\n\n\t\t\t\t\t\t\t--><rs-layer\n\t\t\t\t\t\t\t\tid=\"slider-74-slide-94-layer-8\" \n\t\t\t\t\t\t\t\tdata-type=\"image\"\n\t\t\t\t\t\t\t\tdata-rsp_ch=\"on\"\n\t\t\t\t\t\t\t\tdata-xy=\"x:c;y:20px;\"\n\t\t\t\t\t\t\t\tdata-text=\"w:normal;\"\n\t\t\t\t\t\t\t\tdata-dim=\"w:271px;h:100px;\"\n\t\t\t\t\t\t\t\tdata-frame_999=\"o:0;st:w;\"\n\t\t\t\t\t\t\t\tstyle=\"z-index:8;\"\n\t\t\t\t\t\t\t><img decoding=\"async\" src=\"\/\/woitech.dk\/wp-content\/plugins\/revslider\/sr6\/assets\/assets\/dummy.png\" alt=\"\" class=\"tp-rs-img rs-lazyload\" width=\"293\" height=\"108\" data-lazyload=\"\/\/woitech.dk\/wp-content\/uploads\/2024\/09\/DanishCrown.jpg\" data-no-retina> \n\t\t\t\t\t\t\t<\/rs-layer><!--\n\n\t\t\t\t\t\t\t--><rs-layer\n\t\t\t\t\t\t\t\tid=\"slider-74-slide-94-layer-9\" \n\t\t\t\t\t\t\t\tdata-type=\"image\"\n\t\t\t\t\t\t\t\tdata-rsp_ch=\"on\"\n\t\t\t\t\t\t\t\tdata-xy=\"x:1210px;y:c;yo:-10px;\"\n\t\t\t\t\t\t\t\tdata-text=\"w:normal;\"\n\t\t\t\t\t\t\t\tdata-dim=\"w:273px;h:100px;\"\n\t\t\t\t\t\t\t\tdata-frame_999=\"o:0;st:w;\"\n\t\t\t\t\t\t\t\tstyle=\"z-index:9;\"\n\t\t\t\t\t\t\t><img decoding=\"async\" src=\"\/\/woitech.dk\/wp-content\/plugins\/revslider\/sr6\/assets\/assets\/dummy.png\" alt=\"\" class=\"tp-rs-img rs-lazyload\" width=\"300\" height=\"110\" data-lazyload=\"\/\/woitech.dk\/wp-content\/uploads\/2024\/09\/Scape.jpg\" data-no-retina> \n\t\t\t\t\t\t\t<\/rs-layer><!--\n\n\t\t\t\t\t\t\t--><rs-layer\n\t\t\t\t\t\t\t\tid=\"slider-74-slide-94-layer-10\" \n\t\t\t\t\t\t\t\tdata-type=\"image\"\n\t\t\t\t\t\t\t\tdata-rsp_ch=\"on\"\n\t\t\t\t\t\t\t\tdata-xy=\"x:-10px;y:196px;\"\n\t\t\t\t\t\t\t\tdata-text=\"w:normal;\"\n\t\t\t\t\t\t\t\tdata-dim=\"w:269px;h:100px;\"\n\t\t\t\t\t\t\t\tdata-frame_999=\"o:0;st:w;\"\n\t\t\t\t\t\t\t\tstyle=\"z-index:10;\"\n\t\t\t\t\t\t\t><img decoding=\"async\" src=\"\/\/woitech.dk\/wp-content\/plugins\/revslider\/sr6\/assets\/assets\/dummy.png\" alt=\"\" class=\"tp-rs-img rs-lazyload\" width=\"299\" height=\"111\" data-lazyload=\"\/\/woitech.dk\/wp-content\/uploads\/2024\/09\/xTech.jpg\" data-no-retina> \n\t\t\t\t\t\t\t<\/rs-layer><!--\n\n\t\t\t\t\t\t\t--><rs-layer\n\t\t\t\t\t\t\t\tid=\"slider-74-slide-94-layer-11\" \n\t\t\t\t\t\t\t\tdata-type=\"image\"\n\t\t\t\t\t\t\t\tdata-rsp_ch=\"on\"\n\t\t\t\t\t\t\t\tdata-xy=\"x:c;y:192px;\"\n\t\t\t\t\t\t\t\tdata-text=\"w:normal;\"\n\t\t\t\t\t\t\t\tdata-dim=\"w:274px;h:100px;\"\n\t\t\t\t\t\t\t\tdata-frame_999=\"o:0;st:w;\"\n\t\t\t\t\t\t\t\tstyle=\"z-index:11;\"\n\t\t\t\t\t\t\t><img decoding=\"async\" src=\"\/\/woitech.dk\/wp-content\/plugins\/revslider\/sr6\/assets\/assets\/dummy.png\" alt=\"\" class=\"tp-rs-img rs-lazyload\" width=\"301\" height=\"110\" data-lazyload=\"\/\/woitech.dk\/wp-content\/uploads\/2024\/09\/DaTek.jpg\" data-no-retina> \n\t\t\t\t\t\t\t<\/rs-layer><!--\n\n\t\t\t\t\t\t\t--><rs-layer\n\t\t\t\t\t\t\t\tid=\"slider-74-slide-94-layer-12\" \n\t\t\t\t\t\t\t\tdata-type=\"image\"\n\t\t\t\t\t\t\t\tdata-rsp_ch=\"on\"\n\t\t\t\t\t\t\t\tdata-xy=\"x:r;xo:1px;y:9px;\"\n\t\t\t\t\t\t\t\tdata-text=\"w:normal;\"\n\t\t\t\t\t\t\t\tdata-dim=\"w:313px;h:115px;\"\n\t\t\t\t\t\t\t\tdata-frame_999=\"o:0;st:w;\"\n\t\t\t\t\t\t\t\tstyle=\"z-index:12;\"\n\t\t\t\t\t\t\t><img decoding=\"async\" src=\"\/\/woitech.dk\/wp-content\/plugins\/revslider\/sr6\/assets\/assets\/dummy.png\" alt=\"\" class=\"tp-rs-img rs-lazyload\" width=\"302\" height=\"111\" data-lazyload=\"\/\/woitech.dk\/wp-content\/uploads\/2024\/09\/WestFleisch.jpg\" data-no-retina> \n\t\t\t\t\t\t\t<\/rs-layer><!--\n-->\t\t\t\t\t<\/rs-slide>\n\t\t\t\t\t<\/rs-slides>\n\t\t\t\t<\/rs-module>\n\t\t\t\t<script>\n\t\t\t\t\tsetREVStartSize({c: 'rev_slider_74_1',rl:[1240,1024,778,480],el:[300],gw:[1840],gh:[300],type:'hero',justify:'',layout:'fullwidth',mh:\"0\"});if (window.RS_MODULES!==undefined && window.RS_MODULES.modules!==undefined && window.RS_MODULES.modules[\"revslider741\"]!==undefined) {window.RS_MODULES.modules[\"revslider741\"].once = false;window.revapi74 = undefined;if (window.RS_MODULES.checkMinimal!==undefined) window.RS_MODULES.checkMinimal()}\n\t\t\t\t<\/script>\n\t\t\t<\/rs-module-wrap>\n\t\t\t<!-- END REVOLUTION SLIDER -->\n<\/div><\/div><\/div><\/div><!-- Row Backgrounds --><div class=\"upb_color\" data-bg-override=\"ex-full\" data-bg-color=\"#FFFFFF\" data-fadeout=\"\" data-fadeout-percentage=\"30\" data-parallax-content=\"\" data-parallax-content-sense=\"30\" data-row-effect-mobile-disable=\"true\" data-img-parallax-mobile-disable=\"true\" data-rtl=\"false\"  data-custom-vc-row=\"\"  data-vc=\"8.7.2\"  data-is_old_vc=\"\"  data-theme-support=\"\"   data-overlay=\"false\" data-overlay-color=\"\" data-overlay-pattern=\"\" data-overlay-pattern-opacity=\"\" data-overlay-pattern-size=\"\"    ><\/div><div class=\"vc_row wpb_row vc_row-fluid vc_custom_1754563888589 vc_row-o-content-middle vc_row-flex\"><div class=\"wpb_column vc_column_container vc_col-sm-12\"><div class=\"vc_column-inner\"><div class=\"wpb_wrapper\">\n\t<div class=\"wpb_text_column wpb_content_element  vc_custom_1759927769147\" >\n\t\t<div class=\"wpb_wrapper\">\n\t\t\t<h3 style=\"text-align: center;\"><span style=\"color: #ffffff;\">Do you want to hear more about how we can optimize your production?<\/span><\/h3>\n\n\t\t<\/div>\n\t<\/div>\n<style type=\"text\/css\" data-type=\"the7_shortcodes-inline-css\">#default-btn-f3f707a4af9c7dc64a3e912f94d8de45 {\n  border-radius: 3px;\n  font-size: 18px;\n  line-height: 20px;\n}\n.btn-shadow#default-btn-f3f707a4af9c7dc64a3e912f94d8de45 {\n  box-shadow: 0 1px 6px rgba(0,0,0,0.12);\n  transition: box-shadow 0.2s ease-out, opacity 0.45s;\n}\n.btn-shadow#default-btn-f3f707a4af9c7dc64a3e912f94d8de45:hover {\n  box-shadow: 0 5px 11px 0 rgba(0,0,0,0.18), 0 4px 15px 0 rgba(0,0,0,0.15);\n}\n.btn-3d#default-btn-f3f707a4af9c7dc64a3e912f94d8de45 {\n  box-shadow: 0px 2px 0px 0px #6a6250;\n}\n.btn-3d#default-btn-f3f707a4af9c7dc64a3e912f94d8de45:hover {\n  box-shadow: 0px 2px 0px 0px #423e32;\n}\n.btn-flat#default-btn-f3f707a4af9c7dc64a3e912f94d8de45 {\n  box-shadow: none;\n}\n.btn-flat#default-btn-f3f707a4af9c7dc64a3e912f94d8de45:hover {\n  box-shadow: none;\n}\n#default-btn-f3f707a4af9c7dc64a3e912f94d8de45.ico-right-side > i {\n  margin-right: 0px;\n  margin-left: 8px;\n}\n#default-btn-f3f707a4af9c7dc64a3e912f94d8de45 > i {\n  margin-right: 8px;\n  font-size: 25px;\n}\n#default-btn-f3f707a4af9c7dc64a3e912f94d8de45:not(:hover) {\n  border-width: 0px;\n  color: #ffffff;\n  background: #a58d52 !important;\n  padding: 25px 45px 25px 45px;\n}\n#default-btn-f3f707a4af9c7dc64a3e912f94d8de45:not(:hover) * {\n  color: #ffffff;\n}\n#default-btn-f3f707a4af9c7dc64a3e912f94d8de45:hover {\n  border-width: 0px;\n  color: #ffffff;\n  background: #77663b !important;\n  padding: 25px 45px 25px 45px;\n}\n#default-btn-f3f707a4af9c7dc64a3e912f94d8de45:hover * {\n  color: #ffffff;\n}\n#default-btn-f3f707a4af9c7dc64a3e912f94d8de45.ico-right-side > i {\n  margin-right: 0px;\n  margin-left: 8px;\n}\n#default-btn-f3f707a4af9c7dc64a3e912f94d8de45 > i {\n  margin-right: 8px;\n}\n<\/style><div class=\"btn-align-center\"><a href=\"https:\/\/woitech.dk\/en\/kontakt\/\" class=\"default-btn-shortcode dt-btn link-hover-off btn-shadow\" id=\"default-btn-f3f707a4af9c7dc64a3e912f94d8de45\" title=\"Contact\"><span>Book a non-binding meeting here!<\/span><\/a><\/div><\/div><\/div><\/div><\/div><!-- Row Backgrounds --><div class=\"upb_color\" data-bg-override=\"ex-full\" data-bg-color=\"#36415D\" data-fadeout=\"\" data-fadeout-percentage=\"30\" data-parallax-content=\"\" data-parallax-content-sense=\"30\" data-row-effect-mobile-disable=\"true\" data-img-parallax-mobile-disable=\"true\" data-rtl=\"false\"  data-custom-vc-row=\"\"  data-vc=\"8.7.2\"  data-is_old_vc=\"\"  data-theme-support=\"\"   data-overlay=\"false\" data-overlay-color=\"\" data-overlay-pattern=\"\" data-overlay-pattern-opacity=\"\" data-overlay-pattern-size=\"\"    ><\/div>\n<\/div>","protected":false},"excerpt":{"rendered":"<p>Overdragelse af drift Hos Woitech opstiller vi fra projektets start klare, m\u00e5lbare og funktionsbaserede krav. Disse krav f\u00f8lges systematisk op gennem alle projektets faser \u2013 fra projektering og udf\u00f8relse til drift. P\u00e5 den m\u00e5de sikrer vi h\u00f8j kvalitet hele vejen og leverer l\u00f8sninger, der skaber reel v\u00e6rdi for slutbrugeren. Support Hos Woitech har vi en&hellip;<\/p>","protected":false},"author":2,"featured_media":0,"parent":0,"menu_order":0,"comment_status":"closed","ping_status":"closed","template":"","meta":{"footnotes":""},"categories":[],"tags":[],"class_list":["post-2311","page","type-page","status-publish","hentry","description-off"],"_links":{"self":[{"href":"https:\/\/woitech.dk\/en\/wp-json\/wp\/v2\/pages\/2311","targetHints":{"allow":["GET"]}}],"collection":[{"href":"https:\/\/woitech.dk\/en\/wp-json\/wp\/v2\/pages"}],"about":[{"href":"https:\/\/woitech.dk\/en\/wp-json\/wp\/v2\/types\/page"}],"author":[{"embeddable":true,"href":"https:\/\/woitech.dk\/en\/wp-json\/wp\/v2\/users\/2"}],"replies":[{"embeddable":true,"href":"https:\/\/woitech.dk\/en\/wp-json\/wp\/v2\/comments?post=2311"}],"version-history":[{"count":57,"href":"https:\/\/woitech.dk\/en\/wp-json\/wp\/v2\/pages\/2311\/revisions"}],"predecessor-version":[{"id":5757,"href":"https:\/\/woitech.dk\/en\/wp-json\/wp\/v2\/pages\/2311\/revisions\/5757"}],"wp:attachment":[{"href":"https:\/\/woitech.dk\/en\/wp-json\/wp\/v2\/media?parent=2311"}],"wp:term":[{"taxonomy":"category","embeddable":true,"href":"https:\/\/woitech.dk\/en\/wp-json\/wp\/v2\/categories?post=2311"},{"taxonomy":"post_tag","embeddable":true,"href":"https:\/\/woitech.dk\/en\/wp-json\/wp\/v2\/tags?post=2311"}],"curies":[{"name":"wp","href":"https:\/\/api.w.org\/{rel}","templated":true}]}}