{"id":2483,"date":"2024-09-13T07:13:19","date_gmt":"2024-09-13T07:13:19","guid":{"rendered":"https:\/\/woitech.dk\/?page_id=2483"},"modified":"2025-08-24T14:19:21","modified_gmt":"2025-08-24T14:19:21","slug":"vertikal-slicer","status":"publish","type":"page","link":"https:\/\/woitech.dk\/en\/vertikal-slicer\/","title":{"rendered":"Vertikal slicer"},"content":{"rendered":"<div class=\"wpb-content-wrapper\"><div class=\"vc_row wpb_row vc_row-fluid vc_custom_1756039360696 vc_row-has-fill vc_column-gap-20 vc_row-o-content-middle vc_row-flex\"><div class=\"wpb_column vc_column_container vc_col-sm-12\"><div class=\"vc_column-inner\"><div class=\"wpb_wrapper\">\n\t<div class=\"wpb_text_column wpb_content_element  vc_custom_1755257368384\" >\n\t\t<div class=\"wpb_wrapper\">\n\t\t\t<h2><span style=\"color: #ffffff;\">Efficient slicing with high precision<\/span><\/h2>\n\n\t\t<\/div>\n\t<\/div>\n<div class=\"smile_icon_list_wrap ult_info_list_container ult-adjust-bottom-margin\"><ul class=\"smile_icon_list left circle with_bg\"><li class=\"icon_list_item\" style=\" font-size:30px;\"><div class=\"icon_list_icon\" data-animation=\"\" data-animation-delay=\"03\" style=\"font-size:10px;border-width:1px;border-style:none;background:#A58D52;color:#ffffff;border-color:#333333;\"><i class=\"icomoon-the7-font-the7-arrow-07\" ><\/i><\/div><div class=\"icon_description\" id=\"Info-list-wrap-9095\" style=\"font-size:10px;\"><h3 class=\"ult-responsive info-list-heading\"  data-ultimate-target='#Info-list-wrap-9095 h3'  data-responsive-json-new='{\"font-size\":\"desktop:20px;\",\"line-height\":\"desktop:24px;\"}'  style=\"color:#ffffff;\">Four rotating loaders for high capacity per rotation<\/h3><div class=\"icon_description_text ult-responsive\"  data-ultimate-target='#Info-list-wrap-9095 .icon_description_text'  data-responsive-json-new='{\"font-size\":\"desktop:13px;\",\"line-height\":\"desktop:18px;\"}'  style=\"\"><\/div><\/div><div class=\"icon_list_connector\"  style=\"border: none !important;\"><\/div><\/li><li class=\"icon_list_item\" style=\" font-size:30px;\"><div class=\"icon_list_icon\" data-animation=\"\" data-animation-delay=\"03\" style=\"font-size:10px;border-width:1px;border-style:none;background:#A58D52;color:#ffffff;border-color:#333333;\"><i class=\"icomoon-the7-font-the7-arrow-07\" ><\/i><\/div><div class=\"icon_description\" id=\"Info-list-wrap-7984\" style=\"font-size:10px;\"><h3 class=\"ult-responsive info-list-heading\"  data-ultimate-target='#Info-list-wrap-7984 h3'  data-responsive-json-new='{\"font-size\":\"desktop:20px;\",\"line-height\":\"desktop:24px;\"}'  style=\"color:#ffffff;\">Electrically adjustable cutting thickness for consistent slicing (0 \u00b0C to \u221210 \u00b0C)<\/h3><div class=\"icon_description_text ult-responsive\"  data-ultimate-target='#Info-list-wrap-7984 .icon_description_text'  data-responsive-json-new='{\"font-size\":\"desktop:13px;\",\"line-height\":\"desktop:18px;\"}'  style=\"\"><\/div><\/div><div class=\"icon_list_connector\"  style=\"border: none !important;\"><\/div><\/li><li class=\"icon_list_item\" style=\" font-size:30px;\"><div class=\"icon_list_icon\" data-animation=\"\" data-animation-delay=\"03\" style=\"font-size:10px;border-width:1px;border-style:none;background:#A58D52;color:#ffffff;border-color:#333333;\"><i class=\"icomoon-the7-font-the7-arrow-07\" ><\/i><\/div><div class=\"icon_description\" id=\"Info-list-wrap-3888\" style=\"font-size:10px;\"><h3 class=\"ult-responsive info-list-heading\"  data-ultimate-target='#Info-list-wrap-3888 h3'  data-responsive-json-new='{\"font-size\":\"desktop:20px;\",\"line-height\":\"desktop:24px;\"}'  style=\"color:#ffffff;\">IP69K safety barriers with stainless steel and heated resistors<\/h3><div class=\"icon_description_text ult-responsive\"  data-ultimate-target='#Info-list-wrap-3888 .icon_description_text'  data-responsive-json-new='{\"font-size\":\"desktop:13px;\",\"line-height\":\"desktop:18px;\"}'  style=\"\"><\/div><\/div><div class=\"icon_list_connector\"  style=\"border: none !important;\"><\/div><\/li><li class=\"icon_list_item\" style=\" font-size:30px;\"><div class=\"icon_list_icon\" data-animation=\"\" data-animation-delay=\"03\" style=\"font-size:10px;border-width:1px;border-style:none;background:#A58D52;color:#ffffff;border-color:#333333;\"><i class=\"icomoon-the7-font-the7-arrow-07\" ><\/i><\/div><div class=\"icon_description\" id=\"Info-list-wrap-5045\" style=\"font-size:10px;\"><h3 class=\"ult-responsive info-list-heading\"  data-ultimate-target='#Info-list-wrap-5045 h3'  data-responsive-json-new='{\"font-size\":\"desktop:20px;\",\"line-height\":\"desktop:24px;\"}'  style=\"color:#ffffff;\">Electronic variable-speed drives for saw, rotator and conveyor belt<\/h3><div class=\"icon_description_text ult-responsive\"  data-ultimate-target='#Info-list-wrap-5045 .icon_description_text'  data-responsive-json-new='{\"font-size\":\"desktop:13px;\",\"line-height\":\"desktop:18px;\"}'  style=\"\"><\/div><\/div><div class=\"icon_list_connector\"  style=\"border: none !important;\"><\/div><\/li><li class=\"icon_list_item\" style=\" font-size:30px;\"><div class=\"icon_list_icon\" data-animation=\"\" data-animation-delay=\"03\" style=\"font-size:10px;border-width:1px;border-style:none;background:#A58D52;color:#ffffff;border-color:#333333;\"><i class=\"icomoon-the7-font-the7-arrow-07\" ><\/i><\/div><div class=\"icon_description\" id=\"Info-list-wrap-1242\" style=\"font-size:10px;\"><h3 class=\"ult-responsive info-list-heading\"  data-ultimate-target='#Info-list-wrap-1242 h3'  data-responsive-json-new='{\"font-size\":\"desktop:20px;\",\"line-height\":\"desktop:24px;\"}'  style=\"color:#ffffff;\">Construction in stainless steel and food-approved plastic \u2013 easy to clean<\/h3><div class=\"icon_description_text ult-responsive\"  data-ultimate-target='#Info-list-wrap-1242 .icon_description_text'  data-responsive-json-new='{\"font-size\":\"desktop:13px;\",\"line-height\":\"desktop:18px;\"}'  style=\"\"><\/div><\/div><div class=\"icon_list_connector\"  style=\"border: none !important;\"><\/div><\/li><\/ul><\/div>\n\t<div  class=\"wpb_single_image wpb_content_element vc_align_center  vc_custom_1755257498392\">\n\t\t\n\t\t<figure class=\"wpb_wrapper vc_figure\">\n\t\t\t<a href=\"https:\/\/woitech.dk\/wp-content\/uploads\/2025\/08\/7.-CORTADORA-VERTICAL-CV4-scaled.jpg\" target=\"_self\" data-large_image_width=\"1707\" data-large_image_height=\"2560\"  class=\"vc_single_image-wrapper   vc_box_border_grey dt-pswp-item rollover rollover-zoom\"   ><img decoding=\"async\" class=\"vc_single_image-img\" src=\"https:\/\/woitech.dk\/wp-content\/uploads\/2025\/08\/7.-CORTADORA-VERTICAL-CV4-scaled-800x400.jpg\" width=\"800\" height=\"400\" alt=\"7. CORTADORA VERTICAL CV4\" title=\"7. CORTADORA VERTICAL CV4\" loading=\"lazy\"  data-dt-location=\"https:\/\/woitech.dk\/en\/7-cortadora-vertical-cv4\/\" \/><\/a>\n\t\t<\/figure>\n\t<\/div>\n<section class=\"vc_cta3-container\"><div class=\"vc_general vc_do_cta3 vc_cta3 vc_cta3-style-outline vc_cta3-shape-rounded vc_cta3-align-left vc_cta3-color-classic vc_cta3-icon-size-md vc_cta3-actions-bottom vc_custom_1756044717667\"><div class=\"vc_cta3_content-container\"><div class=\"vc_cta3-content\"><header class=\"vc_cta3-content-header\"><\/header><h4>CV-4 is developed for precise and efficient cutting of deboned products \u2013 both fresh and frozen. With adjustable speed and cutting thickness, the machine delivers uniform results in weight, shape, and finish. The automatic rotating loader and product fixation ensure high capacity and minimal manual effort. The machine is fully food-safe, easy to clean, and built in stainless steel \u2013 ready to deliver stable performance in demanding environments.<\/h4>\n<\/div><div class=\"vc_cta3-actions\"><div class=\"vc_btn3-container vc_btn3-left\" ><a onmouseleave=\"this.style.borderColor='#A58D52'; this.style.backgroundColor='transparent'; this.style.color='#A58D52'\" onmouseenter=\"this.style.borderColor='#77663B'; this.style.backgroundColor='#77663B'; this.style.color='#fff';\" style=\"border-color:#A58D52; color:#A58D52;\" class=\"vc_general vc_btn3 vc_btn3-size-sm vc_btn3-shape-rounded vc_btn3-style-outline-custom\" href=\"https:\/\/woitech.dk\/en\/kontakt\/\" title=\"Contact\">Contact us for a quote<\/a><\/div><\/div><\/div><\/div><\/section><\/div><\/div><\/div><\/div><!-- Row Backgrounds --><div class=\"upb_bg_img\" data-ultimate-bg=\"url(https:\/\/woitech.dk\/wp-content\/uploads\/2025\/07\/fullscreen-copy.png)\" data-image-id=\"id^4384|url^https:\/\/woitech.dk\/wp-content\/uploads\/2025\/07\/fullscreen-copy.png|caption^null|alt^null|title^fullscreen copy|description^null\" data-ultimate-bg-style=\"vcpb-default\" data-bg-img-repeat=\"no-repeat\" data-bg-img-size=\"cover\" data-bg-img-position=\"\" data-parallx_sense=\"30\" data-bg-override=\"0\" data-bg_img_attach=\"scroll\" data-upb-overlay-color=\"\" data-upb-bg-animation=\"\" data-fadeout=\"\" data-bg-animation=\"left-animation\" data-bg-animation-type=\"h\" data-animation-repeat=\"repeat\" data-fadeout-percentage=\"30\" data-parallax-content=\"\" data-parallax-content-sense=\"30\" data-row-effect-mobile-disable=\"true\" data-img-parallax-mobile-disable=\"true\" data-rtl=\"false\"  data-custom-vc-row=\"\"  data-vc=\"8.7.2\"  data-is_old_vc=\"\"  data-theme-support=\"\"   data-overlay=\"false\" data-overlay-color=\"\" data-overlay-pattern=\"\" data-overlay-pattern-opacity=\"\" data-overlay-pattern-size=\"\"     data-hide-row=\" uvc_hidden-lg  uvc_hidden-ml  uvc_hidden-md  uvc_hidden-sm \" ><\/div><div class=\"vc_row wpb_row vc_row-fluid vc_custom_1756039438361 vc_row-has-fill vc_column-gap-20 vc_row-o-content-middle vc_row-flex\"><div class=\"wpb_column vc_column_container vc_col-sm-12\"><div class=\"vc_column-inner vc_custom_1754560089447\"><div class=\"wpb_wrapper\">\n\t<div class=\"wpb_text_column wpb_content_element  vc_custom_1755257368384\" >\n\t\t<div class=\"wpb_wrapper\">\n\t\t\t<h2><span style=\"color: #ffffff;\">Efficient slicing with high precision<\/span><\/h2>\n\n\t\t<\/div>\n\t<\/div>\n<div class=\"vc_row wpb_row vc_inner vc_row-fluid\"><div class=\"wpb_column vc_column_container vc_col-sm-6\"><div class=\"vc_column-inner\"><div class=\"wpb_wrapper\"><div class=\"smile_icon_list_wrap ult_info_list_container ult-adjust-bottom-margin\"><ul class=\"smile_icon_list left circle with_bg\"><li class=\"icon_list_item\" style=\" font-size:45px;\"><div class=\"icon_list_icon\" data-animation=\"\" data-animation-delay=\"03\" style=\"font-size:15px;border-width:1px;border-style:none;background:#A58D52;color:#ffffff;border-color:#333333;\"><i class=\"icomoon-the7-font-the7-arrow-07\" ><\/i><\/div><div class=\"icon_description\" id=\"Info-list-wrap-7565\" style=\"font-size:15px;\"><h3 class=\"ult-responsive info-list-heading\"  data-ultimate-target='#Info-list-wrap-7565 h3'  data-responsive-json-new='{\"font-size\":\"desktop:20px;\",\"line-height\":\"desktop:24px;\"}'  style=\"color:#ffffff;\">Four rotating loaders for high capacity per rotation<\/h3><div class=\"icon_description_text ult-responsive\"  data-ultimate-target='#Info-list-wrap-7565 .icon_description_text'  data-responsive-json-new='{\"font-size\":\"desktop:13px;\",\"line-height\":\"desktop:18px;\"}'  style=\"\"><\/div><\/div><div class=\"icon_list_connector\"  style=\"border: none !important;\"><\/div><\/li><li class=\"icon_list_item\" style=\" font-size:45px;\"><div class=\"icon_list_icon\" data-animation=\"\" data-animation-delay=\"03\" style=\"font-size:15px;border-width:1px;border-style:none;background:#A58D52;color:#ffffff;border-color:#333333;\"><i class=\"icomoon-the7-font-the7-arrow-07\" ><\/i><\/div><div class=\"icon_description\" id=\"Info-list-wrap-9798\" style=\"font-size:15px;\"><h3 class=\"ult-responsive info-list-heading\"  data-ultimate-target='#Info-list-wrap-9798 h3'  data-responsive-json-new='{\"font-size\":\"desktop:20px;\",\"line-height\":\"desktop:24px;\"}'  style=\"color:#ffffff;\">Electrically adjustable cutting thickness for consistent slicing (0 \u00b0C to \u221210 \u00b0C)<\/h3><div class=\"icon_description_text ult-responsive\"  data-ultimate-target='#Info-list-wrap-9798 .icon_description_text'  data-responsive-json-new='{\"font-size\":\"desktop:13px;\",\"line-height\":\"desktop:18px;\"}'  style=\"\"><\/div><\/div><div class=\"icon_list_connector\"  style=\"border: none !important;\"><\/div><\/li><li class=\"icon_list_item\" style=\" font-size:45px;\"><div class=\"icon_list_icon\" data-animation=\"\" data-animation-delay=\"03\" style=\"font-size:15px;border-width:1px;border-style:none;background:#A58D52;color:#ffffff;border-color:#333333;\"><i class=\"icomoon-the7-font-the7-arrow-07\" ><\/i><\/div><div class=\"icon_description\" id=\"Info-list-wrap-3152\" style=\"font-size:15px;\"><h3 class=\"ult-responsive info-list-heading\"  data-ultimate-target='#Info-list-wrap-3152 h3'  data-responsive-json-new='{\"font-size\":\"desktop:20px;\",\"line-height\":\"desktop:24px;\"}'  style=\"color:#ffffff;\">IP69K safety barriers with stainless steel and heated resistors<\/h3><div class=\"icon_description_text ult-responsive\"  data-ultimate-target='#Info-list-wrap-3152 .icon_description_text'  data-responsive-json-new='{\"font-size\":\"desktop:13px;\",\"line-height\":\"desktop:18px;\"}'  style=\"\"><\/div><\/div><div class=\"icon_list_connector\"  style=\"border: none !important;\"><\/div><\/li><li class=\"icon_list_item\" style=\" font-size:45px;\"><div class=\"icon_list_icon\" data-animation=\"\" data-animation-delay=\"03\" style=\"font-size:15px;border-width:1px;border-style:none;background:#A58D52;color:#ffffff;border-color:#333333;\"><i class=\"icomoon-the7-font-the7-arrow-07\" ><\/i><\/div><div class=\"icon_description\" id=\"Info-list-wrap-5492\" style=\"font-size:15px;\"><h3 class=\"ult-responsive info-list-heading\"  data-ultimate-target='#Info-list-wrap-5492 h3'  data-responsive-json-new='{\"font-size\":\"desktop:20px;\",\"line-height\":\"desktop:24px;\"}'  style=\"color:#ffffff;\">Electronic variable-speed drives for saw, rotator and conveyor belt<\/h3><div class=\"icon_description_text ult-responsive\"  data-ultimate-target='#Info-list-wrap-5492 .icon_description_text'  data-responsive-json-new='{\"font-size\":\"desktop:13px;\",\"line-height\":\"desktop:18px;\"}'  style=\"\"><\/div><\/div><div class=\"icon_list_connector\"  style=\"border: none !important;\"><\/div><\/li><li class=\"icon_list_item\" style=\" font-size:45px;\"><div class=\"icon_list_icon\" data-animation=\"\" data-animation-delay=\"03\" style=\"font-size:15px;border-width:1px;border-style:none;background:#A58D52;color:#ffffff;border-color:#333333;\"><i class=\"icomoon-the7-font-the7-arrow-07\" ><\/i><\/div><div class=\"icon_description\" id=\"Info-list-wrap-4425\" style=\"font-size:15px;\"><h3 class=\"ult-responsive info-list-heading\"  data-ultimate-target='#Info-list-wrap-4425 h3'  data-responsive-json-new='{\"font-size\":\"desktop:20px;\",\"line-height\":\"desktop:24px;\"}'  style=\"color:#ffffff;\">Construction in stainless steel and food-approved plastic \u2013 easy to clean<\/h3><div class=\"icon_description_text ult-responsive\"  data-ultimate-target='#Info-list-wrap-4425 .icon_description_text'  data-responsive-json-new='{\"font-size\":\"desktop:13px;\",\"line-height\":\"desktop:18px;\"}'  style=\"\"><\/div><\/div><div class=\"icon_list_connector\"  style=\"border: none !important;\"><\/div><\/li><\/ul><\/div><\/div><\/div><\/div><div class=\"wpb_column vc_column_container vc_col-sm-6\"><div class=\"vc_column-inner\"><div class=\"wpb_wrapper\">\n\t<div  class=\"wpb_single_image wpb_content_element vc_align_center  vc_custom_1755257498392\">\n\t\t\n\t\t<figure class=\"wpb_wrapper vc_figure\">\n\t\t\t<a href=\"https:\/\/woitech.dk\/wp-content\/uploads\/2025\/08\/7.-CORTADORA-VERTICAL-CV4-scaled.jpg\" target=\"_self\" data-large_image_width=\"1707\" data-large_image_height=\"2560\"  class=\"vc_single_image-wrapper   vc_box_border_grey dt-pswp-item rollover rollover-zoom\"   ><img decoding=\"async\" class=\"vc_single_image-img\" src=\"https:\/\/woitech.dk\/wp-content\/uploads\/2025\/08\/7.-CORTADORA-VERTICAL-CV4-scaled-800x400.jpg\" width=\"800\" height=\"400\" alt=\"7. CORTADORA VERTICAL CV4\" title=\"7. CORTADORA VERTICAL CV4\" loading=\"lazy\"  data-dt-location=\"https:\/\/woitech.dk\/en\/7-cortadora-vertical-cv4\/\" \/><\/a>\n\t\t<\/figure>\n\t<\/div>\n<section class=\"vc_cta3-container\"><div class=\"vc_general vc_do_cta3 vc_cta3 vc_cta3-style-outline vc_cta3-shape-rounded vc_cta3-align-left vc_cta3-color-classic vc_cta3-icon-size-md vc_cta3-actions-bottom vc_custom_1755257471716\"><div class=\"vc_cta3_content-container\"><div class=\"vc_cta3-content\"><header class=\"vc_cta3-content-header\"><\/header><h4>CV-4 is developed for precise and efficient cutting of deboned products \u2013 both fresh and frozen. With adjustable speed and cutting thickness, the machine delivers uniform results in weight, shape, and finish. The automatic rotating loader and product fixation ensure high capacity and minimal manual effort. The machine is fully food-safe, easy to clean, and built in stainless steel \u2013 ready to deliver stable performance in demanding environments.<\/h4>\n<\/div><div class=\"vc_cta3-actions\"><div class=\"vc_btn3-container vc_btn3-left\" ><a onmouseleave=\"this.style.borderColor='#A58D52'; this.style.backgroundColor='transparent'; this.style.color='#A58D52'\" onmouseenter=\"this.style.borderColor='#77663B'; this.style.backgroundColor='#77663B'; this.style.color='#fff';\" style=\"border-color:#A58D52; color:#A58D52;\" class=\"vc_general vc_btn3 vc_btn3-size-lg vc_btn3-shape-rounded vc_btn3-style-outline-custom\" href=\"https:\/\/woitech.dk\/en\/kontakt\/\" title=\"Contact\">Contact us for a quote<\/a><\/div><\/div><\/div><\/div><\/section><\/div><\/div><\/div><\/div><\/div><\/div><\/div><\/div><!-- Row Backgrounds --><div class=\"upb_bg_img\" data-ultimate-bg=\"url(https:\/\/woitech.dk\/wp-content\/uploads\/2025\/07\/fullscreen-copy.png)\" data-image-id=\"id^4384|url^https:\/\/woitech.dk\/wp-content\/uploads\/2025\/07\/fullscreen-copy.png|caption^null|alt^null|title^fullscreen copy|description^null\" data-ultimate-bg-style=\"vcpb-default\" data-bg-img-repeat=\"no-repeat\" data-bg-img-size=\"cover\" data-bg-img-position=\"\" data-parallx_sense=\"30\" data-bg-override=\"0\" data-bg_img_attach=\"scroll\" data-upb-overlay-color=\"\" data-upb-bg-animation=\"\" data-fadeout=\"\" data-bg-animation=\"left-animation\" data-bg-animation-type=\"h\" data-animation-repeat=\"repeat\" data-fadeout-percentage=\"30\" data-parallax-content=\"\" data-parallax-content-sense=\"30\" data-row-effect-mobile-disable=\"true\" data-img-parallax-mobile-disable=\"true\" data-rtl=\"false\"  data-custom-vc-row=\"\"  data-vc=\"8.7.2\"  data-is_old_vc=\"\"  data-theme-support=\"\"   data-overlay=\"false\" data-overlay-color=\"\" data-overlay-pattern=\"\" data-overlay-pattern-opacity=\"\" data-overlay-pattern-size=\"\"     data-hide-row=\" uvc_hidden-xs  uvc_hidden-xsl \" ><\/div><div class=\"vc_row wpb_row vc_row-fluid\"><div class=\"wpb_column vc_column_container vc_col-sm-12\"><div class=\"vc_column-inner\"><div class=\"wpb_wrapper\"><div class=\"ult-spacer spacer-69e3186b6ef98\" data-id=\"69e3186b6ef98\" data-height=\"75\" data-height-mobile=\"30\" data-height-tab=\"65\" data-height-tab-portrait=\"50\" data-height-mobile-landscape=\"30\" style=\"clear:both;display:block;\"><\/div><\/div><\/div><\/div><\/div><div class=\"vc_row wpb_row vc_row-fluid vc_custom_1754563888589 vc_row-o-content-middle vc_row-flex\"><div class=\"wpb_column vc_column_container vc_col-sm-12\"><div class=\"vc_column-inner\"><div class=\"wpb_wrapper\">\n\t<div class=\"wpb_text_column wpb_content_element  vc_custom_1755259868240\" >\n\t\t<div class=\"wpb_wrapper\">\n\t\t\t<h2 style=\"text-align: center;\"><span style=\"color: #ffffff;\">Do you want to hear more about how we can optimize your production?<\/span><\/h2>\n\n\t\t<\/div>\n\t<\/div>\n<style type=\"text\/css\" data-type=\"the7_shortcodes-inline-css\">#default-btn-36dca6e9b3604831c6bf9816bf6e0930 {\n  border-radius: 3px;\n  font-size: 25px;\n  line-height: 27px;\n}\n.btn-shadow#default-btn-36dca6e9b3604831c6bf9816bf6e0930 {\n  box-shadow: 0 1px 6px rgba(0,0,0,0.12);\n  transition: box-shadow 0.2s ease-out, opacity 0.45s;\n}\n.btn-shadow#default-btn-36dca6e9b3604831c6bf9816bf6e0930:hover {\n  box-shadow: 0 5px 11px 0 rgba(0,0,0,0.18), 0 4px 15px 0 rgba(0,0,0,0.15);\n}\n.btn-3d#default-btn-36dca6e9b3604831c6bf9816bf6e0930 {\n  box-shadow: 0px 2px 0px 0px #6a6250;\n}\n.btn-3d#default-btn-36dca6e9b3604831c6bf9816bf6e0930:hover {\n  box-shadow: 0px 2px 0px 0px #423e32;\n}\n.btn-flat#default-btn-36dca6e9b3604831c6bf9816bf6e0930 {\n  box-shadow: none;\n}\n.btn-flat#default-btn-36dca6e9b3604831c6bf9816bf6e0930:hover {\n  box-shadow: none;\n}\n#default-btn-36dca6e9b3604831c6bf9816bf6e0930.ico-right-side > i {\n  margin-right: 0px;\n  margin-left: 8px;\n}\n#default-btn-36dca6e9b3604831c6bf9816bf6e0930 > i {\n  margin-right: 8px;\n  font-size: 25px;\n}\n#default-btn-36dca6e9b3604831c6bf9816bf6e0930:not(:hover) {\n  border-width: 0px;\n  color: #ffffff;\n  background: #a58d52 !important;\n  padding: 25px 45px 25px 45px;\n}\n#default-btn-36dca6e9b3604831c6bf9816bf6e0930:not(:hover) * {\n  color: #ffffff;\n}\n#default-btn-36dca6e9b3604831c6bf9816bf6e0930:hover {\n  border-width: 0px;\n  color: #ffffff;\n  background: #77663b !important;\n  padding: 25px 45px 25px 45px;\n}\n#default-btn-36dca6e9b3604831c6bf9816bf6e0930:hover * {\n  color: #ffffff;\n}\n#default-btn-36dca6e9b3604831c6bf9816bf6e0930.ico-right-side > i {\n  margin-right: 0px;\n  margin-left: 8px;\n}\n#default-btn-36dca6e9b3604831c6bf9816bf6e0930 > i {\n  margin-right: 8px;\n}\n<\/style><div class=\"btn-align-center\"><a href=\"https:\/\/woitech.dk\/en\/kontakt\/\" class=\"default-btn-shortcode dt-btn link-hover-off btn-shadow\" id=\"default-btn-36dca6e9b3604831c6bf9816bf6e0930\" title=\"Contact\"><span>Book a non-binding meeting here!<\/span><\/a><\/div><\/div><\/div><\/div><\/div><!-- Row Backgrounds --><div class=\"upb_color\" data-bg-override=\"ex-full\" data-bg-color=\"#36415D\" data-fadeout=\"\" data-fadeout-percentage=\"30\" data-parallax-content=\"\" data-parallax-content-sense=\"30\" data-row-effect-mobile-disable=\"true\" data-img-parallax-mobile-disable=\"true\" data-rtl=\"false\"  data-custom-vc-row=\"\"  data-vc=\"8.7.2\"  data-is_old_vc=\"\"  data-theme-support=\"\"   data-overlay=\"false\" data-overlay-color=\"\" data-overlay-pattern=\"\" data-overlay-pattern-opacity=\"\" data-overlay-pattern-size=\"\"    ><\/div>\n<\/div>","protected":false},"excerpt":{"rendered":"<p>Effektiv slicing med h\u00f8j pr\u00e6cision Fire roterende l\u00e6sserl\u00e6ssere for h\u00f8j kapacitet pr. omdrejningElektrisk justerbar sk\u00e6retykkelse for ensartet snit (0\u202f\u00b0C til \u201310\u202f\u00b0C)IP69K\u2011sikkerhedsbarrierer med rustfrit st\u00e5l og opvarmede modstandeElektroniske variabel-hastighedsdrev til sav, rotator og transportb\u00e5ndKonstruktion i rustfrit st\u00e5l og f\u00f8devaregodkendt plast \u2013 nem at reng\u00f8re CV-4 er udviklet til pr\u00e6cis og effektiv sk\u00e6ring af udbenede produkter \u2013&hellip;<\/p>","protected":false},"author":2,"featured_media":2945,"parent":0,"menu_order":0,"comment_status":"closed","ping_status":"closed","template":"","meta":{"footnotes":""},"categories":[29],"tags":[31],"class_list":["post-2483","page","type-page","status-publish","has-post-thumbnail","hentry","category-produkter","tag-mainali","description-off"],"_links":{"self":[{"href":"https:\/\/woitech.dk\/en\/wp-json\/wp\/v2\/pages\/2483","targetHints":{"allow":["GET"]}}],"collection":[{"href":"https:\/\/woitech.dk\/en\/wp-json\/wp\/v2\/pages"}],"about":[{"href":"https:\/\/woitech.dk\/en\/wp-json\/wp\/v2\/types\/page"}],"author":[{"embeddable":true,"href":"https:\/\/woitech.dk\/en\/wp-json\/wp\/v2\/users\/2"}],"replies":[{"embeddable":true,"href":"https:\/\/woitech.dk\/en\/wp-json\/wp\/v2\/comments?post=2483"}],"version-history":[{"count":30,"href":"https:\/\/woitech.dk\/en\/wp-json\/wp\/v2\/pages\/2483\/revisions"}],"predecessor-version":[{"id":5581,"href":"https:\/\/woitech.dk\/en\/wp-json\/wp\/v2\/pages\/2483\/revisions\/5581"}],"wp:featuredmedia":[{"embeddable":true,"href":"https:\/\/woitech.dk\/en\/wp-json\/wp\/v2\/media\/2945"}],"wp:attachment":[{"href":"https:\/\/woitech.dk\/en\/wp-json\/wp\/v2\/media?parent=2483"}],"wp:term":[{"taxonomy":"category","embeddable":true,"href":"https:\/\/woitech.dk\/en\/wp-json\/wp\/v2\/categories?post=2483"},{"taxonomy":"post_tag","embeddable":true,"href":"https:\/\/woitech.dk\/en\/wp-json\/wp\/v2\/tags?post=2483"}],"curies":[{"name":"wp","href":"https:\/\/api.w.org\/{rel}","templated":true}]}}