{"id":2485,"date":"2024-09-13T07:14:11","date_gmt":"2024-09-13T07:14:11","guid":{"rendered":"https:\/\/woitech.dk\/?page_id=2485"},"modified":"2025-10-10T08:46:30","modified_gmt":"2025-10-10T08:46:30","slug":"multi-splitsav","status":"publish","type":"page","link":"https:\/\/woitech.dk\/en\/multi-splitsav\/","title":{"rendered":"Multi Split Saw"},"content":{"rendered":"<div class=\"wpb-content-wrapper\"><div class=\"vc_row wpb_row vc_row-fluid vc_custom_1756036949023 vc_row-has-fill vc_column-gap-20 vc_row-o-content-middle vc_row-flex\"><div class=\"wpb_column vc_column_container vc_col-sm-12\"><div class=\"vc_column-inner\"><div class=\"wpb_wrapper\">\n\t<div class=\"wpb_text_column wpb_content_element  vc_custom_1755256474651\" >\n\t\t<div class=\"wpb_wrapper\">\n\t\t\t<h2><span style=\"color: #ffffff;\">Efficient longitudinal cutting \u2013 compact and safe<\/span><\/h2>\n\n\t\t<\/div>\n\t<\/div>\n<div class=\"smile_icon_list_wrap ult_info_list_container ult-adjust-bottom-margin\"><ul class=\"smile_icon_list left circle with_bg\"><li class=\"icon_list_item\" style=\" font-size:30px;\"><div class=\"icon_list_icon\" data-animation=\"\" data-animation-delay=\"03\" style=\"font-size:10px;border-width:1px;border-style:none;background:#A58D52;color:#ffffff;border-color:#333333;\"><i class=\"icomoon-the7-font-the7-arrow-07\" ><\/i><\/div><div class=\"icon_description\" id=\"Info-list-wrap-3713\" style=\"font-size:10px;\"><div class=\"icon_description_text ult-responsive\"  data-ultimate-target='#Info-list-wrap-3713 .icon_description_text'  data-responsive-json-new='{\"font-size\":\"desktop:13px;\",\"line-height\":\"desktop:18px;\"}'  style=\"\"><p><span style=\"color: #ffffff;\"><strong>Laser scanning enables precise cutting to a fixed weight or thickness<\/strong><\/span><\/p>\n<\/div><\/div><div class=\"icon_list_connector\"  style=\"border: none !important;\"><\/div><\/li><li class=\"icon_list_item\" style=\" font-size:30px;\"><div class=\"icon_list_icon\" data-animation=\"\" data-animation-delay=\"03\" style=\"font-size:10px;border-width:1px;border-style:none;background:#A58D52;color:#ffffff;border-color:#333333;\"><i class=\"icomoon-the7-font-the7-arrow-07\" ><\/i><\/div><div class=\"icon_description\" id=\"Info-list-wrap-5579\" style=\"font-size:10px;\"><div class=\"icon_description_text ult-responsive\"  data-ultimate-target='#Info-list-wrap-5579 .icon_description_text'  data-responsive-json-new='{\"font-size\":\"desktop:13px;\",\"line-height\":\"desktop:18px;\"}'  style=\"\"><p><span style=\"color: #ffffff;\"><strong>Electronic control of all key parameters \u2013 weight, speed, height, air pressure, etc.<\/strong><\/span><\/p>\n<\/div><\/div><div class=\"icon_list_connector\"  style=\"border: none !important;\"><\/div><\/li><li class=\"icon_list_item\" style=\" font-size:30px;\"><div class=\"icon_list_icon\" data-animation=\"\" data-animation-delay=\"03\" style=\"font-size:10px;border-width:1px;border-style:none;background:#A58D52;color:#ffffff;border-color:#333333;\"><i class=\"icomoon-the7-font-the7-arrow-07\" ><\/i><\/div><div class=\"icon_description\" id=\"Info-list-wrap-7325\" style=\"font-size:10px;\"><div class=\"icon_description_text ult-responsive\"  data-ultimate-target='#Info-list-wrap-7325 .icon_description_text'  data-responsive-json-new='{\"font-size\":\"desktop:13px;\",\"line-height\":\"desktop:18px;\"}'  style=\"\"><p><span style=\"color: #ffffff;\"><strong>Patented dual-cutting system significantly increases production capacity<\/strong><\/span><\/p>\n<\/div><\/div><div class=\"icon_list_connector\"  style=\"border: none !important;\"><\/div><\/li><li class=\"icon_list_item\" style=\" font-size:30px;\"><div class=\"icon_list_icon\" data-animation=\"\" data-animation-delay=\"03\" style=\"font-size:10px;border-width:1px;border-style:none;background:#A58D52;color:#ffffff;border-color:#333333;\"><i class=\"icomoon-the7-font-the7-arrow-07\" ><\/i><\/div><div class=\"icon_description\" id=\"Info-list-wrap-5703\" style=\"font-size:10px;\"><div class=\"icon_description_text ult-responsive\"  data-ultimate-target='#Info-list-wrap-5703 .icon_description_text'  data-responsive-json-new='{\"font-size\":\"desktop:13px;\",\"line-height\":\"desktop:18px;\"}'  style=\"\"><p><span style=\"color: #ffffff;\"><strong>QPS safety system with IP69K safety beam and saw protection<\/strong><\/span><\/p>\n<\/div><\/div><div class=\"icon_list_connector\"  style=\"border: none !important;\"><\/div><\/li><li class=\"icon_list_item\" style=\" font-size:30px;\"><div class=\"icon_list_icon\" data-animation=\"\" data-animation-delay=\"03\" style=\"font-size:10px;border-width:1px;border-style:none;background:#A58D52;color:#ffffff;border-color:#333333;\"><i class=\"icomoon-the7-font-the7-arrow-07\" ><\/i><\/div><div class=\"icon_description\" id=\"Info-list-wrap-2431\" style=\"font-size:10px;\"><div class=\"icon_description_text ult-responsive\"  data-ultimate-target='#Info-list-wrap-2431 .icon_description_text'  data-responsive-json-new='{\"font-size\":\"desktop:13px;\",\"line-height\":\"desktop:18px;\"}'  style=\"\"><p><strong><span style=\"color: #ffffff;\">12 kW power, 1800 kg weight, 3100\u00d71900\u00d72029 mm in a compact format<\/span><\/strong><\/p>\n<\/div><\/div><div class=\"icon_list_connector\"  style=\"border: none !important;\"><\/div><\/li><\/ul><\/div>\n\t<div class=\"wpb_raw_code wpb_raw_html wpb_content_element\" >\n\t\t<div class=\"wpb_wrapper\">\n\t\t\t<video width=\"800\" height=\"400\" autoplay muted playsinline loop controls>\n  <source src=\"https:\/\/woitech.dk\/wp-content\/uploads\/2025\/08\/MULTISPLITTER-SAW.mp4\" type=\"video\/mp4\">\n<\/video>\n\t\t<\/div>\n\t<\/div>\n<\/div><\/div><\/div><\/div><!-- Row Backgrounds --><div class=\"upb_bg_img\" data-ultimate-bg=\"url(https:\/\/woitech.dk\/wp-content\/uploads\/2025\/07\/fullscreen-copy.png)\" data-image-id=\"id^4384|url^https:\/\/woitech.dk\/wp-content\/uploads\/2025\/07\/fullscreen-copy.png|caption^null|alt^null|title^fullscreen copy|description^null\" data-ultimate-bg-style=\"vcpb-default\" data-bg-img-repeat=\"no-repeat\" data-bg-img-size=\"cover\" data-bg-img-position=\"\" data-parallx_sense=\"30\" data-bg-override=\"0\" data-bg_img_attach=\"scroll\" data-upb-overlay-color=\"\" data-upb-bg-animation=\"\" data-fadeout=\"\" data-bg-animation=\"left-animation\" data-bg-animation-type=\"h\" data-animation-repeat=\"repeat\" data-fadeout-percentage=\"30\" data-parallax-content=\"\" data-parallax-content-sense=\"30\" data-row-effect-mobile-disable=\"true\" data-img-parallax-mobile-disable=\"true\" data-rtl=\"false\"  data-custom-vc-row=\"\"  data-vc=\"8.7.2\"  data-is_old_vc=\"\"  data-theme-support=\"\"   data-overlay=\"false\" data-overlay-color=\"\" data-overlay-pattern=\"\" data-overlay-pattern-opacity=\"\" data-overlay-pattern-size=\"\"     data-hide-row=\" uvc_hidden-lg  uvc_hidden-ml  uvc_hidden-md  uvc_hidden-sm \" ><\/div><div class=\"vc_row wpb_row vc_row-fluid vc_custom_1756036917821 vc_row-has-fill vc_column-gap-20 vc_row-o-content-middle vc_row-flex\"><div class=\"wpb_column vc_column_container vc_col-sm-12\"><div class=\"vc_column-inner vc_custom_1754560089447\"><div class=\"wpb_wrapper\">\n\t<div class=\"wpb_text_column wpb_content_element  vc_custom_1755256474651\" >\n\t\t<div class=\"wpb_wrapper\">\n\t\t\t<h2><span style=\"color: #ffffff;\">Efficient longitudinal cutting \u2013 compact and safe<\/span><\/h2>\n\n\t\t<\/div>\n\t<\/div>\n<div class=\"vc_row wpb_row vc_inner vc_row-fluid\"><div class=\"wpb_column vc_column_container vc_col-sm-6\"><div class=\"vc_column-inner\"><div class=\"wpb_wrapper\"><div class=\"smile_icon_list_wrap ult_info_list_container ult-adjust-bottom-margin\"><ul class=\"smile_icon_list left circle with_bg\"><li class=\"icon_list_item\" style=\" font-size:45px;\"><div class=\"icon_list_icon\" data-animation=\"\" data-animation-delay=\"03\" style=\"font-size:15px;border-width:1px;border-style:none;background:#A58D52;color:#ffffff;border-color:#333333;\"><i class=\"icomoon-the7-font-the7-arrow-07\" ><\/i><\/div><div class=\"icon_description\" id=\"Info-list-wrap-1134\" style=\"font-size:15px;\"><div class=\"icon_description_text ult-responsive\"  data-ultimate-target='#Info-list-wrap-1134 .icon_description_text'  data-responsive-json-new='{\"font-size\":\"desktop:13px;\",\"line-height\":\"desktop:18px;\"}'  style=\"\"><p><span style=\"color: #ffffff;\"><strong>Laser scanning enables precise cutting to a fixed weight or thickness<\/strong><\/span><\/p>\n<\/div><\/div><div class=\"icon_list_connector\"  style=\"border: none !important;\"><\/div><\/li><li class=\"icon_list_item\" style=\" font-size:45px;\"><div class=\"icon_list_icon\" data-animation=\"\" data-animation-delay=\"03\" style=\"font-size:15px;border-width:1px;border-style:none;background:#A58D52;color:#ffffff;border-color:#333333;\"><i class=\"icomoon-the7-font-the7-arrow-07\" ><\/i><\/div><div class=\"icon_description\" id=\"Info-list-wrap-3309\" style=\"font-size:15px;\"><div class=\"icon_description_text ult-responsive\"  data-ultimate-target='#Info-list-wrap-3309 .icon_description_text'  data-responsive-json-new='{\"font-size\":\"desktop:13px;\",\"line-height\":\"desktop:18px;\"}'  style=\"\"><p><span style=\"color: #ffffff;\"><strong>Electronic control of all key parameters \u2013 weight, speed, height, air pressure, etc.<\/strong><\/span><\/p>\n<\/div><\/div><div class=\"icon_list_connector\"  style=\"border: none !important;\"><\/div><\/li><li class=\"icon_list_item\" style=\" font-size:45px;\"><div class=\"icon_list_icon\" data-animation=\"\" data-animation-delay=\"03\" style=\"font-size:15px;border-width:1px;border-style:none;background:#A58D52;color:#ffffff;border-color:#333333;\"><i class=\"icomoon-the7-font-the7-arrow-07\" ><\/i><\/div><div class=\"icon_description\" id=\"Info-list-wrap-2688\" style=\"font-size:15px;\"><div class=\"icon_description_text ult-responsive\"  data-ultimate-target='#Info-list-wrap-2688 .icon_description_text'  data-responsive-json-new='{\"font-size\":\"desktop:13px;\",\"line-height\":\"desktop:18px;\"}'  style=\"\"><p><span style=\"color: #ffffff;\"><strong>Patented dual-cutting system significantly increases production capacity<\/strong><\/span><\/p>\n<\/div><\/div><div class=\"icon_list_connector\"  style=\"border: none !important;\"><\/div><\/li><li class=\"icon_list_item\" style=\" font-size:45px;\"><div class=\"icon_list_icon\" data-animation=\"\" data-animation-delay=\"03\" style=\"font-size:15px;border-width:1px;border-style:none;background:#A58D52;color:#ffffff;border-color:#333333;\"><i class=\"icomoon-the7-font-the7-arrow-07\" ><\/i><\/div><div class=\"icon_description\" id=\"Info-list-wrap-3321\" style=\"font-size:15px;\"><div class=\"icon_description_text ult-responsive\"  data-ultimate-target='#Info-list-wrap-3321 .icon_description_text'  data-responsive-json-new='{\"font-size\":\"desktop:13px;\",\"line-height\":\"desktop:18px;\"}'  style=\"\"><p><span style=\"color: #ffffff;\"><strong>QPS safety system with IP69K safety beam and saw protection<\/strong><\/span><\/p>\n<\/div><\/div><div class=\"icon_list_connector\"  style=\"border: none !important;\"><\/div><\/li><li class=\"icon_list_item\" style=\" font-size:45px;\"><div class=\"icon_list_icon\" data-animation=\"\" data-animation-delay=\"03\" style=\"font-size:15px;border-width:1px;border-style:none;background:#A58D52;color:#ffffff;border-color:#333333;\"><i class=\"icomoon-the7-font-the7-arrow-07\" ><\/i><\/div><div class=\"icon_description\" id=\"Info-list-wrap-6258\" style=\"font-size:15px;\"><div class=\"icon_description_text ult-responsive\"  data-ultimate-target='#Info-list-wrap-6258 .icon_description_text'  data-responsive-json-new='{\"font-size\":\"desktop:13px;\",\"line-height\":\"desktop:18px;\"}'  style=\"\"><p><strong><span style=\"color: #ffffff;\">12 kW power, 1800 kg weight, 3100\u00d71900\u00d72029 mm in a compact format<\/span><\/strong><\/p>\n<\/div><\/div><div class=\"icon_list_connector\"  style=\"border: none !important;\"><\/div><\/li><\/ul><\/div><\/div><\/div><\/div><div class=\"wpb_column vc_column_container vc_col-sm-6\"><div class=\"vc_column-inner\"><div class=\"wpb_wrapper\">\n\t<div class=\"wpb_raw_code wpb_raw_html wpb_content_element\" >\n\t\t<div class=\"wpb_wrapper\">\n\t\t\t<video width=\"800\" height=\"400\" autoplay muted playsinline loop controls>\n  <source src=\"https:\/\/woitech.dk\/wp-content\/uploads\/2025\/08\/MULTISPLITTER-SAW.mp4\" type=\"video\/mp4\">\n<\/video>\n\t\t<\/div>\n\t<\/div>\n<\/div><\/div><\/div><\/div><\/div><\/div><\/div><\/div><!-- Row Backgrounds --><div class=\"upb_bg_img\" data-ultimate-bg=\"url(https:\/\/woitech.dk\/wp-content\/uploads\/2025\/07\/fullscreen-copy.png)\" data-image-id=\"id^4384|url^https:\/\/woitech.dk\/wp-content\/uploads\/2025\/07\/fullscreen-copy.png|caption^null|alt^null|title^fullscreen copy|description^null\" data-ultimate-bg-style=\"vcpb-default\" data-bg-img-repeat=\"no-repeat\" data-bg-img-size=\"cover\" data-bg-img-position=\"\" data-parallx_sense=\"30\" data-bg-override=\"0\" data-bg_img_attach=\"scroll\" data-upb-overlay-color=\"\" data-upb-bg-animation=\"\" data-fadeout=\"\" data-bg-animation=\"left-animation\" data-bg-animation-type=\"h\" data-animation-repeat=\"repeat\" data-fadeout-percentage=\"30\" data-parallax-content=\"\" data-parallax-content-sense=\"30\" data-row-effect-mobile-disable=\"true\" data-img-parallax-mobile-disable=\"true\" data-rtl=\"false\"  data-custom-vc-row=\"\"  data-vc=\"8.7.2\"  data-is_old_vc=\"\"  data-theme-support=\"\"   data-overlay=\"false\" data-overlay-color=\"\" data-overlay-pattern=\"\" data-overlay-pattern-opacity=\"\" data-overlay-pattern-size=\"\"     data-hide-row=\" uvc_hidden-xs  uvc_hidden-xsl \" ><\/div><div class=\"vc_row wpb_row vc_row-fluid\"><div class=\"wpb_column vc_column_container vc_col-sm-12\"><div class=\"vc_column-inner\"><div class=\"wpb_wrapper\"><div class=\"ult-spacer spacer-69e31188f02aa\" data-id=\"69e31188f02aa\" data-height=\"75\" data-height-mobile=\"20\" data-height-tab=\"65\" data-height-tab-portrait=\"50\" data-height-mobile-landscape=\"30\" style=\"clear:both;display:block;\"><\/div><\/div><\/div><\/div><\/div><div class=\"vc_row wpb_row vc_row-fluid vc_column-gap-10 vc_row-o-content-top vc_row-flex\"><div class=\"wpb_column vc_column_container vc_col-sm-6 vc_hidden-lg vc_hidden-md\"><div class=\"vc_column-inner\"><div class=\"wpb_wrapper\"><section class=\"vc_cta3-container\"><div class=\"vc_general vc_do_cta3 vc_cta3 vc_cta3-style-outline vc_cta3-shape-rounded vc_cta3-align-left vc_cta3-color-classic vc_cta3-icon-size-md vc_cta3-actions-bottom vc_custom_1760085947242\"><div class=\"vc_cta3_content-container\"><div class=\"vc_cta3-content\"><header class=\"vc_cta3-content-header\"><\/header><p>The multi-splitter saw is designed for fast, precise, and flexible longitudinal cutting.\nMultiple saws work in parallel for efficient handling of different product types, while the variable conveyor belt ensures optimal adaptation.\n\nThe machine is compact, easy to operate, and requires minimal effort from the operator.\nIts integrated safety design protects employees and helps meet applicable workplace safety requirements \u2014 without compromising speed or quality.<\/p>\n<\/div><div class=\"vc_cta3-actions\"><div class=\"vc_btn3-container vc_btn3-left\" ><a onmouseleave=\"this.style.borderColor='#A58D52'; this.style.backgroundColor='transparent'; this.style.color='#A58D52'\" onmouseenter=\"this.style.borderColor='#77663B'; this.style.backgroundColor='#77663B'; this.style.color='#fff';\" style=\"border-color:#A58D52; color:#A58D52;\" class=\"vc_general vc_btn3 vc_btn3-size-sm vc_btn3-shape-rounded vc_btn3-style-outline-custom\" href=\"https:\/\/woitech.dk\/en\/kontakt\/\" title=\"Contact\">Contact us for a quote<\/a><\/div><\/div><\/div><\/div><\/section><\/div><\/div><\/div><div class=\"wpb_column vc_column_container vc_col-sm-6 vc_hidden-lg vc_hidden-md\"><div class=\"vc_column-inner\"><div class=\"wpb_wrapper\">\n\t<div  class=\"wpb_single_image wpb_content_element vc_align_center  vc_custom_1755256505285\">\n\t\t\n\t\t<figure class=\"wpb_wrapper vc_figure\">\n\t\t\t<a href=\"https:\/\/woitech.dk\/wp-content\/uploads\/2025\/08\/5.-MULTISPLITTER-scaled.jpg\" target=\"_self\" data-large_image_width=\"2560\" data-large_image_height=\"1718\"  class=\"vc_single_image-wrapper   vc_box_border_grey dt-pswp-item rollover rollover-zoom\"   ><img decoding=\"async\" class=\"vc_single_image-img\" src=\"https:\/\/woitech.dk\/wp-content\/uploads\/2025\/08\/5.-MULTISPLITTER-scaled-700x500.jpg\" width=\"700\" height=\"500\" alt=\"5. MULTISPLITTER\" title=\"5. MULTISPLITTER\" loading=\"lazy\"  data-dt-location=\"https:\/\/woitech.dk\/en\/5-multisplitter\/\" \/><\/a>\n\t\t<\/figure>\n\t<\/div>\n<\/div><\/div><\/div><\/div><div class=\"vc_row wpb_row vc_row-fluid vc_column-gap-10 vc_row-o-content-top vc_row-flex\"><div class=\"wpb_column vc_column_container vc_col-sm-6 vc_hidden-sm vc_hidden-xs\"><div class=\"vc_column-inner\"><div class=\"wpb_wrapper\"><section class=\"vc_cta3-container\"><div class=\"vc_general vc_do_cta3 vc_cta3 vc_cta3-style-outline vc_cta3-shape-rounded vc_cta3-align-left vc_cta3-color-classic vc_cta3-icon-size-md vc_cta3-actions-bottom vc_custom_1760085953928\"><div class=\"vc_cta3_content-container\"><div class=\"vc_cta3-content\"><header class=\"vc_cta3-content-header\"><\/header><p>The multi-splitter saw is designed for fast, precise, and flexible longitudinal cutting.\nMultiple saws work in parallel for efficient handling of different product types, while the variable conveyor belt ensures optimal adaptation.\n\nThe machine is compact, easy to operate, and requires minimal effort from the operator.\nIts integrated safety design protects employees and helps meet applicable workplace safety requirements \u2014 without compromising speed or quality.<\/p>\n<\/div><div class=\"vc_cta3-actions\"><div class=\"vc_btn3-container vc_btn3-left\" ><a onmouseleave=\"this.style.borderColor='#A58D52'; this.style.backgroundColor='transparent'; this.style.color='#A58D52'\" onmouseenter=\"this.style.borderColor='#77663B'; this.style.backgroundColor='#77663B'; this.style.color='#fff';\" style=\"border-color:#A58D52; color:#A58D52;\" class=\"vc_general vc_btn3 vc_btn3-size-lg vc_btn3-shape-rounded vc_btn3-style-outline-custom\" href=\"https:\/\/woitech.dk\/en\/kontakt\/\" title=\"Contact\">Contact us for a quote<\/a><\/div><\/div><\/div><\/div><\/section><\/div><\/div><\/div><div class=\"wpb_column vc_column_container vc_col-sm-6 vc_hidden-sm vc_hidden-xs\"><div class=\"vc_column-inner\"><div class=\"wpb_wrapper\">\n\t<div  class=\"wpb_single_image wpb_content_element vc_align_center  vc_custom_1755256505285\">\n\t\t\n\t\t<figure class=\"wpb_wrapper vc_figure\">\n\t\t\t<a href=\"https:\/\/woitech.dk\/wp-content\/uploads\/2025\/08\/5.-MULTISPLITTER-scaled.jpg\" target=\"_self\" data-large_image_width=\"2560\" data-large_image_height=\"1718\"  class=\"vc_single_image-wrapper   vc_box_border_grey dt-pswp-item rollover rollover-zoom\"   ><img decoding=\"async\" class=\"vc_single_image-img\" src=\"https:\/\/woitech.dk\/wp-content\/uploads\/2025\/08\/5.-MULTISPLITTER-scaled-700x500.jpg\" width=\"700\" height=\"500\" alt=\"5. MULTISPLITTER\" title=\"5. MULTISPLITTER\" loading=\"lazy\"  data-dt-location=\"https:\/\/woitech.dk\/en\/5-multisplitter\/\" \/><\/a>\n\t\t<\/figure>\n\t<\/div>\n<\/div><\/div><\/div><\/div><div class=\"vc_row wpb_row vc_row-fluid\"><div class=\"wpb_column vc_column_container vc_col-sm-12\"><div class=\"vc_column-inner\"><div class=\"wpb_wrapper\"><div class=\"ult-spacer spacer-69e31188f1881\" data-id=\"69e31188f1881\" data-height=\"75\" data-height-mobile=\"20\" data-height-tab=\"65\" data-height-tab-portrait=\"50\" data-height-mobile-landscape=\"30\" style=\"clear:both;display:block;\"><\/div><\/div><\/div><\/div><\/div><div class=\"vc_row wpb_row vc_row-fluid vc_custom_1754563888589 vc_row-o-content-middle vc_row-flex\"><div class=\"wpb_column vc_column_container vc_col-sm-12\"><div class=\"vc_column-inner\"><div class=\"wpb_wrapper\">\n\t<div class=\"wpb_text_column wpb_content_element  vc_custom_1759927769147\" >\n\t\t<div class=\"wpb_wrapper\">\n\t\t\t<h3 style=\"text-align: center;\"><span style=\"color: #ffffff;\">Do you want to hear more about how we can optimize your production?<\/span><\/h3>\n\n\t\t<\/div>\n\t<\/div>\n<style type=\"text\/css\" data-type=\"the7_shortcodes-inline-css\">#default-btn-f3f707a4af9c7dc64a3e912f94d8de45 {\n  border-radius: 3px;\n  font-size: 18px;\n  line-height: 20px;\n}\n.btn-shadow#default-btn-f3f707a4af9c7dc64a3e912f94d8de45 {\n  box-shadow: 0 1px 6px rgba(0,0,0,0.12);\n  transition: box-shadow 0.2s ease-out, opacity 0.45s;\n}\n.btn-shadow#default-btn-f3f707a4af9c7dc64a3e912f94d8de45:hover {\n  box-shadow: 0 5px 11px 0 rgba(0,0,0,0.18), 0 4px 15px 0 rgba(0,0,0,0.15);\n}\n.btn-3d#default-btn-f3f707a4af9c7dc64a3e912f94d8de45 {\n  box-shadow: 0px 2px 0px 0px #6a6250;\n}\n.btn-3d#default-btn-f3f707a4af9c7dc64a3e912f94d8de45:hover {\n  box-shadow: 0px 2px 0px 0px #423e32;\n}\n.btn-flat#default-btn-f3f707a4af9c7dc64a3e912f94d8de45 {\n  box-shadow: none;\n}\n.btn-flat#default-btn-f3f707a4af9c7dc64a3e912f94d8de45:hover {\n  box-shadow: none;\n}\n#default-btn-f3f707a4af9c7dc64a3e912f94d8de45.ico-right-side > i {\n  margin-right: 0px;\n  margin-left: 8px;\n}\n#default-btn-f3f707a4af9c7dc64a3e912f94d8de45 > i {\n  margin-right: 8px;\n  font-size: 25px;\n}\n#default-btn-f3f707a4af9c7dc64a3e912f94d8de45:not(:hover) {\n  border-width: 0px;\n  color: #ffffff;\n  background: #a58d52 !important;\n  padding: 25px 45px 25px 45px;\n}\n#default-btn-f3f707a4af9c7dc64a3e912f94d8de45:not(:hover) * {\n  color: #ffffff;\n}\n#default-btn-f3f707a4af9c7dc64a3e912f94d8de45:hover {\n  border-width: 0px;\n  color: #ffffff;\n  background: #77663b !important;\n  padding: 25px 45px 25px 45px;\n}\n#default-btn-f3f707a4af9c7dc64a3e912f94d8de45:hover * {\n  color: #ffffff;\n}\n#default-btn-f3f707a4af9c7dc64a3e912f94d8de45.ico-right-side > i {\n  margin-right: 0px;\n  margin-left: 8px;\n}\n#default-btn-f3f707a4af9c7dc64a3e912f94d8de45 > i {\n  margin-right: 8px;\n}\n<\/style><div class=\"btn-align-center\"><a href=\"https:\/\/woitech.dk\/en\/kontakt\/\" class=\"default-btn-shortcode dt-btn link-hover-off btn-shadow\" id=\"default-btn-f3f707a4af9c7dc64a3e912f94d8de45\" title=\"Contact\"><span>Book a non-binding meeting here!<\/span><\/a><\/div><\/div><\/div><\/div><\/div><!-- Row Backgrounds --><div class=\"upb_color\" data-bg-override=\"ex-full\" data-bg-color=\"#36415D\" data-fadeout=\"\" data-fadeout-percentage=\"30\" data-parallax-content=\"\" data-parallax-content-sense=\"30\" data-row-effect-mobile-disable=\"true\" data-img-parallax-mobile-disable=\"true\" data-rtl=\"false\"  data-custom-vc-row=\"\"  data-vc=\"8.7.2\"  data-is_old_vc=\"\"  data-theme-support=\"\"   data-overlay=\"false\" data-overlay-color=\"\" data-overlay-pattern=\"\" data-overlay-pattern-opacity=\"\" data-overlay-pattern-size=\"\"    ><\/div>\n<\/div>","protected":false},"excerpt":{"rendered":"<p>Effektiv langsk\u00e6ring, kompakt og sikker Laser-scanning muligg\u00f8r pr\u00e6cis sk\u00e6ring efter fast v\u00e6gt eller tykkelse. Elektronisk styring af alle n\u00f8gleparametre \u2013 v\u00e6gt, hastighed, h\u00f8jde, lufttryk m.fl. Patenteret dobbelt-sk\u00e6resystem \u00f8ger produktionskapaciteten markant. QPS-sikkerhedssystem med IP69K-sikkerhedsbj\u00e6lke og savbeskyttelse. 12\u202fkW effekt, 1800\u202fkg v\u00e6gt, 3100\u00d71900\u00d72029\u202fmm i kompakt format. Effektiv langsk\u00e6ring, kompakt og sikker Laser-scanning muligg\u00f8r pr\u00e6cis sk\u00e6ring efter fast v\u00e6gt&hellip;<\/p>","protected":false},"author":2,"featured_media":2948,"parent":0,"menu_order":0,"comment_status":"closed","ping_status":"closed","template":"","meta":{"footnotes":""},"categories":[29],"tags":[31],"class_list":["post-2485","page","type-page","status-publish","has-post-thumbnail","hentry","category-produkter","tag-mainali","description-off"],"_links":{"self":[{"href":"https:\/\/woitech.dk\/en\/wp-json\/wp\/v2\/pages\/2485","targetHints":{"allow":["GET"]}}],"collection":[{"href":"https:\/\/woitech.dk\/en\/wp-json\/wp\/v2\/pages"}],"about":[{"href":"https:\/\/woitech.dk\/en\/wp-json\/wp\/v2\/types\/page"}],"author":[{"embeddable":true,"href":"https:\/\/woitech.dk\/en\/wp-json\/wp\/v2\/users\/2"}],"replies":[{"embeddable":true,"href":"https:\/\/woitech.dk\/en\/wp-json\/wp\/v2\/comments?post=2485"}],"version-history":[{"count":31,"href":"https:\/\/woitech.dk\/en\/wp-json\/wp\/v2\/pages\/2485\/revisions"}],"predecessor-version":[{"id":5745,"href":"https:\/\/woitech.dk\/en\/wp-json\/wp\/v2\/pages\/2485\/revisions\/5745"}],"wp:featuredmedia":[{"embeddable":true,"href":"https:\/\/woitech.dk\/en\/wp-json\/wp\/v2\/media\/2948"}],"wp:attachment":[{"href":"https:\/\/woitech.dk\/en\/wp-json\/wp\/v2\/media?parent=2485"}],"wp:term":[{"taxonomy":"category","embeddable":true,"href":"https:\/\/woitech.dk\/en\/wp-json\/wp\/v2\/categories?post=2485"},{"taxonomy":"post_tag","embeddable":true,"href":"https:\/\/woitech.dk\/en\/wp-json\/wp\/v2\/tags?post=2485"}],"curies":[{"name":"wp","href":"https:\/\/api.w.org\/{rel}","templated":true}]}}