{"id":2570,"date":"2024-09-23T09:11:15","date_gmt":"2024-09-23T09:11:15","guid":{"rendered":"https:\/\/woitech.dk\/?page_id=2570"},"modified":"2025-10-08T13:07:07","modified_gmt":"2025-10-08T13:07:07","slug":"kompaktbaandsav","status":"publish","type":"page","link":"https:\/\/woitech.dk\/en\/kompaktbaandsav\/","title":{"rendered":"Automatic Compact Bandsaw"},"content":{"rendered":"<div class=\"wpb-content-wrapper\"><div class=\"vc_row wpb_row vc_row-fluid vc_custom_1759928744679 vc_row-has-fill vc_column-gap-20 vc_row-o-content-middle vc_row-flex\"><div class=\"wpb_column vc_column_container vc_col-sm-12\"><div class=\"vc_column-inner\"><div class=\"wpb_wrapper\">\n\t<div class=\"wpb_text_column wpb_content_element  vc_custom_1755256204109\" >\n\t\t<div class=\"wpb_wrapper\">\n\t\t\t<h2><span style=\"color: #ffffff;\">Compact, precise, and ready to use \u2013 cuts quickly and safely in minimal space<\/span><\/h2>\n\n\t\t<\/div>\n\t<\/div>\n<div class=\"smile_icon_list_wrap ult_info_list_container ult-adjust-bottom-margin\"><ul class=\"smile_icon_list left circle with_bg\"><li class=\"icon_list_item\" style=\" font-size:30px;\"><div class=\"icon_list_icon\" data-animation=\"\" data-animation-delay=\"03\" style=\"font-size:10px;border-width:1px;border-style:none;background:#A58D52;color:#ffffff;border-color:#333333;\"><i class=\"icomoon-the7-font-the7-arrow-07\" ><\/i><\/div><div class=\"icon_description\" id=\"Info-list-wrap-5161\" style=\"font-size:10px;\"><div class=\"icon_description_text ult-responsive\"  data-ultimate-target='#Info-list-wrap-5161 .icon_description_text'  data-responsive-json-new='{\"font-size\":\"desktop:13px;\",\"line-height\":\"desktop:18px;\"}'  style=\"\"><p><strong><span style=\"color: #ffffff;\">Compact plug-and-play design \u2013 perfect for tight production spaces<\/span><\/strong><\/p>\n<\/div><\/div><div class=\"icon_list_connector\"  style=\"border: none !important;\"><\/div><\/li><li class=\"icon_list_item\" style=\" font-size:30px;\"><div class=\"icon_list_icon\" data-animation=\"\" data-animation-delay=\"03\" style=\"font-size:10px;border-width:1px;border-style:none;background:#A58D52;color:#ffffff;border-color:#333333;\"><i class=\"icomoon-the7-font-the7-arrow-07\" ><\/i><\/div><div class=\"icon_description\" id=\"Info-list-wrap-1473\" style=\"font-size:10px;\"><div class=\"icon_description_text ult-responsive\"  data-ultimate-target='#Info-list-wrap-1473 .icon_description_text'  data-responsive-json-new='{\"font-size\":\"desktop:13px;\",\"line-height\":\"desktop:18px;\"}'  style=\"\"><p><span style=\"color: #ffffff;\"><strong>Compact plug-and-play design \u2013 perfect for tight production spaces<\/strong><\/span><\/p>\n<\/div><\/div><div class=\"icon_list_connector\"  style=\"border: none !important;\"><\/div><\/li><li class=\"icon_list_item\" style=\" font-size:30px;\"><div class=\"icon_list_icon\" data-animation=\"\" data-animation-delay=\"03\" style=\"font-size:10px;border-width:1px;border-style:none;background:#A58D52;color:#ffffff;border-color:#333333;\"><i class=\"icomoon-the7-font-the7-arrow-07\" ><\/i><\/div><div class=\"icon_description\" id=\"Info-list-wrap-4136\" style=\"font-size:10px;\"><div class=\"icon_description_text ult-responsive\"  data-ultimate-target='#Info-list-wrap-4136 .icon_description_text'  data-responsive-json-new='{\"font-size\":\"desktop:13px;\",\"line-height\":\"desktop:18px;\"}'  style=\"\"><p><strong><span style=\"color: #ffffff;\">Automatic safety system stops the saw when access doors are opened<\/span><\/strong><\/p>\n<\/div><\/div><div class=\"icon_list_connector\"  style=\"border: none !important;\"><\/div><\/li><li class=\"icon_list_item\" style=\" font-size:30px;\"><div class=\"icon_list_icon\" data-animation=\"\" data-animation-delay=\"03\" style=\"font-size:10px;border-width:1px;border-style:none;background:#A58D52;color:#ffffff;border-color:#333333;\"><i class=\"icomoon-the7-font-the7-arrow-07\" ><\/i><\/div><div class=\"icon_description\" id=\"Info-list-wrap-7289\" style=\"font-size:10px;\"><div class=\"icon_description_text ult-responsive\"  data-ultimate-target='#Info-list-wrap-7289 .icon_description_text'  data-responsive-json-new='{\"font-size\":\"desktop:13px;\",\"line-height\":\"desktop:18px;\"}'  style=\"\"><p><strong><span style=\"color: #ffffff;\">Photoelectric sensor reading reduces cycle time \u2013 just place the product and press start<\/span><\/strong><\/p>\n<\/div><\/div><div class=\"icon_list_connector\"  style=\"border: none !important;\"><\/div><\/li><li class=\"icon_list_item\" style=\" font-size:30px;\"><div class=\"icon_list_icon\" data-animation=\"\" data-animation-delay=\"03\" style=\"font-size:10px;border-width:1px;border-style:none;background:#A58D52;color:#ffffff;border-color:#333333;\"><i class=\"icomoon-the7-font-the7-arrow-07\" ><\/i><\/div><div class=\"icon_description\" id=\"Info-list-wrap-3461\" style=\"font-size:10px;\"><div class=\"icon_description_text ult-responsive\"  data-ultimate-target='#Info-list-wrap-3461 .icon_description_text'  data-responsive-json-new='{\"font-size\":\"desktop:13px;\",\"line-height\":\"desktop:18px;\"}'  style=\"\"><p><strong><span style=\"color: #ffffff;\">Cuts fresh and frozen foods (meat, fish, vegetables) \u2013 easy to install and clean<\/span><\/strong><\/p>\n<\/div><\/div><div class=\"icon_list_connector\"  style=\"border: none !important;\"><\/div><\/li><\/ul><\/div>\n\t<div class=\"wpb_raw_code wpb_raw_html wpb_content_element\" >\n\t\t<div class=\"wpb_wrapper\">\n\t\t\t<video width=\"800\" height=\"400\" autoplay muted playsinline loop controls>\n  <source src=\"https:\/\/woitech.dk\/wp-content\/uploads\/2025\/08\/iRBC-Double-cut.mp4\" type=\"video\/mp4\">\n<\/video>\n\t\t<\/div>\n\t<\/div>\n<\/div><\/div><\/div><\/div><!-- Row Backgrounds --><div class=\"upb_bg_img\" data-ultimate-bg=\"url(https:\/\/woitech.dk\/wp-content\/uploads\/2025\/07\/fullscreen-copy.png)\" data-image-id=\"id^4384|url^https:\/\/woitech.dk\/wp-content\/uploads\/2025\/07\/fullscreen-copy.png|caption^null|alt^null|title^fullscreen copy|description^null\" data-ultimate-bg-style=\"vcpb-default\" data-bg-img-repeat=\"no-repeat\" data-bg-img-size=\"cover\" data-bg-img-position=\"\" data-parallx_sense=\"30\" data-bg-override=\"0\" data-bg_img_attach=\"scroll\" data-upb-overlay-color=\"\" data-upb-bg-animation=\"\" data-fadeout=\"\" data-bg-animation=\"left-animation\" data-bg-animation-type=\"h\" data-animation-repeat=\"repeat\" data-fadeout-percentage=\"30\" data-parallax-content=\"\" data-parallax-content-sense=\"30\" data-row-effect-mobile-disable=\"true\" data-img-parallax-mobile-disable=\"true\" data-rtl=\"false\"  data-custom-vc-row=\"\"  data-vc=\"8.7.2\"  data-is_old_vc=\"\"  data-theme-support=\"\"   data-overlay=\"false\" data-overlay-color=\"\" data-overlay-pattern=\"\" data-overlay-pattern-opacity=\"\" data-overlay-pattern-size=\"\"     data-hide-row=\" uvc_hidden-lg  uvc_hidden-ml  uvc_hidden-md  uvc_hidden-sm \" ><\/div><div class=\"vc_row wpb_row vc_row-fluid vc_custom_1756039984609 vc_row-has-fill vc_column-gap-20 vc_row-o-content-middle vc_row-flex\"><div class=\"wpb_column vc_column_container vc_col-sm-12\"><div class=\"vc_column-inner vc_custom_1754560089447\"><div class=\"wpb_wrapper\">\n\t<div class=\"wpb_text_column wpb_content_element  vc_custom_1755256204109\" >\n\t\t<div class=\"wpb_wrapper\">\n\t\t\t<h2><span style=\"color: #ffffff;\">Compact, precise, and ready to use \u2013 cuts quickly and safely in minimal space<\/span><\/h2>\n\n\t\t<\/div>\n\t<\/div>\n<div class=\"vc_row wpb_row vc_inner vc_row-fluid\"><div class=\"wpb_column vc_column_container vc_col-sm-6\"><div class=\"vc_column-inner\"><div class=\"wpb_wrapper\"><div class=\"smile_icon_list_wrap ult_info_list_container ult-adjust-bottom-margin\"><ul class=\"smile_icon_list left circle with_bg\"><li class=\"icon_list_item\" style=\" font-size:45px;\"><div class=\"icon_list_icon\" data-animation=\"\" data-animation-delay=\"03\" style=\"font-size:15px;border-width:1px;border-style:none;background:#A58D52;color:#ffffff;border-color:#333333;\"><i class=\"icomoon-the7-font-the7-arrow-07\" ><\/i><\/div><div class=\"icon_description\" id=\"Info-list-wrap-9149\" style=\"font-size:15px;\"><div class=\"icon_description_text ult-responsive\"  data-ultimate-target='#Info-list-wrap-9149 .icon_description_text'  data-responsive-json-new='{\"font-size\":\"desktop:13px;\",\"line-height\":\"desktop:18px;\"}'  style=\"\"><p><strong><span style=\"color: #ffffff;\">Compact plug-and-play design \u2013 perfect for tight production spaces<\/span><\/strong><\/p>\n<\/div><\/div><div class=\"icon_list_connector\"  style=\"border: none !important;\"><\/div><\/li><li class=\"icon_list_item\" style=\" font-size:45px;\"><div class=\"icon_list_icon\" data-animation=\"\" data-animation-delay=\"03\" style=\"font-size:15px;border-width:1px;border-style:none;background:#A58D52;color:#ffffff;border-color:#333333;\"><i class=\"icomoon-the7-font-the7-arrow-07\" ><\/i><\/div><div class=\"icon_description\" id=\"Info-list-wrap-8629\" style=\"font-size:15px;\"><div class=\"icon_description_text ult-responsive\"  data-ultimate-target='#Info-list-wrap-8629 .icon_description_text'  data-responsive-json-new='{\"font-size\":\"desktop:13px;\",\"line-height\":\"desktop:18px;\"}'  style=\"\"><p><span style=\"color: #ffffff;\"><strong>Compact plug-and-play design \u2013 perfect for tight production spaces<\/strong><\/span><\/p>\n<\/div><\/div><div class=\"icon_list_connector\"  style=\"border: none !important;\"><\/div><\/li><li class=\"icon_list_item\" style=\" font-size:45px;\"><div class=\"icon_list_icon\" data-animation=\"\" data-animation-delay=\"03\" style=\"font-size:15px;border-width:1px;border-style:none;background:#A58D52;color:#ffffff;border-color:#333333;\"><i class=\"icomoon-the7-font-the7-arrow-07\" ><\/i><\/div><div class=\"icon_description\" id=\"Info-list-wrap-2561\" style=\"font-size:15px;\"><div class=\"icon_description_text ult-responsive\"  data-ultimate-target='#Info-list-wrap-2561 .icon_description_text'  data-responsive-json-new='{\"font-size\":\"desktop:13px;\",\"line-height\":\"desktop:18px;\"}'  style=\"\"><p><strong><span style=\"color: #ffffff;\">Automatic safety system stops the saw when access doors are opened<\/span><\/strong><\/p>\n<\/div><\/div><div class=\"icon_list_connector\"  style=\"border: none !important;\"><\/div><\/li><li class=\"icon_list_item\" style=\" font-size:45px;\"><div class=\"icon_list_icon\" data-animation=\"\" data-animation-delay=\"03\" style=\"font-size:15px;border-width:1px;border-style:none;background:#A58D52;color:#ffffff;border-color:#333333;\"><i class=\"icomoon-the7-font-the7-arrow-07\" ><\/i><\/div><div class=\"icon_description\" id=\"Info-list-wrap-2544\" style=\"font-size:15px;\"><div class=\"icon_description_text ult-responsive\"  data-ultimate-target='#Info-list-wrap-2544 .icon_description_text'  data-responsive-json-new='{\"font-size\":\"desktop:13px;\",\"line-height\":\"desktop:18px;\"}'  style=\"\"><p><strong><span style=\"color: #ffffff;\">Photoelectric sensor reading reduces cycle time \u2013 just place the product and press start<\/span><\/strong><\/p>\n<\/div><\/div><div class=\"icon_list_connector\"  style=\"border: none !important;\"><\/div><\/li><li class=\"icon_list_item\" style=\" font-size:45px;\"><div class=\"icon_list_icon\" data-animation=\"\" data-animation-delay=\"03\" style=\"font-size:15px;border-width:1px;border-style:none;background:#A58D52;color:#ffffff;border-color:#333333;\"><i class=\"icomoon-the7-font-the7-arrow-07\" ><\/i><\/div><div class=\"icon_description\" id=\"Info-list-wrap-3239\" style=\"font-size:15px;\"><div class=\"icon_description_text ult-responsive\"  data-ultimate-target='#Info-list-wrap-3239 .icon_description_text'  data-responsive-json-new='{\"font-size\":\"desktop:13px;\",\"line-height\":\"desktop:18px;\"}'  style=\"\"><p><strong><span style=\"color: #ffffff;\">Cuts fresh and frozen foods (meat, fish, vegetables) \u2013 easy to install and clean<\/span><\/strong><\/p>\n<\/div><\/div><div class=\"icon_list_connector\"  style=\"border: none !important;\"><\/div><\/li><\/ul><\/div><\/div><\/div><\/div><div class=\"wpb_column vc_column_container vc_col-sm-6\"><div class=\"vc_column-inner\"><div class=\"wpb_wrapper\">\n\t<div class=\"wpb_raw_code wpb_raw_html wpb_content_element\" >\n\t\t<div class=\"wpb_wrapper\">\n\t\t\t<video width=\"800\" height=\"400\" autoplay muted playsinline loop controls>\n  <source src=\"https:\/\/woitech.dk\/wp-content\/uploads\/2025\/08\/iRBC-Double-cut.mp4\" type=\"video\/mp4\">\n<\/video>\n\t\t<\/div>\n\t<\/div>\n<\/div><\/div><\/div><\/div><\/div><\/div><\/div><\/div><!-- Row Backgrounds --><div class=\"upb_bg_img\" data-ultimate-bg=\"url(https:\/\/woitech.dk\/wp-content\/uploads\/2025\/07\/fullscreen-copy.png)\" data-image-id=\"id^4384|url^https:\/\/woitech.dk\/wp-content\/uploads\/2025\/07\/fullscreen-copy.png|caption^null|alt^null|title^fullscreen copy|description^null\" data-ultimate-bg-style=\"vcpb-default\" data-bg-img-repeat=\"no-repeat\" data-bg-img-size=\"cover\" data-bg-img-position=\"\" data-parallx_sense=\"30\" data-bg-override=\"0\" data-bg_img_attach=\"scroll\" data-upb-overlay-color=\"\" data-upb-bg-animation=\"\" data-fadeout=\"\" data-bg-animation=\"left-animation\" data-bg-animation-type=\"h\" data-animation-repeat=\"repeat\" data-fadeout-percentage=\"30\" data-parallax-content=\"\" data-parallax-content-sense=\"30\" data-row-effect-mobile-disable=\"true\" data-img-parallax-mobile-disable=\"true\" data-rtl=\"false\"  data-custom-vc-row=\"\"  data-vc=\"8.7.2\"  data-is_old_vc=\"\"  data-theme-support=\"\"   data-overlay=\"false\" data-overlay-color=\"\" data-overlay-pattern=\"\" data-overlay-pattern-opacity=\"\" data-overlay-pattern-size=\"\"     data-hide-row=\" uvc_hidden-xs  uvc_hidden-xsl \" ><\/div><div class=\"vc_row wpb_row vc_row-fluid\"><div class=\"wpb_column vc_column_container vc_col-sm-12\"><div class=\"vc_column-inner\"><div class=\"wpb_wrapper\"><div class=\"ult-spacer spacer-69e8a415c5b65\" data-id=\"69e8a415c5b65\" data-height=\"75\" data-height-mobile=\"20\" data-height-tab=\"65\" data-height-tab-portrait=\"50\" data-height-mobile-landscape=\"30\" style=\"clear:both;display:block;\"><\/div><\/div><\/div><\/div><\/div><div class=\"vc_row wpb_row vc_row-fluid vc_column-gap-10 vc_row-o-content-top vc_row-flex\"><div class=\"wpb_column vc_column_container vc_col-sm-6 vc_hidden-lg vc_hidden-md\"><div class=\"vc_column-inner\"><div class=\"wpb_wrapper\"><section class=\"vc_cta3-container\"><div class=\"vc_general vc_do_cta3 vc_cta3 vc_cta3-style-outline vc_cta3-shape-rounded vc_cta3-align-left vc_cta3-color-classic vc_cta3-icon-size-md vc_cta3-actions-bottom vc_custom_1759928715871\"><div class=\"vc_cta3_content-container\"><div class=\"vc_cta3-content\"><header class=\"vc_cta3-content-header\"><\/header><p>The iRBC is a compact and efficient solution for precise cutting \u2014 even in tight production environments.\nIt handles both frozen and fresh products such as meat, fish, and vegetables, and comes equipped with an automatic safety system and photoelectric sensor technology to ensure fast and safe operation.\n\nWith its plug-and-play design, it is easy to install, operate, and clean \u2014 perfect for modern production.<\/p>\n<\/div><div class=\"vc_cta3-actions\"><div class=\"vc_btn3-container vc_btn3-left\" ><a onmouseleave=\"this.style.borderColor='#A58D52'; this.style.backgroundColor='transparent'; this.style.color='#A58D52'\" onmouseenter=\"this.style.borderColor='#77663B'; this.style.backgroundColor='#77663B'; this.style.color='#fff';\" style=\"border-color:#A58D52; color:#A58D52;\" class=\"vc_general vc_btn3 vc_btn3-size-sm vc_btn3-shape-rounded vc_btn3-style-outline-custom\" href=\"https:\/\/woitech.dk\/en\/kontakt\/\" title=\"Contact\">Contact us for a quote<\/a><\/div><\/div><\/div><\/div><\/section><\/div><\/div><\/div><div class=\"wpb_column vc_column_container vc_col-sm-6 vc_hidden-lg vc_hidden-md\"><div class=\"vc_column-inner\"><div class=\"wpb_wrapper\">\n\t<div  class=\"wpb_single_image wpb_content_element vc_align_center  vc_custom_1755256250079\">\n\t\t\n\t\t<figure class=\"wpb_wrapper vc_figure\">\n\t\t\t<a href=\"https:\/\/woitech.dk\/wp-content\/uploads\/2025\/08\/4.-iRBC-scaled.jpg\" target=\"_self\" data-large_image_width=\"2560\" data-large_image_height=\"1711\"  class=\"vc_single_image-wrapper   vc_box_border_grey dt-pswp-item rollover rollover-zoom\"   ><img decoding=\"async\" class=\"vc_single_image-img\" src=\"https:\/\/woitech.dk\/wp-content\/uploads\/2025\/08\/4.-iRBC-scaled-700x500.jpg\" width=\"700\" height=\"500\" alt=\"4. iRBC\" title=\"4. iRBC\" loading=\"lazy\"  data-dt-location=\"https:\/\/woitech.dk\/en\/4-irbc\/\" \/><\/a>\n\t\t<\/figure>\n\t<\/div>\n<\/div><\/div><\/div><\/div><div class=\"vc_row wpb_row vc_row-fluid vc_column-gap-10 vc_row-o-content-top vc_row-flex\"><div class=\"wpb_column vc_column_container vc_col-sm-6 vc_hidden-sm vc_hidden-xs\"><div class=\"vc_column-inner\"><div class=\"wpb_wrapper\"><section class=\"vc_cta3-container\"><div class=\"vc_general vc_do_cta3 vc_cta3 vc_cta3-style-outline vc_cta3-shape-rounded vc_cta3-align-left vc_cta3-color-classic vc_cta3-icon-size-md vc_cta3-actions-bottom vc_custom_1759928721759\"><div class=\"vc_cta3_content-container\"><div class=\"vc_cta3-content\"><header class=\"vc_cta3-content-header\"><\/header><p>The iRBC is a compact and efficient solution for precise cutting \u2014 even in tight production environments.\nIt handles both frozen and fresh products such as meat, fish, and vegetables, and comes equipped with an automatic safety system and photoelectric sensor technology to ensure fast and safe operation.\n\nWith its plug-and-play design, it is easy to install, operate, and clean \u2014 perfect for modern production.<\/p>\n<\/div><div class=\"vc_cta3-actions\"><div class=\"vc_btn3-container vc_btn3-left\" ><a onmouseleave=\"this.style.borderColor='#A58D52'; this.style.backgroundColor='transparent'; this.style.color='#A58D52'\" onmouseenter=\"this.style.borderColor='#77663B'; this.style.backgroundColor='#77663B'; this.style.color='#fff';\" style=\"border-color:#A58D52; color:#A58D52;\" class=\"vc_general vc_btn3 vc_btn3-size-lg vc_btn3-shape-rounded vc_btn3-style-outline-custom\" href=\"https:\/\/woitech.dk\/en\/kontakt\/\" title=\"Contact\">Contact us for a quote<\/a><\/div><\/div><\/div><\/div><\/section><\/div><\/div><\/div><div class=\"wpb_column vc_column_container vc_col-sm-6 vc_hidden-sm vc_hidden-xs\"><div class=\"vc_column-inner\"><div class=\"wpb_wrapper\">\n\t<div  class=\"wpb_single_image wpb_content_element vc_align_center  vc_custom_1755256250079\">\n\t\t\n\t\t<figure class=\"wpb_wrapper vc_figure\">\n\t\t\t<a href=\"https:\/\/woitech.dk\/wp-content\/uploads\/2025\/08\/4.-iRBC-scaled.jpg\" target=\"_self\" data-large_image_width=\"2560\" data-large_image_height=\"1711\"  class=\"vc_single_image-wrapper   vc_box_border_grey dt-pswp-item rollover rollover-zoom\"   ><img decoding=\"async\" class=\"vc_single_image-img\" src=\"https:\/\/woitech.dk\/wp-content\/uploads\/2025\/08\/4.-iRBC-scaled-700x500.jpg\" width=\"700\" height=\"500\" alt=\"4. iRBC\" title=\"4. iRBC\" loading=\"lazy\"  data-dt-location=\"https:\/\/woitech.dk\/en\/4-irbc\/\" \/><\/a>\n\t\t<\/figure>\n\t<\/div>\n<\/div><\/div><\/div><\/div><div class=\"vc_row wpb_row vc_row-fluid\"><div class=\"wpb_column vc_column_container vc_col-sm-12\"><div class=\"vc_column-inner\"><div class=\"wpb_wrapper\"><div class=\"ult-spacer spacer-69e8a415c7186\" data-id=\"69e8a415c7186\" data-height=\"75\" data-height-mobile=\"20\" data-height-tab=\"65\" data-height-tab-portrait=\"50\" data-height-mobile-landscape=\"30\" style=\"clear:both;display:block;\"><\/div><\/div><\/div><\/div><\/div><div class=\"vc_row wpb_row vc_row-fluid vc_custom_1754563888589 vc_row-o-content-middle vc_row-flex\"><div class=\"wpb_column vc_column_container vc_col-sm-12\"><div class=\"vc_column-inner\"><div class=\"wpb_wrapper\">\n\t<div class=\"wpb_text_column wpb_content_element  vc_custom_1759928730776\" >\n\t\t<div class=\"wpb_wrapper\">\n\t\t\t<h3 style=\"text-align: center;\"><span style=\"color: #ffffff;\">Do you want to hear more about how we can optimize your production?<\/span><\/h3>\n\n\t\t<\/div>\n\t<\/div>\n<style type=\"text\/css\" data-type=\"the7_shortcodes-inline-css\">#default-btn-f3f707a4af9c7dc64a3e912f94d8de45 {\n  border-radius: 3px;\n  font-size: 18px;\n  line-height: 20px;\n}\n.btn-shadow#default-btn-f3f707a4af9c7dc64a3e912f94d8de45 {\n  box-shadow: 0 1px 6px rgba(0,0,0,0.12);\n  transition: box-shadow 0.2s ease-out, opacity 0.45s;\n}\n.btn-shadow#default-btn-f3f707a4af9c7dc64a3e912f94d8de45:hover {\n  box-shadow: 0 5px 11px 0 rgba(0,0,0,0.18), 0 4px 15px 0 rgba(0,0,0,0.15);\n}\n.btn-3d#default-btn-f3f707a4af9c7dc64a3e912f94d8de45 {\n  box-shadow: 0px 2px 0px 0px #6a6250;\n}\n.btn-3d#default-btn-f3f707a4af9c7dc64a3e912f94d8de45:hover {\n  box-shadow: 0px 2px 0px 0px #423e32;\n}\n.btn-flat#default-btn-f3f707a4af9c7dc64a3e912f94d8de45 {\n  box-shadow: none;\n}\n.btn-flat#default-btn-f3f707a4af9c7dc64a3e912f94d8de45:hover {\n  box-shadow: none;\n}\n#default-btn-f3f707a4af9c7dc64a3e912f94d8de45.ico-right-side > i {\n  margin-right: 0px;\n  margin-left: 8px;\n}\n#default-btn-f3f707a4af9c7dc64a3e912f94d8de45 > i {\n  margin-right: 8px;\n  font-size: 25px;\n}\n#default-btn-f3f707a4af9c7dc64a3e912f94d8de45:not(:hover) {\n  border-width: 0px;\n  color: #ffffff;\n  background: #a58d52 !important;\n  padding: 25px 45px 25px 45px;\n}\n#default-btn-f3f707a4af9c7dc64a3e912f94d8de45:not(:hover) * {\n  color: #ffffff;\n}\n#default-btn-f3f707a4af9c7dc64a3e912f94d8de45:hover {\n  border-width: 0px;\n  color: #ffffff;\n  background: #77663b !important;\n  padding: 25px 45px 25px 45px;\n}\n#default-btn-f3f707a4af9c7dc64a3e912f94d8de45:hover * {\n  color: #ffffff;\n}\n#default-btn-f3f707a4af9c7dc64a3e912f94d8de45.ico-right-side > i {\n  margin-right: 0px;\n  margin-left: 8px;\n}\n#default-btn-f3f707a4af9c7dc64a3e912f94d8de45 > i {\n  margin-right: 8px;\n}\n<\/style><div class=\"btn-align-center\"><a href=\"https:\/\/woitech.dk\/en\/kontakt\/\" class=\"default-btn-shortcode dt-btn link-hover-off btn-shadow\" id=\"default-btn-f3f707a4af9c7dc64a3e912f94d8de45\" title=\"Contact\"><span>Book a non-binding meeting here!<\/span><\/a><\/div><\/div><\/div><\/div><\/div><!-- Row Backgrounds --><div class=\"upb_color\" data-bg-override=\"ex-full\" data-bg-color=\"#36415D\" data-fadeout=\"\" data-fadeout-percentage=\"30\" data-parallax-content=\"\" data-parallax-content-sense=\"30\" data-row-effect-mobile-disable=\"true\" data-img-parallax-mobile-disable=\"true\" data-rtl=\"false\"  data-custom-vc-row=\"\"  data-vc=\"8.7.2\"  data-is_old_vc=\"\"  data-theme-support=\"\"   data-overlay=\"false\" data-overlay-color=\"\" data-overlay-pattern=\"\" data-overlay-pattern-opacity=\"\" data-overlay-pattern-size=\"\"    ><\/div>\n<\/div>","protected":false},"excerpt":{"rendered":"<p>Kompakt, pr\u00e6cis og klar til brug, sk\u00e6rer hurtigt og sikkert p\u00e5 minimal plads Kompakt plug\u2011and\u2011play\u2011design, perfekt til trange produktionsrum. Servomotordrevne bord- og gribebev\u00e6gelser giver pr\u00e6cis sk\u00e6ring hver gang. Automatisk sikkerhedssystem stopper saven, n\u00e5r adgangsd\u00f8re \u00e5bnes. Fotocelle\u2011f\u00f8lsom afl\u00e6sning reducerer cyklustid \u2013 bare placer produkt og tryk start. Sk\u00e6rer friske og frosne f\u00f8devarer (k\u00f8d, fisk, gr\u00f8nt) \u2013&hellip;<\/p>","protected":false},"author":2,"featured_media":2939,"parent":0,"menu_order":0,"comment_status":"closed","ping_status":"closed","template":"","meta":{"footnotes":""},"categories":[29],"tags":[31],"class_list":["post-2570","page","type-page","status-publish","has-post-thumbnail","hentry","category-produkter","tag-mainali","description-off"],"_links":{"self":[{"href":"https:\/\/woitech.dk\/en\/wp-json\/wp\/v2\/pages\/2570","targetHints":{"allow":["GET"]}}],"collection":[{"href":"https:\/\/woitech.dk\/en\/wp-json\/wp\/v2\/pages"}],"about":[{"href":"https:\/\/woitech.dk\/en\/wp-json\/wp\/v2\/types\/page"}],"author":[{"embeddable":true,"href":"https:\/\/woitech.dk\/en\/wp-json\/wp\/v2\/users\/2"}],"replies":[{"embeddable":true,"href":"https:\/\/woitech.dk\/en\/wp-json\/wp\/v2\/comments?post=2570"}],"version-history":[{"count":37,"href":"https:\/\/woitech.dk\/en\/wp-json\/wp\/v2\/pages\/2570\/revisions"}],"predecessor-version":[{"id":5726,"href":"https:\/\/woitech.dk\/en\/wp-json\/wp\/v2\/pages\/2570\/revisions\/5726"}],"wp:featuredmedia":[{"embeddable":true,"href":"https:\/\/woitech.dk\/en\/wp-json\/wp\/v2\/media\/2939"}],"wp:attachment":[{"href":"https:\/\/woitech.dk\/en\/wp-json\/wp\/v2\/media?parent=2570"}],"wp:term":[{"taxonomy":"category","embeddable":true,"href":"https:\/\/woitech.dk\/en\/wp-json\/wp\/v2\/categories?post=2570"},{"taxonomy":"post_tag","embeddable":true,"href":"https:\/\/woitech.dk\/en\/wp-json\/wp\/v2\/tags?post=2570"}],"curies":[{"name":"wp","href":"https:\/\/api.w.org\/{rel}","templated":true}]}}