{"id":3331,"date":"2025-04-03T11:42:54","date_gmt":"2025-04-03T11:42:54","guid":{"rendered":"https:\/\/woitech.dk\/?page_id=3331"},"modified":"2025-10-10T08:55:33","modified_gmt":"2025-10-10T08:55:33","slug":"haandholdt-vaerktoej","status":"publish","type":"page","link":"https:\/\/woitech.dk\/en\/haandholdt-vaerktoej\/","title":{"rendered":"Process Hygiene Machines"},"content":{"rendered":"<div class=\"wpb-content-wrapper\"><div class=\"vc_row wpb_row vc_row-fluid\"><div class=\"wpb_column vc_column_container vc_col-sm-4\"><div class=\"vc_column-inner\"><div class=\"wpb_wrapper\">\n\t<div  class=\"wpb_single_image wpb_content_element vc_align_center\">\n\t\t\n\t\t<figure class=\"wpb_wrapper vc_figure\">\n\t\t\t<div class=\"vc_single_image-wrapper   vc_box_border_grey\"><img decoding=\"async\" class=\"vc_single_image-img\" src=\"https:\/\/woitech.dk\/wp-content\/uploads\/2025\/08\/Dedagger-500x200.png\" width=\"500\" height=\"200\" alt=\"Dedagger\" title=\"Dedagger\" loading=\"lazy\"  data-dt-location=\"https:\/\/woitech.dk\/en\/semi-automatiske-save\/dedagger\/\" \/><\/div>\n\t\t<\/figure>\n\t<\/div>\n<section class=\"vc_cta3-container\"><div class=\"vc_general vc_do_cta3 vc_cta3 vc_cta3-style-flat vc_cta3-shape-square vc_cta3-align-left vc_cta3-color-classic vc_cta3-icon-size-md vc_cta3-actions-bottom vc_custom_1760086488126\"><div class=\"vc_cta3_content-container\"><div class=\"vc_cta3-content\"><header class=\"vc_cta3-content-header\"><h3 style=\"color: #FFFFFF;text-align: left\" class=\"vc_custom_heading vc_do_custom_heading\" >DeDagger<\/h3><h3 style=\"font-size: 20px;color: #A58D52;text-align: left\" class=\"vc_custom_heading vc_do_custom_heading\" >Pork Industry<\/h3><\/header><p><strong><span style=\"color: #ffffff;\">Cleaner animals, faster flow, less strain<\/span><\/strong><\/p>\n<\/div><div class=\"vc_cta3-actions\"><div class=\"vc_btn3-container vc_btn3-inline\" ><a onmouseleave=\"this.style.borderColor='#A58D52'; this.style.backgroundColor='transparent'; this.style.color='#A58D52'\" onmouseenter=\"this.style.borderColor='#A58D52'; this.style.backgroundColor='#A58D52'; this.style.color='#fff';\" style=\"border-color:#A58D52; color:#A58D52;\" class=\"vc_general vc_btn3 vc_btn3-size-lg vc_btn3-shape-rounded vc_btn3-style-outline-custom\" href=\"https:\/\/woitech.dk\/en\/dedagger-2\/\" title=\"Dedagger\">Read more here!<\/a><\/div><\/div><\/div><\/div><\/section><\/div><\/div><\/div><div class=\"wpb_column vc_column_container vc_col-sm-4\"><div class=\"vc_column-inner\"><div class=\"wpb_wrapper\">\n\t<div  class=\"wpb_single_image wpb_content_element vc_align_center\">\n\t\t\n\t\t<figure class=\"wpb_wrapper vc_figure\">\n\t\t\t<div class=\"vc_single_image-wrapper   vc_box_border_grey\"><img decoding=\"async\" class=\"vc_single_image-img\" src=\"https:\/\/woitech.dk\/wp-content\/uploads\/2025\/08\/Combu-Sterilizer-WCS22-500x200.png\" width=\"500\" height=\"200\" alt=\"Combu Sterilizer WCS22\" title=\"Combu Sterilizer WCS22\" loading=\"lazy\"  data-dt-location=\"https:\/\/woitech.dk\/en\/haandholdt-vaerktoej\/combu-sterilizer-wcs22-2\/\" \/><\/div>\n\t\t<\/figure>\n\t<\/div>\n<section class=\"vc_cta3-container\"><div class=\"vc_general vc_do_cta3 vc_cta3 vc_cta3-style-flat vc_cta3-shape-square vc_cta3-align-left vc_cta3-color-classic vc_cta3-icon-size-md vc_cta3-actions-bottom vc_custom_1760086502342\"><div class=\"vc_cta3_content-container\"><div class=\"vc_cta3-content\"><header class=\"vc_cta3-content-header\"><h3 style=\"color: #FFFFFF;text-align: left\" class=\"vc_custom_heading vc_do_custom_heading\" >Combi Sterilizer WCS22<\/h3><h3 style=\"font-size: 20px;color: #A58D52;text-align: left\" class=\"vc_custom_heading vc_do_custom_heading\" >Pork, beef, poultry industry<\/h3><\/header><p><strong><span style=\"color: #ffffff;\">Total knife hygiene in seconds \u2013 maximum safety, minimal downtime.<\/span><\/strong><\/p>\n<\/div><div class=\"vc_cta3-actions\"><div class=\"vc_btn3-container vc_btn3-inline\" ><a onmouseleave=\"this.style.borderColor='#A58D52'; this.style.backgroundColor='transparent'; this.style.color='#A58D52'\" onmouseenter=\"this.style.borderColor='#A58D52'; this.style.backgroundColor='#A58D52'; this.style.color='#fff';\" style=\"border-color:#A58D52; color:#A58D52;\" class=\"vc_general vc_btn3 vc_btn3-size-lg vc_btn3-shape-rounded vc_btn3-style-outline-custom\" href=\"https:\/\/woitech.dk\/en\/combu-sterilizer-wcs22\/\" title=\"Combu Sterilizer WCS22\">Read more here!<\/a><\/div><\/div><\/div><\/div><\/section><\/div><\/div><\/div><div class=\"wpb_column vc_column_container vc_col-sm-4\"><div class=\"vc_column-inner\"><div class=\"wpb_wrapper\"><\/div><\/div><\/div><\/div><div class=\"vc_row wpb_row vc_row-fluid vc_custom_1754563888589 vc_row-o-content-middle vc_row-flex\"><div class=\"wpb_column vc_column_container vc_col-sm-12\"><div class=\"vc_column-inner\"><div class=\"wpb_wrapper\">\n\t<div class=\"wpb_text_column wpb_content_element  vc_custom_1759927769147\" >\n\t\t<div class=\"wpb_wrapper\">\n\t\t\t<h3 style=\"text-align: center;\"><span style=\"color: #ffffff;\">Do you want to hear more about how we can optimize your production?<\/span><\/h3>\n\n\t\t<\/div>\n\t<\/div>\n<style type=\"text\/css\" data-type=\"the7_shortcodes-inline-css\">#default-btn-f3f707a4af9c7dc64a3e912f94d8de45 {\n  border-radius: 3px;\n  font-size: 18px;\n  line-height: 20px;\n}\n.btn-shadow#default-btn-f3f707a4af9c7dc64a3e912f94d8de45 {\n  box-shadow: 0 1px 6px rgba(0,0,0,0.12);\n  transition: box-shadow 0.2s ease-out, opacity 0.45s;\n}\n.btn-shadow#default-btn-f3f707a4af9c7dc64a3e912f94d8de45:hover {\n  box-shadow: 0 5px 11px 0 rgba(0,0,0,0.18), 0 4px 15px 0 rgba(0,0,0,0.15);\n}\n.btn-3d#default-btn-f3f707a4af9c7dc64a3e912f94d8de45 {\n  box-shadow: 0px 2px 0px 0px #6a6250;\n}\n.btn-3d#default-btn-f3f707a4af9c7dc64a3e912f94d8de45:hover {\n  box-shadow: 0px 2px 0px 0px #423e32;\n}\n.btn-flat#default-btn-f3f707a4af9c7dc64a3e912f94d8de45 {\n  box-shadow: none;\n}\n.btn-flat#default-btn-f3f707a4af9c7dc64a3e912f94d8de45:hover {\n  box-shadow: none;\n}\n#default-btn-f3f707a4af9c7dc64a3e912f94d8de45.ico-right-side > i {\n  margin-right: 0px;\n  margin-left: 8px;\n}\n#default-btn-f3f707a4af9c7dc64a3e912f94d8de45 > i {\n  margin-right: 8px;\n  font-size: 25px;\n}\n#default-btn-f3f707a4af9c7dc64a3e912f94d8de45:not(:hover) {\n  border-width: 0px;\n  color: #ffffff;\n  background: #a58d52 !important;\n  padding: 25px 45px 25px 45px;\n}\n#default-btn-f3f707a4af9c7dc64a3e912f94d8de45:not(:hover) * {\n  color: #ffffff;\n}\n#default-btn-f3f707a4af9c7dc64a3e912f94d8de45:hover {\n  border-width: 0px;\n  color: #ffffff;\n  background: #77663b !important;\n  padding: 25px 45px 25px 45px;\n}\n#default-btn-f3f707a4af9c7dc64a3e912f94d8de45:hover * {\n  color: #ffffff;\n}\n#default-btn-f3f707a4af9c7dc64a3e912f94d8de45.ico-right-side > i {\n  margin-right: 0px;\n  margin-left: 8px;\n}\n#default-btn-f3f707a4af9c7dc64a3e912f94d8de45 > i {\n  margin-right: 8px;\n}\n<\/style><div class=\"btn-align-center\"><a href=\"https:\/\/woitech.dk\/en\/kontakt\/\" class=\"default-btn-shortcode dt-btn link-hover-off btn-shadow\" id=\"default-btn-f3f707a4af9c7dc64a3e912f94d8de45\" title=\"Contact\"><span>Book a non-binding meeting here!<\/span><\/a><\/div><\/div><\/div><\/div><\/div><!-- Row Backgrounds --><div class=\"upb_color\" data-bg-override=\"ex-full\" data-bg-color=\"#36415D\" data-fadeout=\"\" data-fadeout-percentage=\"30\" data-parallax-content=\"\" data-parallax-content-sense=\"30\" data-row-effect-mobile-disable=\"true\" data-img-parallax-mobile-disable=\"true\" data-rtl=\"false\"  data-custom-vc-row=\"\"  data-vc=\"8.7.2\"  data-is_old_vc=\"\"  data-theme-support=\"\"   data-overlay=\"false\" data-overlay-color=\"\" data-overlay-pattern=\"\" data-overlay-pattern-opacity=\"\" data-overlay-pattern-size=\"\"    ><\/div>\n<\/div>","protected":false},"excerpt":{"rendered":"<p>DeDaggerSvinek\u00f8dsindustrienRenere kreaturer, hurtigere flow, mindre belastning L\u00e6s mere her! Combi Sterilizer WCS22Svin, oksek\u00f8d, fjerkr\u00e6sindustrienTotal knivhygiejne p\u00e5 sekunder \u2013 maksimal sikkerhed, minimal nedetid. L\u00e6s mere her! Vil du h\u00f8re mere om hvordan vi kan optimere jeres produktion?<\/p>","protected":false},"author":3,"featured_media":3474,"parent":0,"menu_order":0,"comment_status":"closed","ping_status":"closed","template":"","meta":{"footnotes":""},"categories":[30],"tags":[],"class_list":["post-3331","page","type-page","status-publish","has-post-thumbnail","hentry","category-produktsider","description-off"],"_links":{"self":[{"href":"https:\/\/woitech.dk\/en\/wp-json\/wp\/v2\/pages\/3331","targetHints":{"allow":["GET"]}}],"collection":[{"href":"https:\/\/woitech.dk\/en\/wp-json\/wp\/v2\/pages"}],"about":[{"href":"https:\/\/woitech.dk\/en\/wp-json\/wp\/v2\/types\/page"}],"author":[{"embeddable":true,"href":"https:\/\/woitech.dk\/en\/wp-json\/wp\/v2\/users\/3"}],"replies":[{"embeddable":true,"href":"https:\/\/woitech.dk\/en\/wp-json\/wp\/v2\/comments?post=3331"}],"version-history":[{"count":34,"href":"https:\/\/woitech.dk\/en\/wp-json\/wp\/v2\/pages\/3331\/revisions"}],"predecessor-version":[{"id":5749,"href":"https:\/\/woitech.dk\/en\/wp-json\/wp\/v2\/pages\/3331\/revisions\/5749"}],"wp:featuredmedia":[{"embeddable":true,"href":"https:\/\/woitech.dk\/en\/wp-json\/wp\/v2\/media\/3474"}],"wp:attachment":[{"href":"https:\/\/woitech.dk\/en\/wp-json\/wp\/v2\/media?parent=3331"}],"wp:term":[{"taxonomy":"category","embeddable":true,"href":"https:\/\/woitech.dk\/en\/wp-json\/wp\/v2\/categories?post=3331"},{"taxonomy":"post_tag","embeddable":true,"href":"https:\/\/woitech.dk\/en\/wp-json\/wp\/v2\/tags?post=3331"}],"curies":[{"name":"wp","href":"https:\/\/api.w.org\/{rel}","templated":true}]}}