{"id":4808,"date":"2025-08-08T08:01:33","date_gmt":"2025-08-08T08:01:33","guid":{"rendered":"https:\/\/woitech.dk\/?page_id=4808"},"modified":"2025-10-08T12:34:54","modified_gmt":"2025-10-08T12:34:54","slug":"superskaerer","status":"publish","type":"page","link":"https:\/\/woitech.dk\/en\/superskaerer\/","title":{"rendered":"Supersk\u00e6rer WSC500"},"content":{"rendered":"<div class=\"wpb-content-wrapper\"><div class=\"vc_row wpb_row vc_row-fluid vc_custom_1756039181917 vc_row-has-fill vc_column-gap-20 vc_row-o-content-middle vc_row-flex\"><div class=\"wpb_column vc_column_container vc_col-sm-12\"><div class=\"vc_column-inner\"><div class=\"wpb_wrapper\">\n\t<div class=\"wpb_text_column wpb_content_element  vc_custom_1755261223150\" >\n\t\t<div class=\"wpb_wrapper\">\n\t\t\t<h2><span style=\"color: #ffffff;\">Cleaner cuts, higher yield \u2013 every time<\/span><\/h2>\n\n\t\t<\/div>\n\t<\/div>\n<div class=\"smile_icon_list_wrap ult_info_list_container ult-adjust-bottom-margin\"><ul class=\"smile_icon_list left circle with_bg\"><li class=\"icon_list_item\" style=\" font-size:30px;\"><div class=\"icon_list_icon\" data-animation=\"\" data-animation-delay=\"03\" style=\"font-size:10px;border-width:1px;border-style:none;background:#A58D52;color:#ffffff;border-color:#333333;\"><i class=\"icomoon-the7-font-the7-arrow-07\" ><\/i><\/div><div class=\"icon_description\" id=\"Info-list-wrap-8456\" style=\"font-size:10px;\"><h3 class=\"ult-responsive info-list-heading\"  data-ultimate-target='#Info-list-wrap-8456 h3'  data-responsive-json-new='{\"font-size\":\"desktop:20px;\",\"line-height\":\"desktop:24px;\"}'  style=\"color:#ffffff;\">Optimized yield \u2013 minimizes waste and increases profitability<\/h3><div class=\"icon_description_text ult-responsive\"  data-ultimate-target='#Info-list-wrap-8456 .icon_description_text'  data-responsive-json-new='{\"font-size\":\"desktop:13px;\",\"line-height\":\"desktop:18px;\"}'  style=\"\"><\/div><\/div><div class=\"icon_list_connector\"  style=\"border: none !important;\"><\/div><\/li><li class=\"icon_list_item\" style=\" font-size:30px;\"><div class=\"icon_list_icon\" data-animation=\"\" data-animation-delay=\"03\" style=\"font-size:10px;border-width:1px;border-style:none;background:#A58D52;color:#ffffff;border-color:#333333;\"><i class=\"icomoon-the7-font-the7-arrow-07\" ><\/i><\/div><div class=\"icon_description\" id=\"Info-list-wrap-8102\" style=\"font-size:10px;\"><h3 class=\"ult-responsive info-list-heading\"  data-ultimate-target='#Info-list-wrap-8102 h3'  data-responsive-json-new='{\"font-size\":\"desktop:20px;\",\"line-height\":\"desktop:24px;\"}'  style=\"color:#ffffff;\">Clean, smooth cuts<\/h3><div class=\"icon_description_text ult-responsive\"  data-ultimate-target='#Info-list-wrap-8102 .icon_description_text'  data-responsive-json-new='{\"font-size\":\"desktop:13px;\",\"line-height\":\"desktop:18px;\"}'  style=\"\"><\/div><\/div><div class=\"icon_list_connector\"  style=\"border: none !important;\"><\/div><\/li><li class=\"icon_list_item\" style=\" font-size:30px;\"><div class=\"icon_list_icon\" data-animation=\"\" data-animation-delay=\"03\" style=\"font-size:10px;border-width:1px;border-style:none;background:#A58D52;color:#ffffff;border-color:#333333;\"><i class=\"icomoon-the7-font-the7-arrow-07\" ><\/i><\/div><div class=\"icon_description\" id=\"Info-list-wrap-6301\" style=\"font-size:10px;\"><h3 class=\"ult-responsive info-list-heading\"  data-ultimate-target='#Info-list-wrap-6301 h3'  data-responsive-json-new='{\"font-size\":\"desktop:20px;\",\"line-height\":\"desktop:24px;\"}'  style=\"color:#ffffff;\">Less bone splinter \u2013 reduces contamination and improves product presentation<\/h3><div class=\"icon_description_text ult-responsive\"  data-ultimate-target='#Info-list-wrap-6301 .icon_description_text'  data-responsive-json-new='{\"font-size\":\"desktop:13px;\",\"line-height\":\"desktop:18px;\"}'  style=\"\"><\/div><\/div><div class=\"icon_list_connector\"  style=\"border: none !important;\"><\/div><\/li><li class=\"icon_list_item\" style=\" font-size:30px;\"><div class=\"icon_list_icon\" data-animation=\"\" data-animation-delay=\"03\" style=\"font-size:10px;border-width:1px;border-style:none;background:#A58D52;color:#ffffff;border-color:#333333;\"><i class=\"icomoon-the7-font-the7-arrow-07\" ><\/i><\/div><div class=\"icon_description\" id=\"Info-list-wrap-5234\" style=\"font-size:10px;\"><h3 class=\"ult-responsive info-list-heading\"  data-ultimate-target='#Info-list-wrap-5234 h3'  data-responsive-json-new='{\"font-size\":\"desktop:20px;\",\"line-height\":\"desktop:24px;\"}'  style=\"color:#ffffff;\">Special-shaped cutting edge \u2013 cuts cleanly through both meat and bone<\/h3><div class=\"icon_description_text ult-responsive\"  data-ultimate-target='#Info-list-wrap-5234 .icon_description_text'  data-responsive-json-new='{\"font-size\":\"desktop:13px;\",\"line-height\":\"desktop:18px;\"}'  style=\"\"><\/div><\/div><div class=\"icon_list_connector\"  style=\"border: none !important;\"><\/div><\/li><\/ul><\/div>\n\t<div class=\"wpb_text_column wpb_content_element  vc_custom_1754651424712\" >\n\t\t<div class=\"wpb_wrapper\">\n\t\t\t<h3><span style=\"color: #ffffff;\">Options<\/span><\/h3>\n\n\t\t<\/div>\n\t<\/div>\n<div class=\"smile_icon_list_wrap ult_info_list_container ult-adjust-bottom-margin\"><ul class=\"smile_icon_list left circle with_bg\"><li class=\"icon_list_item\" style=\" font-size:30px;\"><div class=\"icon_list_icon\" data-animation=\"\" data-animation-delay=\"03\" style=\"font-size:10px;border-width:1px;border-style:none;background:#A58D52;color:#ffffff;border-color:#333333;\"><i class=\"icomoon-the7-font-the7-arrow-07\" ><\/i><\/div><div class=\"icon_description\" id=\"Info-list-wrap-6338\" style=\"font-size:10px;\"><h4 class=\"ult-responsive info-list-heading\"  data-ultimate-target='#Info-list-wrap-6338 h4'  data-responsive-json-new='{\"font-size\":\"desktop:20px;\",\"line-height\":\"desktop:24px;\"}'  style=\"color:#ffffff;\">Pre-cut saw for clean cuts through bone<\/h4><div class=\"icon_description_text ult-responsive\"  data-ultimate-target='#Info-list-wrap-6338 .icon_description_text'  data-responsive-json-new='{\"font-size\":\"desktop:13px;\",\"line-height\":\"desktop:18px;\"}'  style=\"\"><\/div><\/div><div class=\"icon_list_connector\"  style=\"border: none !important;\"><\/div><\/li><li class=\"icon_list_item\" style=\" font-size:30px;\"><div class=\"icon_list_icon\" data-animation=\"\" data-animation-delay=\"03\" style=\"font-size:10px;border-width:1px;border-style:none;background:#A58D52;color:#ffffff;border-color:#333333;\"><i class=\"icomoon-the7-font-the7-arrow-07\" ><\/i><\/div><div class=\"icon_description\" id=\"Info-list-wrap-6422\" style=\"font-size:10px;\"><h4 class=\"ult-responsive info-list-heading\"  data-ultimate-target='#Info-list-wrap-6422 h4'  data-responsive-json-new='{\"font-size\":\"desktop:20px;\",\"line-height\":\"desktop:24px;\"}'  style=\"color:#ffffff;\">Knife stop with vision-based safety system<\/h4><div class=\"icon_description_text ult-responsive\"  data-ultimate-target='#Info-list-wrap-6422 .icon_description_text'  data-responsive-json-new='{\"font-size\":\"desktop:13px;\",\"line-height\":\"desktop:18px;\"}'  style=\"\"><\/div><\/div><div class=\"icon_list_connector\"  style=\"border: none !important;\"><\/div><\/li><\/ul><\/div>\n\t<div  class=\"wpb_single_image wpb_content_element vc_align_center  vc_custom_1755261088306\">\n\t\t\n\t\t<figure class=\"wpb_wrapper vc_figure\">\n\t\t\t<a href=\"https:\/\/woitech.dk\/wp-content\/uploads\/2025\/08\/Skaermbillede-2025-08-15-kl.-14.17.48.png\" target=\"_self\" data-large_image_width=\"1074\" data-large_image_height=\"1548\"  class=\"vc_single_image-wrapper   vc_box_border_grey dt-pswp-item rollover rollover-zoom\"   ><img decoding=\"async\" class=\"vc_single_image-img\" src=\"https:\/\/woitech.dk\/wp-content\/uploads\/2025\/08\/Skaermbillede-2025-08-15-kl.-14.17.48-800x400.png\" width=\"800\" height=\"400\" alt=\"Sk\u00e6rmbillede 2025-08-15 kl. 14.17.48\" title=\"Sk\u00e6rmbillede 2025-08-15 kl. 14.17.48\" loading=\"lazy\"  data-dt-location=\"https:\/\/woitech.dk\/en\/superskaerer-wsc750\/skaermbillede-2025-08-15-kl-14-17-48\/\" \/><\/a>\n\t\t<\/figure>\n\t<\/div>\n<section class=\"vc_cta3-container\"><div class=\"vc_general vc_do_cta3 vc_cta3 vc_cta3-style-outline vc_cta3-shape-rounded vc_cta3-align-left vc_cta3-color-classic vc_cta3-icon-size-md vc_cta3-actions-bottom vc_custom_1756043194277\"><div class=\"vc_cta3_content-container\"><div class=\"vc_cta3-content\"><header class=\"vc_cta3-content-header\"><\/header><h4>Our circular knives are built for precision, durability, and maximum efficiency in pork processing.\nWith a design optimized for the most demanding production environments, you get cleaner cuts, less waste, and improved product presentation.\nThis means a stronger bottom line, shorter production time, and more consistent results.<\/h4>\n<\/div><div class=\"vc_cta3-actions\"><div class=\"vc_btn3-container vc_btn3-left\" ><a onmouseleave=\"this.style.borderColor='#A58D52'; this.style.backgroundColor='transparent'; this.style.color='#A58D52'\" onmouseenter=\"this.style.borderColor='#77663B'; this.style.backgroundColor='#77663B'; this.style.color='#fff';\" style=\"border-color:#A58D52; color:#A58D52;\" class=\"vc_general vc_btn3 vc_btn3-size-sm vc_btn3-shape-rounded vc_btn3-style-outline-custom\" href=\"https:\/\/woitech.dk\/en\/kontakt\/\" title=\"Contact\">Contact us for a quote<\/a><\/div><\/div><\/div><\/div><\/section><\/div><\/div><\/div><\/div><!-- Row Backgrounds --><div class=\"upb_bg_img\" data-ultimate-bg=\"url(https:\/\/woitech.dk\/wp-content\/uploads\/2025\/07\/fullscreen-copy.png)\" data-image-id=\"id^4384|url^https:\/\/woitech.dk\/wp-content\/uploads\/2025\/07\/fullscreen-copy.png|caption^null|alt^null|title^fullscreen copy|description^null\" data-ultimate-bg-style=\"vcpb-default\" data-bg-img-repeat=\"no-repeat\" data-bg-img-size=\"cover\" data-bg-img-position=\"\" data-parallx_sense=\"30\" data-bg-override=\"0\" data-bg_img_attach=\"scroll\" data-upb-overlay-color=\"\" data-upb-bg-animation=\"\" data-fadeout=\"\" data-bg-animation=\"left-animation\" data-bg-animation-type=\"h\" data-animation-repeat=\"repeat\" data-fadeout-percentage=\"30\" data-parallax-content=\"\" data-parallax-content-sense=\"30\" data-row-effect-mobile-disable=\"true\" data-img-parallax-mobile-disable=\"true\" data-rtl=\"false\"  data-custom-vc-row=\"\"  data-vc=\"8.7.2\"  data-is_old_vc=\"\"  data-theme-support=\"\"   data-overlay=\"false\" data-overlay-color=\"\" data-overlay-pattern=\"\" data-overlay-pattern-opacity=\"\" data-overlay-pattern-size=\"\"     data-hide-row=\" uvc_hidden-lg  uvc_hidden-ml  uvc_hidden-md  uvc_hidden-sm \" ><\/div><div class=\"vc_row wpb_row vc_row-fluid vc_custom_1756037365830 vc_row-has-fill vc_column-gap-20 vc_row-o-content-middle vc_row-flex\"><div class=\"wpb_column vc_column_container vc_col-sm-12\"><div class=\"vc_column-inner vc_custom_1754560089447\"><div class=\"wpb_wrapper\">\n\t<div class=\"wpb_text_column wpb_content_element  vc_custom_1755261223150\" >\n\t\t<div class=\"wpb_wrapper\">\n\t\t\t<h2><span style=\"color: #ffffff;\">Cleaner cuts, higher yield \u2013 every time<\/span><\/h2>\n\n\t\t<\/div>\n\t<\/div>\n<div class=\"vc_row wpb_row vc_inner vc_row-fluid\"><div class=\"wpb_column vc_column_container vc_col-sm-6\"><div class=\"vc_column-inner\"><div class=\"wpb_wrapper\"><div class=\"smile_icon_list_wrap ult_info_list_container ult-adjust-bottom-margin\"><ul class=\"smile_icon_list left circle with_bg\"><li class=\"icon_list_item\" style=\" font-size:45px;\"><div class=\"icon_list_icon\" data-animation=\"\" data-animation-delay=\"03\" style=\"font-size:15px;border-width:1px;border-style:none;background:#A58D52;color:#ffffff;border-color:#333333;\"><i class=\"icomoon-the7-font-the7-arrow-07\" ><\/i><\/div><div class=\"icon_description\" id=\"Info-list-wrap-7965\" style=\"font-size:15px;\"><h3 class=\"ult-responsive info-list-heading\"  data-ultimate-target='#Info-list-wrap-7965 h3'  data-responsive-json-new='{\"font-size\":\"desktop:20px;\",\"line-height\":\"desktop:24px;\"}'  style=\"color:#ffffff;\">Optimized yield \u2013 minimizes waste and increases profitability<\/h3><div class=\"icon_description_text ult-responsive\"  data-ultimate-target='#Info-list-wrap-7965 .icon_description_text'  data-responsive-json-new='{\"font-size\":\"desktop:13px;\",\"line-height\":\"desktop:18px;\"}'  style=\"\"><\/div><\/div><div class=\"icon_list_connector\"  style=\"border: none !important;\"><\/div><\/li><li class=\"icon_list_item\" style=\" font-size:45px;\"><div class=\"icon_list_icon\" data-animation=\"\" data-animation-delay=\"03\" style=\"font-size:15px;border-width:1px;border-style:none;background:#A58D52;color:#ffffff;border-color:#333333;\"><i class=\"icomoon-the7-font-the7-arrow-07\" ><\/i><\/div><div class=\"icon_description\" id=\"Info-list-wrap-2430\" style=\"font-size:15px;\"><h3 class=\"ult-responsive info-list-heading\"  data-ultimate-target='#Info-list-wrap-2430 h3'  data-responsive-json-new='{\"font-size\":\"desktop:20px;\",\"line-height\":\"desktop:24px;\"}'  style=\"color:#ffffff;\">Clean, smooth cuts<\/h3><div class=\"icon_description_text ult-responsive\"  data-ultimate-target='#Info-list-wrap-2430 .icon_description_text'  data-responsive-json-new='{\"font-size\":\"desktop:13px;\",\"line-height\":\"desktop:18px;\"}'  style=\"\"><\/div><\/div><div class=\"icon_list_connector\"  style=\"border: none !important;\"><\/div><\/li><li class=\"icon_list_item\" style=\" font-size:45px;\"><div class=\"icon_list_icon\" data-animation=\"\" data-animation-delay=\"03\" style=\"font-size:15px;border-width:1px;border-style:none;background:#A58D52;color:#ffffff;border-color:#333333;\"><i class=\"icomoon-the7-font-the7-arrow-07\" ><\/i><\/div><div class=\"icon_description\" id=\"Info-list-wrap-8873\" style=\"font-size:15px;\"><h3 class=\"ult-responsive info-list-heading\"  data-ultimate-target='#Info-list-wrap-8873 h3'  data-responsive-json-new='{\"font-size\":\"desktop:20px;\",\"line-height\":\"desktop:24px;\"}'  style=\"color:#ffffff;\">Less bone splinter \u2013 reduces contamination and improves product presentation<\/h3><div class=\"icon_description_text ult-responsive\"  data-ultimate-target='#Info-list-wrap-8873 .icon_description_text'  data-responsive-json-new='{\"font-size\":\"desktop:13px;\",\"line-height\":\"desktop:18px;\"}'  style=\"\"><\/div><\/div><div class=\"icon_list_connector\"  style=\"border: none !important;\"><\/div><\/li><li class=\"icon_list_item\" style=\" font-size:45px;\"><div class=\"icon_list_icon\" data-animation=\"\" data-animation-delay=\"03\" style=\"font-size:15px;border-width:1px;border-style:none;background:#A58D52;color:#ffffff;border-color:#333333;\"><i class=\"icomoon-the7-font-the7-arrow-07\" ><\/i><\/div><div class=\"icon_description\" id=\"Info-list-wrap-5166\" style=\"font-size:15px;\"><h3 class=\"ult-responsive info-list-heading\"  data-ultimate-target='#Info-list-wrap-5166 h3'  data-responsive-json-new='{\"font-size\":\"desktop:20px;\",\"line-height\":\"desktop:24px;\"}'  style=\"color:#ffffff;\">Special-shaped cutting edge \u2013 cuts cleanly through both meat and bone<\/h3><div class=\"icon_description_text ult-responsive\"  data-ultimate-target='#Info-list-wrap-5166 .icon_description_text'  data-responsive-json-new='{\"font-size\":\"desktop:13px;\",\"line-height\":\"desktop:18px;\"}'  style=\"\"><\/div><\/div><div class=\"icon_list_connector\"  style=\"border: none !important;\"><\/div><\/li><\/ul><\/div>\n\t<div class=\"wpb_text_column wpb_content_element  vc_custom_1754651424712\" >\n\t\t<div class=\"wpb_wrapper\">\n\t\t\t<h3><span style=\"color: #ffffff;\">Options<\/span><\/h3>\n\n\t\t<\/div>\n\t<\/div>\n<div class=\"smile_icon_list_wrap ult_info_list_container ult-adjust-bottom-margin\"><ul class=\"smile_icon_list left circle with_bg\"><li class=\"icon_list_item\" style=\" font-size:45px;\"><div class=\"icon_list_icon\" data-animation=\"\" data-animation-delay=\"03\" style=\"font-size:15px;border-width:1px;border-style:none;background:#A58D52;color:#ffffff;border-color:#333333;\"><i class=\"icomoon-the7-font-the7-arrow-07\" ><\/i><\/div><div class=\"icon_description\" id=\"Info-list-wrap-7384\" style=\"font-size:15px;\"><h4 class=\"ult-responsive info-list-heading\"  data-ultimate-target='#Info-list-wrap-7384 h4'  data-responsive-json-new='{\"font-size\":\"desktop:20px;\",\"line-height\":\"desktop:24px;\"}'  style=\"color:#ffffff;\">Pre-cut saw for clean cuts through bone<\/h4><div class=\"icon_description_text ult-responsive\"  data-ultimate-target='#Info-list-wrap-7384 .icon_description_text'  data-responsive-json-new='{\"font-size\":\"desktop:13px;\",\"line-height\":\"desktop:18px;\"}'  style=\"\"><\/div><\/div><div class=\"icon_list_connector\"  style=\"border: none !important;\"><\/div><\/li><li class=\"icon_list_item\" style=\" font-size:45px;\"><div class=\"icon_list_icon\" data-animation=\"\" data-animation-delay=\"03\" style=\"font-size:15px;border-width:1px;border-style:none;background:#A58D52;color:#ffffff;border-color:#333333;\"><i class=\"icomoon-the7-font-the7-arrow-07\" ><\/i><\/div><div class=\"icon_description\" id=\"Info-list-wrap-8680\" style=\"font-size:15px;\"><h4 class=\"ult-responsive info-list-heading\"  data-ultimate-target='#Info-list-wrap-8680 h4'  data-responsive-json-new='{\"font-size\":\"desktop:20px;\",\"line-height\":\"desktop:24px;\"}'  style=\"color:#ffffff;\">Knife stop with vision-based safety system<\/h4><div class=\"icon_description_text ult-responsive\"  data-ultimate-target='#Info-list-wrap-8680 .icon_description_text'  data-responsive-json-new='{\"font-size\":\"desktop:13px;\",\"line-height\":\"desktop:18px;\"}'  style=\"\"><\/div><\/div><div class=\"icon_list_connector\"  style=\"border: none !important;\"><\/div><\/li><\/ul><\/div><\/div><\/div><\/div><div class=\"wpb_column vc_column_container vc_col-sm-6\"><div class=\"vc_column-inner\"><div class=\"wpb_wrapper\">\n\t<div  class=\"wpb_single_image wpb_content_element vc_align_center  vc_custom_1755261088306\">\n\t\t\n\t\t<figure class=\"wpb_wrapper vc_figure\">\n\t\t\t<a href=\"https:\/\/woitech.dk\/wp-content\/uploads\/2025\/08\/Skaermbillede-2025-08-15-kl.-14.17.48.png\" target=\"_self\" data-large_image_width=\"1074\" data-large_image_height=\"1548\"  class=\"vc_single_image-wrapper   vc_box_border_grey dt-pswp-item rollover rollover-zoom\"   ><img decoding=\"async\" class=\"vc_single_image-img\" src=\"https:\/\/woitech.dk\/wp-content\/uploads\/2025\/08\/Skaermbillede-2025-08-15-kl.-14.17.48-800x400.png\" width=\"800\" height=\"400\" alt=\"Sk\u00e6rmbillede 2025-08-15 kl. 14.17.48\" title=\"Sk\u00e6rmbillede 2025-08-15 kl. 14.17.48\" loading=\"lazy\"  data-dt-location=\"https:\/\/woitech.dk\/en\/superskaerer-wsc750\/skaermbillede-2025-08-15-kl-14-17-48\/\" \/><\/a>\n\t\t<\/figure>\n\t<\/div>\n<section class=\"vc_cta3-container\"><div class=\"vc_general vc_do_cta3 vc_cta3 vc_cta3-style-outline vc_cta3-shape-rounded vc_cta3-align-left vc_cta3-color-classic vc_cta3-icon-size-md vc_cta3-actions-bottom vc_custom_1755261118453\"><div class=\"vc_cta3_content-container\"><div class=\"vc_cta3-content\"><header class=\"vc_cta3-content-header\"><\/header><h4>Our circular knives are built for precision, durability, and maximum efficiency in pork processing.\nWith a design optimized for the most demanding production environments, you get cleaner cuts, less waste, and improved product presentation.\nThis means a stronger bottom line, shorter production time, and more consistent results.<\/h4>\n<\/div><div class=\"vc_cta3-actions\"><div class=\"vc_btn3-container vc_btn3-left\" ><a onmouseleave=\"this.style.borderColor='#A58D52'; this.style.backgroundColor='transparent'; this.style.color='#A58D52'\" onmouseenter=\"this.style.borderColor='#77663B'; this.style.backgroundColor='#77663B'; this.style.color='#fff';\" style=\"border-color:#A58D52; color:#A58D52;\" class=\"vc_general vc_btn3 vc_btn3-size-lg vc_btn3-shape-rounded vc_btn3-style-outline-custom\" href=\"https:\/\/woitech.dk\/en\/kontakt\/\" title=\"Contact\">Contact us for a quote<\/a><\/div><\/div><\/div><\/div><\/section><\/div><\/div><\/div><\/div><\/div><\/div><\/div><\/div><!-- Row Backgrounds --><div class=\"upb_bg_img\" data-ultimate-bg=\"url(https:\/\/woitech.dk\/wp-content\/uploads\/2025\/07\/fullscreen-copy.png)\" data-image-id=\"id^4384|url^https:\/\/woitech.dk\/wp-content\/uploads\/2025\/07\/fullscreen-copy.png|caption^null|alt^null|title^fullscreen copy|description^null\" data-ultimate-bg-style=\"vcpb-default\" data-bg-img-repeat=\"no-repeat\" data-bg-img-size=\"cover\" data-bg-img-position=\"\" data-parallx_sense=\"30\" data-bg-override=\"0\" data-bg_img_attach=\"scroll\" data-upb-overlay-color=\"\" data-upb-bg-animation=\"\" data-fadeout=\"\" data-bg-animation=\"left-animation\" data-bg-animation-type=\"h\" data-animation-repeat=\"repeat\" data-fadeout-percentage=\"30\" data-parallax-content=\"\" data-parallax-content-sense=\"30\" data-row-effect-mobile-disable=\"true\" data-img-parallax-mobile-disable=\"true\" data-rtl=\"false\"  data-custom-vc-row=\"\"  data-vc=\"8.7.2\"  data-is_old_vc=\"\"  data-theme-support=\"\"   data-overlay=\"false\" data-overlay-color=\"\" data-overlay-pattern=\"\" data-overlay-pattern-opacity=\"\" data-overlay-pattern-size=\"\"     data-hide-row=\" uvc_hidden-xs  uvc_hidden-xsl \" ><\/div><div class=\"vc_row wpb_row vc_row-fluid\"><div class=\"wpb_column vc_column_container vc_col-sm-12\"><div class=\"vc_column-inner\"><div class=\"wpb_wrapper\"><div class=\"ult-spacer spacer-69e312a639d45\" data-id=\"69e312a639d45\" data-height=\"75\" data-height-mobile=\"30\" data-height-tab=\"65\" data-height-tab-portrait=\"50\" data-height-mobile-landscape=\"30\" style=\"clear:both;display:block;\"><\/div><\/div><\/div><\/div><\/div><div class=\"vc_row wpb_row vc_row-fluid vc_custom_1754563888589 vc_row-o-content-middle vc_row-flex\"><div class=\"wpb_column vc_column_container vc_col-sm-12\"><div class=\"vc_column-inner\"><div class=\"wpb_wrapper\">\n\t<div class=\"wpb_text_column wpb_content_element  vc_custom_1755260891710\" >\n\t\t<div class=\"wpb_wrapper\">\n\t\t\t<h2 style=\"text-align: center;\"><span style=\"color: #ffffff;\">Do you want to hear more about how we can optimize your production?<\/span><\/h2>\n\n\t\t<\/div>\n\t<\/div>\n<style type=\"text\/css\" data-type=\"the7_shortcodes-inline-css\">#default-btn-36dca6e9b3604831c6bf9816bf6e0930 {\n  border-radius: 3px;\n  font-size: 25px;\n  line-height: 27px;\n}\n.btn-shadow#default-btn-36dca6e9b3604831c6bf9816bf6e0930 {\n  box-shadow: 0 1px 6px rgba(0,0,0,0.12);\n  transition: box-shadow 0.2s ease-out, opacity 0.45s;\n}\n.btn-shadow#default-btn-36dca6e9b3604831c6bf9816bf6e0930:hover {\n  box-shadow: 0 5px 11px 0 rgba(0,0,0,0.18), 0 4px 15px 0 rgba(0,0,0,0.15);\n}\n.btn-3d#default-btn-36dca6e9b3604831c6bf9816bf6e0930 {\n  box-shadow: 0px 2px 0px 0px #6a6250;\n}\n.btn-3d#default-btn-36dca6e9b3604831c6bf9816bf6e0930:hover {\n  box-shadow: 0px 2px 0px 0px #423e32;\n}\n.btn-flat#default-btn-36dca6e9b3604831c6bf9816bf6e0930 {\n  box-shadow: none;\n}\n.btn-flat#default-btn-36dca6e9b3604831c6bf9816bf6e0930:hover {\n  box-shadow: none;\n}\n#default-btn-36dca6e9b3604831c6bf9816bf6e0930.ico-right-side > i {\n  margin-right: 0px;\n  margin-left: 8px;\n}\n#default-btn-36dca6e9b3604831c6bf9816bf6e0930 > i {\n  margin-right: 8px;\n  font-size: 25px;\n}\n#default-btn-36dca6e9b3604831c6bf9816bf6e0930:not(:hover) {\n  border-width: 0px;\n  color: #ffffff;\n  background: #a58d52 !important;\n  padding: 25px 45px 25px 45px;\n}\n#default-btn-36dca6e9b3604831c6bf9816bf6e0930:not(:hover) * {\n  color: #ffffff;\n}\n#default-btn-36dca6e9b3604831c6bf9816bf6e0930:hover {\n  border-width: 0px;\n  color: #ffffff;\n  background: #77663b !important;\n  padding: 25px 45px 25px 45px;\n}\n#default-btn-36dca6e9b3604831c6bf9816bf6e0930:hover * {\n  color: #ffffff;\n}\n#default-btn-36dca6e9b3604831c6bf9816bf6e0930.ico-right-side > i {\n  margin-right: 0px;\n  margin-left: 8px;\n}\n#default-btn-36dca6e9b3604831c6bf9816bf6e0930 > i {\n  margin-right: 8px;\n}\n<\/style><div class=\"btn-align-center\"><a href=\"https:\/\/woitech.dk\/en\/kontakt\/\" class=\"default-btn-shortcode dt-btn link-hover-off btn-shadow\" id=\"default-btn-36dca6e9b3604831c6bf9816bf6e0930\" title=\"Contact\"><span>Book a non-binding meeting here!<\/span><\/a><\/div><\/div><\/div><\/div><\/div><!-- Row Backgrounds --><div class=\"upb_color\" data-bg-override=\"ex-full\" data-bg-color=\"#36415D\" data-fadeout=\"\" data-fadeout-percentage=\"30\" data-parallax-content=\"\" data-parallax-content-sense=\"30\" data-row-effect-mobile-disable=\"true\" data-img-parallax-mobile-disable=\"true\" data-rtl=\"false\"  data-custom-vc-row=\"\"  data-vc=\"8.7.2\"  data-is_old_vc=\"\"  data-theme-support=\"\"   data-overlay=\"false\" data-overlay-color=\"\" data-overlay-pattern=\"\" data-overlay-pattern-opacity=\"\" data-overlay-pattern-size=\"\"    ><\/div>\n<\/div>","protected":false},"excerpt":{"rendered":"<p>Renere snit, h\u00f8jere udbytte &#8211; hver gang Optimeret udbytte \u2013 Minimerer spild og \u00f8ger rentabilitetenRene, glatte snitMindre bensk\u00e6rv. Mindsker kontaminering og forbedrer produktets pr\u00e6sentationSpecialformet sk\u00e6rekant. Sk\u00e6rer rent gennem b\u00e5de k\u00f8d og ben Optioner Forsk\u00e6ringssav til rene snit gennem benKnivstop med visionsbaseret sikkerhedssystem Vores cirkul\u00e6re knive er skabt til pr\u00e6cision, holdbarhed og maksimal effektivitet i svineforarbejdning.&hellip;<\/p>","protected":false},"author":3,"featured_media":0,"parent":0,"menu_order":0,"comment_status":"closed","ping_status":"closed","template":"","meta":{"footnotes":""},"categories":[],"tags":[],"class_list":["post-4808","page","type-page","status-publish","hentry","description-off"],"_links":{"self":[{"href":"https:\/\/woitech.dk\/en\/wp-json\/wp\/v2\/pages\/4808","targetHints":{"allow":["GET"]}}],"collection":[{"href":"https:\/\/woitech.dk\/en\/wp-json\/wp\/v2\/pages"}],"about":[{"href":"https:\/\/woitech.dk\/en\/wp-json\/wp\/v2\/types\/page"}],"author":[{"embeddable":true,"href":"https:\/\/woitech.dk\/en\/wp-json\/wp\/v2\/users\/3"}],"replies":[{"embeddable":true,"href":"https:\/\/woitech.dk\/en\/wp-json\/wp\/v2\/comments?post=4808"}],"version-history":[{"count":23,"href":"https:\/\/woitech.dk\/en\/wp-json\/wp\/v2\/pages\/4808\/revisions"}],"predecessor-version":[{"id":5715,"href":"https:\/\/woitech.dk\/en\/wp-json\/wp\/v2\/pages\/4808\/revisions\/5715"}],"wp:attachment":[{"href":"https:\/\/woitech.dk\/en\/wp-json\/wp\/v2\/media?parent=4808"}],"wp:term":[{"taxonomy":"category","embeddable":true,"href":"https:\/\/woitech.dk\/en\/wp-json\/wp\/v2\/categories?post=4808"},{"taxonomy":"post_tag","embeddable":true,"href":"https:\/\/woitech.dk\/en\/wp-json\/wp\/v2\/tags?post=4808"}],"curies":[{"name":"wp","href":"https:\/\/api.w.org\/{rel}","templated":true}]}}