{"id":5234,"date":"2025-08-15T10:24:00","date_gmt":"2025-08-15T10:24:00","guid":{"rendered":"https:\/\/woitech.dk\/?page_id=5234"},"modified":"2025-10-10T08:54:17","modified_gmt":"2025-10-10T08:54:17","slug":"palleterings-cobot","status":"publish","type":"page","link":"https:\/\/woitech.dk\/en\/palleterings-cobot\/","title":{"rendered":"Palletizing Cobot"},"content":{"rendered":"<div class=\"wpb-content-wrapper\"><div class=\"vc_row wpb_row vc_row-fluid vc_custom_1756037017143 vc_row-has-fill vc_column-gap-20 vc_row-o-content-middle vc_row-flex\"><div class=\"wpb_column vc_column_container vc_col-sm-12\"><div class=\"vc_column-inner vc_custom_1754560089447\"><div class=\"wpb_wrapper\">\n\t<div class=\"wpb_text_column wpb_content_element  vc_custom_1755253514543\" >\n\t\t<div class=\"wpb_wrapper\">\n\t\t\t<h2 data-start=\"68\" data-end=\"130\"><span style=\"color: #ffffff;\"><strong data-start=\"68\" data-end=\"128\">Palletizing without breaks \u2013 fast, flexible, and safe<\/strong><\/span><\/h2>\n\n\t\t<\/div>\n\t<\/div>\n<div class=\"smile_icon_list_wrap ult_info_list_container ult-adjust-bottom-margin\"><ul class=\"smile_icon_list left circle with_bg\"><li class=\"icon_list_item\" style=\" font-size:45px;\"><div class=\"icon_list_icon\" data-animation=\"\" data-animation-delay=\"03\" style=\"font-size:15px;border-width:1px;border-style:none;background:#A58D52;color:#ffffff;border-color:#333333;\"><i class=\"icomoon-the7-font-the7-arrow-07\" ><\/i><\/div><div class=\"icon_description\" id=\"Info-list-wrap-5815\" style=\"font-size:15px;\"><div class=\"icon_description_text ult-responsive\"  data-ultimate-target='#Info-list-wrap-5815 .icon_description_text'  data-responsive-json-new='{\"font-size\":\"desktop:13px;\",\"line-height\":\"desktop:18px;\"}'  style=\"\"><p><span style=\"color: #ffffff;\"><strong>Two pallet positions \u2013 enables continuous palletizing by switching pallets when one is full<\/strong><\/span><\/p>\n<\/div><\/div><div class=\"icon_list_connector\"  style=\"border: none !important;\"><\/div><\/li><li class=\"icon_list_item\" style=\" font-size:45px;\"><div class=\"icon_list_icon\" data-animation=\"\" data-animation-delay=\"03\" style=\"font-size:15px;border-width:1px;border-style:none;background:#A58D52;color:#ffffff;border-color:#333333;\"><i class=\"icomoon-the7-font-the7-arrow-07\" ><\/i><\/div><div class=\"icon_description\" id=\"Info-list-wrap-7940\" style=\"font-size:15px;\"><div class=\"icon_description_text ult-responsive\"  data-ultimate-target='#Info-list-wrap-7940 .icon_description_text'  data-responsive-json-new='{\"font-size\":\"desktop:13px;\",\"line-height\":\"desktop:18px;\"}'  style=\"\"><p><span style=\"color: #ffffff;\"><strong>Seamless integration \u2013 fits into existing production lines<\/strong><\/span><\/p>\n<\/div><\/div><div class=\"icon_list_connector\"  style=\"border: none !important;\"><\/div><\/li><li class=\"icon_list_item\" style=\" font-size:45px;\"><div class=\"icon_list_icon\" data-animation=\"\" data-animation-delay=\"03\" style=\"font-size:15px;border-width:1px;border-style:none;background:#A58D52;color:#ffffff;border-color:#333333;\"><i class=\"icomoon-the7-font-the7-arrow-07\" ><\/i><\/div><div class=\"icon_description\" id=\"Info-list-wrap-8294\" style=\"font-size:15px;\"><div class=\"icon_description_text ult-responsive\"  data-ultimate-target='#Info-list-wrap-8294 .icon_description_text'  data-responsive-json-new='{\"font-size\":\"desktop:13px;\",\"line-height\":\"desktop:18px;\"}'  style=\"\"><p><span style=\"color: #ffffff;\"><strong>Easy setup with quick adjustments<\/strong><\/span><\/p>\n<\/div><\/div><div class=\"icon_list_connector\"  style=\"border: none !important;\"><\/div><\/li><li class=\"icon_list_item\" style=\" font-size:45px;\"><div class=\"icon_list_icon\" data-animation=\"\" data-animation-delay=\"03\" style=\"font-size:15px;border-width:1px;border-style:none;background:#A58D52;color:#ffffff;border-color:#333333;\"><i class=\"icomoon-the7-font-the7-arrow-07\" ><\/i><\/div><div class=\"icon_description\" id=\"Info-list-wrap-6993\" style=\"font-size:15px;\"><div class=\"icon_description_text ult-responsive\"  data-ultimate-target='#Info-list-wrap-6993 .icon_description_text'  data-responsive-json-new='{\"font-size\":\"desktop:13px;\",\"line-height\":\"desktop:18px;\"}'  style=\"\"><p><span style=\"color: #ffffff;\"><strong>Automates the process and frees up labor<\/strong><\/span><\/p>\n<\/div><\/div><div class=\"icon_list_connector\"  style=\"border: none !important;\"><\/div><\/li><li class=\"icon_list_item\" style=\" font-size:45px;\"><div class=\"icon_list_icon\" data-animation=\"\" data-animation-delay=\"03\" style=\"font-size:15px;border-width:1px;border-style:none;background:#A58D52;color:#ffffff;border-color:#333333;\"><i class=\"icomoon-the7-font-the7-arrow-07\" ><\/i><\/div><div class=\"icon_description\" id=\"Info-list-wrap-6841\" style=\"font-size:15px;\"><div class=\"icon_description_text ult-responsive\"  data-ultimate-target='#Info-list-wrap-6841 .icon_description_text'  data-responsive-json-new='{\"font-size\":\"desktop:13px;\",\"line-height\":\"desktop:18px;\"}'  style=\"\"><p><span style=\"color: #ffffff;\"><strong>25 kg l\u00f8ftekapacitet. H\u00e5ndterer effektivt en bred vifte af produkter<\/strong><\/span><\/p>\n<\/div><\/div><div class=\"icon_list_connector\"  style=\"border: none !important;\"><\/div><\/li><\/ul><\/div>\n\t<div  class=\"wpb_single_image wpb_content_element vc_align_center  vc_custom_1755253469601\">\n\t\t\n\t\t<figure class=\"wpb_wrapper vc_figure\">\n\t\t\t<a href=\"https:\/\/woitech.dk\/wp-content\/uploads\/2025\/08\/Layout_Palletizing-cobot_02-scaled.jpg\" target=\"_self\" data-large_image_width=\"2560\" data-large_image_height=\"2560\"  class=\"vc_single_image-wrapper   vc_box_border_grey dt-pswp-item rollover rollover-zoom\"   ><img decoding=\"async\" class=\"vc_single_image-img\" src=\"https:\/\/woitech.dk\/wp-content\/uploads\/2025\/08\/Layout_Palletizing-cobot_02-scaled-800x400.jpg\" width=\"800\" height=\"400\" alt=\"Layout_Palletizing cobot_02\" title=\"Layout_Palletizing cobot_02\" loading=\"lazy\"  data-dt-location=\"https:\/\/woitech.dk\/en\/layout_palletizing-cobot_02\/\" \/><\/a>\n\t\t<\/figure>\n\t<\/div>\n<\/div><\/div><\/div><\/div><!-- Row Backgrounds --><div class=\"upb_bg_img\" data-ultimate-bg=\"url(https:\/\/woitech.dk\/wp-content\/uploads\/2025\/07\/fullscreen-copy.png)\" data-image-id=\"id^4384|url^https:\/\/woitech.dk\/wp-content\/uploads\/2025\/07\/fullscreen-copy.png|caption^null|alt^null|title^fullscreen copy|description^null\" data-ultimate-bg-style=\"vcpb-default\" data-bg-img-repeat=\"no-repeat\" data-bg-img-size=\"cover\" data-bg-img-position=\"\" data-parallx_sense=\"30\" data-bg-override=\"0\" data-bg_img_attach=\"scroll\" data-upb-overlay-color=\"\" data-upb-bg-animation=\"\" data-fadeout=\"\" data-bg-animation=\"left-animation\" data-bg-animation-type=\"h\" data-animation-repeat=\"repeat\" data-fadeout-percentage=\"30\" data-parallax-content=\"\" data-parallax-content-sense=\"30\" data-row-effect-mobile-disable=\"true\" data-img-parallax-mobile-disable=\"true\" data-rtl=\"false\"  data-custom-vc-row=\"\"  data-vc=\"8.7.2\"  data-is_old_vc=\"\"  data-theme-support=\"\"   data-overlay=\"false\" data-overlay-color=\"\" data-overlay-pattern=\"\" data-overlay-pattern-opacity=\"\" data-overlay-pattern-size=\"\"     data-hide-row=\" uvc_hidden-lg  uvc_hidden-ml  uvc_hidden-md  uvc_hidden-sm \" ><\/div><div class=\"vc_row wpb_row vc_row-fluid vc_custom_1756036988784 vc_row-has-fill vc_column-gap-20 vc_row-o-content-middle vc_row-flex\"><div class=\"wpb_column vc_column_container vc_col-sm-12\"><div class=\"vc_column-inner vc_custom_1754560089447\"><div class=\"wpb_wrapper\">\n\t<div class=\"wpb_text_column wpb_content_element  vc_custom_1755253514543\" >\n\t\t<div class=\"wpb_wrapper\">\n\t\t\t<h2 data-start=\"68\" data-end=\"130\"><span style=\"color: #ffffff;\"><strong data-start=\"68\" data-end=\"128\">Palletizing without breaks \u2013 fast, flexible, and safe<\/strong><\/span><\/h2>\n\n\t\t<\/div>\n\t<\/div>\n<div class=\"vc_row wpb_row vc_inner vc_row-fluid\"><div class=\"wpb_column vc_column_container vc_col-sm-6\"><div class=\"vc_column-inner\"><div class=\"wpb_wrapper\"><div class=\"smile_icon_list_wrap ult_info_list_container ult-adjust-bottom-margin\"><ul class=\"smile_icon_list left circle with_bg\"><li class=\"icon_list_item\" style=\" font-size:45px;\"><div class=\"icon_list_icon\" data-animation=\"\" data-animation-delay=\"03\" style=\"font-size:15px;border-width:1px;border-style:none;background:#A58D52;color:#ffffff;border-color:#333333;\"><i class=\"icomoon-the7-font-the7-arrow-07\" ><\/i><\/div><div class=\"icon_description\" id=\"Info-list-wrap-2905\" style=\"font-size:15px;\"><div class=\"icon_description_text ult-responsive\"  data-ultimate-target='#Info-list-wrap-2905 .icon_description_text'  data-responsive-json-new='{\"font-size\":\"desktop:13px;\",\"line-height\":\"desktop:18px;\"}'  style=\"\"><p><span style=\"color: #ffffff;\"><strong>Two pallet positions \u2013 enables continuous palletizing by switching pallets when one is full<\/strong><\/span><\/p>\n<\/div><\/div><div class=\"icon_list_connector\"  style=\"border: none !important;\"><\/div><\/li><li class=\"icon_list_item\" style=\" font-size:45px;\"><div class=\"icon_list_icon\" data-animation=\"\" data-animation-delay=\"03\" style=\"font-size:15px;border-width:1px;border-style:none;background:#A58D52;color:#ffffff;border-color:#333333;\"><i class=\"icomoon-the7-font-the7-arrow-07\" ><\/i><\/div><div class=\"icon_description\" id=\"Info-list-wrap-4069\" style=\"font-size:15px;\"><div class=\"icon_description_text ult-responsive\"  data-ultimate-target='#Info-list-wrap-4069 .icon_description_text'  data-responsive-json-new='{\"font-size\":\"desktop:13px;\",\"line-height\":\"desktop:18px;\"}'  style=\"\"><p><span style=\"color: #ffffff;\"><strong>Seamless integration \u2013 fits into existing production lines<\/strong><\/span><\/p>\n<\/div><\/div><div class=\"icon_list_connector\"  style=\"border: none !important;\"><\/div><\/li><li class=\"icon_list_item\" style=\" font-size:45px;\"><div class=\"icon_list_icon\" data-animation=\"\" data-animation-delay=\"03\" style=\"font-size:15px;border-width:1px;border-style:none;background:#A58D52;color:#ffffff;border-color:#333333;\"><i class=\"icomoon-the7-font-the7-arrow-07\" ><\/i><\/div><div class=\"icon_description\" id=\"Info-list-wrap-9042\" style=\"font-size:15px;\"><div class=\"icon_description_text ult-responsive\"  data-ultimate-target='#Info-list-wrap-9042 .icon_description_text'  data-responsive-json-new='{\"font-size\":\"desktop:13px;\",\"line-height\":\"desktop:18px;\"}'  style=\"\"><p><span style=\"color: #ffffff;\"><strong>Easy setup with quick adjustments<\/strong><\/span><\/p>\n<\/div><\/div><div class=\"icon_list_connector\"  style=\"border: none !important;\"><\/div><\/li><li class=\"icon_list_item\" style=\" font-size:45px;\"><div class=\"icon_list_icon\" data-animation=\"\" data-animation-delay=\"03\" style=\"font-size:15px;border-width:1px;border-style:none;background:#A58D52;color:#ffffff;border-color:#333333;\"><i class=\"icomoon-the7-font-the7-arrow-07\" ><\/i><\/div><div class=\"icon_description\" id=\"Info-list-wrap-2956\" style=\"font-size:15px;\"><div class=\"icon_description_text ult-responsive\"  data-ultimate-target='#Info-list-wrap-2956 .icon_description_text'  data-responsive-json-new='{\"font-size\":\"desktop:13px;\",\"line-height\":\"desktop:18px;\"}'  style=\"\"><p><span style=\"color: #ffffff;\"><strong>Automates the process and frees up labor<\/strong><\/span><\/p>\n<\/div><\/div><div class=\"icon_list_connector\"  style=\"border: none !important;\"><\/div><\/li><li class=\"icon_list_item\" style=\" font-size:45px;\"><div class=\"icon_list_icon\" data-animation=\"\" data-animation-delay=\"03\" style=\"font-size:15px;border-width:1px;border-style:none;background:#A58D52;color:#ffffff;border-color:#333333;\"><i class=\"icomoon-the7-font-the7-arrow-07\" ><\/i><\/div><div class=\"icon_description\" id=\"Info-list-wrap-9328\" style=\"font-size:15px;\"><div class=\"icon_description_text ult-responsive\"  data-ultimate-target='#Info-list-wrap-9328 .icon_description_text'  data-responsive-json-new='{\"font-size\":\"desktop:13px;\",\"line-height\":\"desktop:18px;\"}'  style=\"\"><p><span style=\"color: #ffffff;\"><strong>25 kg l\u00f8ftekapacitet. H\u00e5ndterer effektivt en bred vifte af produkter<\/strong><\/span><\/p>\n<\/div><\/div><div class=\"icon_list_connector\"  style=\"border: none !important;\"><\/div><\/li><\/ul><\/div><\/div><\/div><\/div><div class=\"wpb_column vc_column_container vc_col-sm-6\"><div class=\"vc_column-inner\"><div class=\"wpb_wrapper\">\n\t<div  class=\"wpb_single_image wpb_content_element vc_align_center  vc_custom_1755253469601\">\n\t\t\n\t\t<figure class=\"wpb_wrapper vc_figure\">\n\t\t\t<a href=\"https:\/\/woitech.dk\/wp-content\/uploads\/2025\/08\/Layout_Palletizing-cobot_02-scaled.jpg\" target=\"_self\" data-large_image_width=\"2560\" data-large_image_height=\"2560\"  class=\"vc_single_image-wrapper   vc_box_border_grey dt-pswp-item rollover rollover-zoom\"   ><img decoding=\"async\" class=\"vc_single_image-img\" src=\"https:\/\/woitech.dk\/wp-content\/uploads\/2025\/08\/Layout_Palletizing-cobot_02-scaled-800x400.jpg\" width=\"800\" height=\"400\" alt=\"Layout_Palletizing cobot_02\" title=\"Layout_Palletizing cobot_02\" loading=\"lazy\"  data-dt-location=\"https:\/\/woitech.dk\/en\/layout_palletizing-cobot_02\/\" \/><\/a>\n\t\t<\/figure>\n\t<\/div>\n<\/div><\/div><\/div><\/div><\/div><\/div><\/div><\/div><!-- Row Backgrounds --><div class=\"upb_bg_img\" data-ultimate-bg=\"url(https:\/\/woitech.dk\/wp-content\/uploads\/2025\/07\/fullscreen-copy.png)\" data-image-id=\"id^4384|url^https:\/\/woitech.dk\/wp-content\/uploads\/2025\/07\/fullscreen-copy.png|caption^null|alt^null|title^fullscreen copy|description^null\" data-ultimate-bg-style=\"vcpb-default\" data-bg-img-repeat=\"no-repeat\" data-bg-img-size=\"cover\" data-bg-img-position=\"\" data-parallx_sense=\"30\" data-bg-override=\"0\" data-bg_img_attach=\"scroll\" data-upb-overlay-color=\"\" data-upb-bg-animation=\"\" data-fadeout=\"\" data-bg-animation=\"left-animation\" data-bg-animation-type=\"h\" data-animation-repeat=\"repeat\" data-fadeout-percentage=\"30\" data-parallax-content=\"\" data-parallax-content-sense=\"30\" data-row-effect-mobile-disable=\"true\" data-img-parallax-mobile-disable=\"true\" data-rtl=\"false\"  data-custom-vc-row=\"\"  data-vc=\"8.7.2\"  data-is_old_vc=\"\"  data-theme-support=\"\"   data-overlay=\"false\" data-overlay-color=\"\" data-overlay-pattern=\"\" data-overlay-pattern-opacity=\"\" data-overlay-pattern-size=\"\"     data-hide-row=\" uvc_hidden-xs  uvc_hidden-xsl \" ><\/div><div class=\"vc_row wpb_row vc_row-fluid\"><div class=\"wpb_column vc_column_container vc_col-sm-12\"><div class=\"vc_column-inner\"><div class=\"wpb_wrapper\"><div class=\"ult-spacer spacer-69e6102883881\" data-id=\"69e6102883881\" data-height=\"75\" data-height-mobile=\"20\" data-height-tab=\"65\" data-height-tab-portrait=\"50\" data-height-mobile-landscape=\"30\" style=\"clear:both;display:block;\"><\/div><\/div><\/div><\/div><\/div><div class=\"vc_row wpb_row vc_row-fluid vc_column-gap-10 vc_row-o-content-top vc_row-flex\"><div class=\"wpb_column vc_column_container vc_col-sm-6 vc_hidden-lg vc_hidden-md\"><div class=\"vc_column-inner\"><div class=\"wpb_wrapper\"><section class=\"vc_cta3-container\"><div class=\"vc_general vc_do_cta3 vc_cta3 vc_cta3-style-outline vc_cta3-shape-rounded vc_cta3-align-left vc_cta3-color-classic vc_cta3-icon-size-md vc_cta3-actions-bottom vc_custom_1760086416504\"><div class=\"vc_cta3_content-container\"><div class=\"vc_cta3-content\"><header class=\"vc_cta3-content-header\"><\/header><p data-start=\"56\" data-end=\"319\">Optimize palletizing with our versatile Palletizing Cobot, which handles loads of up to 25 kg at speeds of up to 11 boxes per minute.\nWith two pallet positions, it ensures continuous operation by automatically switching to the next pallet when the first one is full.<\/p>\n<p data-start=\"321\" data-end=\"532\">The cobot operates safely without the need for safety guarding and can be easily programmed directly by operators.\nThis provides quick changeovers, high flexibility, and a stable production flow.<\/p>\n<\/div><div class=\"vc_cta3-actions\"><div class=\"vc_btn3-container vc_btn3-left\" ><a onmouseleave=\"this.style.borderColor='#A58D52'; this.style.backgroundColor='transparent'; this.style.color='#A58D52'\" onmouseenter=\"this.style.borderColor='#77663B'; this.style.backgroundColor='#77663B'; this.style.color='#fff';\" style=\"border-color:#A58D52; color:#A58D52;\" class=\"vc_general vc_btn3 vc_btn3-size-sm vc_btn3-shape-rounded vc_btn3-style-outline-custom\" href=\"https:\/\/woitech.dk\/en\/kontakt\/\" title=\"Contact\">Contact us for a quote<\/a><\/div><\/div><\/div><\/div><\/section><\/div><\/div><\/div><div class=\"wpb_column vc_column_container vc_col-sm-6 vc_hidden-lg vc_hidden-md\"><div class=\"vc_column-inner\"><div class=\"wpb_wrapper\">\n\t<div  class=\"wpb_single_image wpb_content_element vc_align_center  vc_custom_1755253805239\">\n\t\t\n\t\t<figure class=\"wpb_wrapper vc_figure\">\n\t\t\t<a href=\"https:\/\/woitech.dk\/wp-content\/uploads\/2025\/08\/Layout_Palletizing-cobot.jpg03-scaled-e1755253795757.jpg\" target=\"_self\" data-large_image_width=\"2560\" data-large_image_height=\"2052\"  class=\"vc_single_image-wrapper   vc_box_border_grey dt-pswp-item rollover rollover-zoom\"   ><img decoding=\"async\" class=\"vc_single_image-img\" src=\"https:\/\/woitech.dk\/wp-content\/uploads\/2025\/08\/Layout_Palletizing-cobot.jpg03-scaled-e1755253795757-700x500.jpg\" width=\"700\" height=\"500\" alt=\"Layout_Palletizing cobot.jpg03\" title=\"Layout_Palletizing cobot.jpg03\" loading=\"lazy\"  data-dt-location=\"https:\/\/woitech.dk\/en\/layout_palletizing-cobot-jpg03\/\" \/><\/a>\n\t\t<\/figure>\n\t<\/div>\n<\/div><\/div><\/div><\/div><div class=\"vc_row wpb_row vc_row-fluid vc_column-gap-10 vc_row-o-content-top vc_row-flex\"><div class=\"wpb_column vc_column_container vc_col-sm-6 vc_hidden-sm vc_hidden-xs\"><div class=\"vc_column-inner\"><div class=\"wpb_wrapper\"><section class=\"vc_cta3-container\"><div class=\"vc_general vc_do_cta3 vc_cta3 vc_cta3-style-outline vc_cta3-shape-rounded vc_cta3-align-left vc_cta3-color-classic vc_cta3-icon-size-md vc_cta3-actions-bottom vc_custom_1760086422879\"><div class=\"vc_cta3_content-container\"><div class=\"vc_cta3-content\"><header class=\"vc_cta3-content-header\"><\/header><p data-start=\"56\" data-end=\"319\">Optimize palletizing with our versatile Palletizing Cobot, which handles loads of up to 25 kg at speeds of up to 11 boxes per minute.\nWith two pallet positions, it ensures continuous operation by automatically switching to the next pallet when the first one is full.<\/p>\n<p data-start=\"321\" data-end=\"532\">The cobot operates safely without the need for safety guarding and can be easily programmed directly by operators.\nThis provides quick changeovers, high flexibility, and a stable production flow.<\/p>\n<\/div><div class=\"vc_cta3-actions\"><div class=\"vc_btn3-container vc_btn3-left\" ><a onmouseleave=\"this.style.borderColor='#A58D52'; this.style.backgroundColor='transparent'; this.style.color='#A58D52'\" onmouseenter=\"this.style.borderColor='#77663B'; this.style.backgroundColor='#77663B'; this.style.color='#fff';\" style=\"border-color:#A58D52; color:#A58D52;\" class=\"vc_general vc_btn3 vc_btn3-size-lg vc_btn3-shape-rounded vc_btn3-style-outline-custom\" href=\"https:\/\/woitech.dk\/en\/kontakt\/\" title=\"Contact\">Contact us for a quote<\/a><\/div><\/div><\/div><\/div><\/section><\/div><\/div><\/div><div class=\"wpb_column vc_column_container vc_col-sm-6 vc_hidden-sm vc_hidden-xs\"><div class=\"vc_column-inner\"><div class=\"wpb_wrapper\">\n\t<div  class=\"wpb_single_image wpb_content_element vc_align_center  vc_custom_1755253805239\">\n\t\t\n\t\t<figure class=\"wpb_wrapper vc_figure\">\n\t\t\t<a href=\"https:\/\/woitech.dk\/wp-content\/uploads\/2025\/08\/Layout_Palletizing-cobot.jpg03-scaled-e1755253795757.jpg\" target=\"_self\" data-large_image_width=\"2560\" data-large_image_height=\"2052\"  class=\"vc_single_image-wrapper   vc_box_border_grey dt-pswp-item rollover rollover-zoom\"   ><img decoding=\"async\" class=\"vc_single_image-img\" src=\"https:\/\/woitech.dk\/wp-content\/uploads\/2025\/08\/Layout_Palletizing-cobot.jpg03-scaled-e1755253795757-700x500.jpg\" width=\"700\" height=\"500\" alt=\"Layout_Palletizing cobot.jpg03\" title=\"Layout_Palletizing cobot.jpg03\" loading=\"lazy\"  data-dt-location=\"https:\/\/woitech.dk\/en\/layout_palletizing-cobot-jpg03\/\" \/><\/a>\n\t\t<\/figure>\n\t<\/div>\n<\/div><\/div><\/div><\/div><div class=\"vc_row wpb_row vc_row-fluid\"><div class=\"wpb_column vc_column_container vc_col-sm-12\"><div class=\"vc_column-inner\"><div class=\"wpb_wrapper\"><div class=\"ult-spacer spacer-69e6102884ab1\" data-id=\"69e6102884ab1\" data-height=\"75\" data-height-mobile=\"20\" data-height-tab=\"65\" data-height-tab-portrait=\"50\" data-height-mobile-landscape=\"30\" style=\"clear:both;display:block;\"><\/div><\/div><\/div><\/div><\/div><div class=\"vc_row wpb_row vc_row-fluid vc_custom_1754563888589 vc_row-o-content-middle vc_row-flex\"><div class=\"wpb_column vc_column_container vc_col-sm-12\"><div class=\"vc_column-inner\"><div class=\"wpb_wrapper\">\n\t<div class=\"wpb_text_column wpb_content_element  vc_custom_1759927769147\" >\n\t\t<div class=\"wpb_wrapper\">\n\t\t\t<h3 style=\"text-align: center;\"><span style=\"color: #ffffff;\">Do you want to hear more about how we can optimize your production?<\/span><\/h3>\n\n\t\t<\/div>\n\t<\/div>\n<style type=\"text\/css\" data-type=\"the7_shortcodes-inline-css\">#default-btn-f3f707a4af9c7dc64a3e912f94d8de45 {\n  border-radius: 3px;\n  font-size: 18px;\n  line-height: 20px;\n}\n.btn-shadow#default-btn-f3f707a4af9c7dc64a3e912f94d8de45 {\n  box-shadow: 0 1px 6px rgba(0,0,0,0.12);\n  transition: box-shadow 0.2s ease-out, opacity 0.45s;\n}\n.btn-shadow#default-btn-f3f707a4af9c7dc64a3e912f94d8de45:hover {\n  box-shadow: 0 5px 11px 0 rgba(0,0,0,0.18), 0 4px 15px 0 rgba(0,0,0,0.15);\n}\n.btn-3d#default-btn-f3f707a4af9c7dc64a3e912f94d8de45 {\n  box-shadow: 0px 2px 0px 0px #6a6250;\n}\n.btn-3d#default-btn-f3f707a4af9c7dc64a3e912f94d8de45:hover {\n  box-shadow: 0px 2px 0px 0px #423e32;\n}\n.btn-flat#default-btn-f3f707a4af9c7dc64a3e912f94d8de45 {\n  box-shadow: none;\n}\n.btn-flat#default-btn-f3f707a4af9c7dc64a3e912f94d8de45:hover {\n  box-shadow: none;\n}\n#default-btn-f3f707a4af9c7dc64a3e912f94d8de45.ico-right-side > i {\n  margin-right: 0px;\n  margin-left: 8px;\n}\n#default-btn-f3f707a4af9c7dc64a3e912f94d8de45 > i {\n  margin-right: 8px;\n  font-size: 25px;\n}\n#default-btn-f3f707a4af9c7dc64a3e912f94d8de45:not(:hover) {\n  border-width: 0px;\n  color: #ffffff;\n  background: #a58d52 !important;\n  padding: 25px 45px 25px 45px;\n}\n#default-btn-f3f707a4af9c7dc64a3e912f94d8de45:not(:hover) * {\n  color: #ffffff;\n}\n#default-btn-f3f707a4af9c7dc64a3e912f94d8de45:hover {\n  border-width: 0px;\n  color: #ffffff;\n  background: #77663b !important;\n  padding: 25px 45px 25px 45px;\n}\n#default-btn-f3f707a4af9c7dc64a3e912f94d8de45:hover * {\n  color: #ffffff;\n}\n#default-btn-f3f707a4af9c7dc64a3e912f94d8de45.ico-right-side > i {\n  margin-right: 0px;\n  margin-left: 8px;\n}\n#default-btn-f3f707a4af9c7dc64a3e912f94d8de45 > i {\n  margin-right: 8px;\n}\n<\/style><div class=\"btn-align-center\"><a href=\"https:\/\/woitech.dk\/en\/kontakt\/\" class=\"default-btn-shortcode dt-btn link-hover-off btn-shadow\" id=\"default-btn-f3f707a4af9c7dc64a3e912f94d8de45\" title=\"Contact\"><span>Book a non-binding meeting here!<\/span><\/a><\/div><\/div><\/div><\/div><\/div><!-- Row Backgrounds --><div class=\"upb_color\" data-bg-override=\"ex-full\" data-bg-color=\"#36415D\" data-fadeout=\"\" data-fadeout-percentage=\"30\" data-parallax-content=\"\" data-parallax-content-sense=\"30\" data-row-effect-mobile-disable=\"true\" data-img-parallax-mobile-disable=\"true\" data-rtl=\"false\"  data-custom-vc-row=\"\"  data-vc=\"8.7.2\"  data-is_old_vc=\"\"  data-theme-support=\"\"   data-overlay=\"false\" data-overlay-color=\"\" data-overlay-pattern=\"\" data-overlay-pattern-opacity=\"\" data-overlay-pattern-size=\"\"    ><\/div>\n<\/div>","protected":false},"excerpt":{"rendered":"<p>Palletering uden pauser \u2013 hurtig, fleksibel og sikker To pallepositioner. Muligg\u00f8r kontinuerlig palletering ved at skifte palle, n\u00e5r \u00e9n er fuld Problemfri integration. Passer ind i eksisterende produktionslinjer Nem ops\u00e6tning med hurtige justeringer Automatiserer processen og frig\u00f8r arbejdskraft 25 kg l\u00f8ftekapacitet. H\u00e5ndterer effektivt en bred vifte af produkter Palletering uden pauser \u2013 hurtig, fleksibel og&hellip;<\/p>","protected":false},"author":3,"featured_media":0,"parent":0,"menu_order":0,"comment_status":"closed","ping_status":"closed","template":"","meta":{"footnotes":""},"categories":[],"tags":[],"class_list":["post-5234","page","type-page","status-publish","hentry","description-off"],"_links":{"self":[{"href":"https:\/\/woitech.dk\/en\/wp-json\/wp\/v2\/pages\/5234","targetHints":{"allow":["GET"]}}],"collection":[{"href":"https:\/\/woitech.dk\/en\/wp-json\/wp\/v2\/pages"}],"about":[{"href":"https:\/\/woitech.dk\/en\/wp-json\/wp\/v2\/types\/page"}],"author":[{"embeddable":true,"href":"https:\/\/woitech.dk\/en\/wp-json\/wp\/v2\/users\/3"}],"replies":[{"embeddable":true,"href":"https:\/\/woitech.dk\/en\/wp-json\/wp\/v2\/comments?post=5234"}],"version-history":[{"count":16,"href":"https:\/\/woitech.dk\/en\/wp-json\/wp\/v2\/pages\/5234\/revisions"}],"predecessor-version":[{"id":5748,"href":"https:\/\/woitech.dk\/en\/wp-json\/wp\/v2\/pages\/5234\/revisions\/5748"}],"wp:attachment":[{"href":"https:\/\/woitech.dk\/en\/wp-json\/wp\/v2\/media?parent=5234"}],"wp:term":[{"taxonomy":"category","embeddable":true,"href":"https:\/\/woitech.dk\/en\/wp-json\/wp\/v2\/categories?post=5234"},{"taxonomy":"post_tag","embeddable":true,"href":"https:\/\/woitech.dk\/en\/wp-json\/wp\/v2\/tags?post=5234"}],"curies":[{"name":"wp","href":"https:\/\/api.w.org\/{rel}","templated":true}]}}